{"id":85421,"date":"2024-12-28T08:35:11","date_gmt":"2024-12-28T07:35:11","guid":{"rendered":"https:\/\/fysiolab.dk\/product\/rehabmedic-selvklebende-skum-til-bandasjeunderlag\/"},"modified":"2025-12-18T09:20:55","modified_gmt":"2025-12-18T08:20:55","slug":"rehabmedic-selvklebende-skum-til-bandasjeunderlag","status":"publish","type":"product","link":"https:\/\/fysiolab.dk\/no\/product\/rehabmedic-selvklebende-skum-til-bandasjeunderlag\/","title":{"rendered":"RehabMedic selvklebende skum til bandasjeunderlag"},"content":{"rendered":"<p><strong>RehabMedic Adhesive Foam for Bandage Padding - Komfort og beskyttelse<\/strong><\/p>\n<p>RehabMedic Adhesive Foam er en ideell l\u00f8sning for polstring av bandasjer, og gir ekstra komfort og effektiv beskyttelse mot trykk og blemmer. Den selvklebende baksiden gj\u00f8r det enkelt \u00e5 holde skummet p\u00e5 plass under bandasjen, noe som sikrer en stabil og presis p\u00e5f\u00f8ring. <\/p>\n<p><strong>Produktdetaljer:<\/strong><\/p>\n<ul>\n<li>M\u00e5lsettinger:\n<ul>\n<li>0,62 x 12,7 x 183 cm<\/li>\n<li>0,32 x 12,7 x 183 cm<\/li>\n<\/ul>\n<\/li>\n<\/ul>\n<p><strong>Fordeler:<\/strong><\/p>\n<ul>\n<li>Selvklebende bakside for enkel og stabil plassering<\/li>\n<li>Reduserer risikoen for trykkskader og blemmer<\/li>\n<li>Mykt og fleksibelt skum som tilpasser seg kroppens form<\/li>\n<li>Perfekt til bruk under bandasjer og st\u00f8ttebandasjer<\/li>\n<\/ul>\n<p><strong>RehabMedic Adhesive Foam er et must-have for alle som \u00f8nsker ekstra beskyttelse og komfort ved bandasjering. Egnet for idrettsut\u00f8vere, terapeuter og hjemmebruk. <\/strong><\/p>\n","protected":false},"excerpt":{"rendered":"<p><strong>RehabMedic Adhesive Foam er en ideell l\u00f8sning for polstring av bandasjer, og gir ekstra komfort og effektiv beskyttelse mot trykk og blemmer. Den selvklebende baksiden gj\u00f8r det enkelt \u00e5 holde skummet p\u00e5 plass under bandasjen, noe som sikrer en stabil og presis p\u00e5f\u00f8ring. Tilgjengelig i 2 tykkelser: 0,32 cm og 0,62 cm  <\/strong><\/p>\n","protected":false},"featured_media":85426,"comment_status":"closed","ping_status":"closed","template":"","meta":{"_acf_changed":false},"product_brand":[],"product_cat":[2413,1948,1937,1943,1941,2087],"product_tag":[1944],"class_list":{"0":"post-85421","1":"product","2":"type-product","3":"status-publish","4":"has-post-thumbnail","6":"product_cat-dressinger-og-wraps","7":"product_cat-klinikk","8":"product_cat-merkevarer","9":"product_cat-rehabmedic-no","10":"product_cat-rekonvalesens-og-sportspleie","11":"product_cat-tape-no-2","12":"product_tag-rehabmedic-no","14":"first","15":"instock","16":"taxable","17":"shipping-taxable","18":"purchasable","19":"product-type-variable"},"acf":[],"_links":{"self":[{"href":"https:\/\/fysiolab.dk\/no\/wp-json\/wp\/v2\/product\/85421","targetHints":{"allow":["GET"]}}],"collection":[{"href":"https:\/\/fysiolab.dk\/no\/wp-json\/wp\/v2\/product"}],"about":[{"href":"https:\/\/fysiolab.dk\/no\/wp-json\/wp\/v2\/types\/product"}],"replies":[{"embeddable":true,"href":"https:\/\/fysiolab.dk\/no\/wp-json\/wp\/v2\/comments?post=85421"}],"wp:featuredmedia":[{"embeddable":true,"href":"https:\/\/fysiolab.dk\/no\/wp-json\/wp\/v2\/media\/85426"}],"wp:attachment":[{"href":"https:\/\/fysiolab.dk\/no\/wp-json\/wp\/v2\/media?parent=85421"}],"wp:term":[{"taxonomy":"product_brand","embeddable":true,"href":"https:\/\/fysiolab.dk\/no\/wp-json\/wp\/v2\/product_brand?post=85421"},{"taxonomy":"product_cat","embeddable":true,"href":"https:\/\/fysiolab.dk\/no\/wp-json\/wp\/v2\/product_cat?post=85421"},{"taxonomy":"product_tag","embeddable":true,"href":"https:\/\/fysiolab.dk\/no\/wp-json\/wp\/v2\/product_tag?post=85421"}],"curies":[{"name":"wp","href":"https:\/\/api.w.org\/{rel}","templated":true}]}}