{"id":85425,"date":"2024-12-29T15:37:10","date_gmt":"2024-12-29T14:37:10","guid":{"rendered":"https:\/\/fysiolab.dk\/product\/2toms-buttshield-friksjonsbeskyttelse\/"},"modified":"2025-12-18T09:20:54","modified_gmt":"2025-12-18T08:20:54","slug":"2toms-buttshield-friksjonsbeskyttelse","status":"publish","type":"product","link":"https:\/\/fysiolab.dk\/no\/product\/2toms-buttshield-friksjonsbeskyttelse\/","title":{"rendered":"2Toms ButtShield Friction Protection (trusefett)"},"content":{"rendered":"<p><strong>Produktbeskrivelse: 2Toms ButtShield Roll-on 45 ml og engangsserviett<\/strong><\/p>\n<p><strong>Effektiv beskyttelse mot friksjon og irritasjon<\/strong><br \/>\n2Toms ButtShield buksefett er den ultimate l\u00f8sningen for \u00e5 unng\u00e5 ubehag, irritasjon og gnags\u00e5r for\u00e5rsaket av friksjon. Enten du l\u00f8per, sykler, g\u00e5r p\u00e5 tur eller bare er p\u00e5 farten, gir ButtShield langvarig og p\u00e5litelig beskyttelse slik at du kan fokusere p\u00e5 aktivitetene dine uten bekymringer. <\/p>\n<p><strong>ButtShield Roll-on (45 ml):<\/strong><\/p>\n<ul>\n<li>Praktisk roll-on-applikator for enkel og jevn p\u00e5f\u00f8ring.<\/li>\n<li>Skaper en usynlig, ikke-fettete barriere mot gnags\u00e5r og irritasjon.<\/li>\n<li>Vann- og svettebestandig for maksimal holdbarhet under krevende forhold.<\/li>\n<li>Ideell for l\u00e5r, rumpe og andre utsatte omr\u00e5der.<\/li>\n<\/ul>\n<p><strong>ButtShield engangsserviett:<\/strong><\/p>\n<ul>\n<li>Perfekt for bruk p\u00e5 farten eller til engangsbruk.<\/li>\n<li>Enkel \u00e5 bruke - bare gni servietten over det \u00f8nskede omr\u00e5det for rask beskyttelse.<\/li>\n<li>Samme effektive formel som roll-on.<\/li>\n<\/ul>\n<p><strong>Bruk:<\/strong><br \/>\nP\u00e5f\u00f8r ButtShield p\u00e5 ren og t\u00f8rr hud som er utsatt for friksjon. Bruk roll-on hjemme eller v\u00e5tserviettene for en rask l\u00f8sning n\u00e5r du er p\u00e5 farten. <\/p>\n<p><strong>Fordeler:<\/strong><\/p>\n<ul>\n<li>Forhindrer effektivt gnags\u00e5r og ubehag.<\/li>\n<li>Langvarig effekt - holder deg beskyttet hele dagen.<\/li>\n<li>Dermatologisk testet og sk\u00e5nsom mot huden.<\/li>\n<\/ul>\n<p><strong>Innhold:<\/strong><br \/>\nRoll-on: 45 ml - lett \u00e5 ha med seg i sportsbagen.<br \/>\nServiett: Praktisk engangsformat for reise eller trening.<\/p>\n<p><strong>Sett en stopper for friksjon og ubehag med 2Toms ButtShield - huden din vil takke deg!<\/strong><\/p>\n","protected":false},"excerpt":{"rendered":"<p><strong>2Toms ButtShield er den ultimate l\u00f8sningen for \u00e5 unng\u00e5 ubehag, irritasjon og gnags\u00e5r for\u00e5rsaket av friksjon. Enten du l\u00f8per, sykler, g\u00e5r fotturer eller bare er p\u00e5 farten, s\u00f8rger ButtShield for langvarig og p\u00e5litelig beskyttelse, slik at du kan fokusere p\u00e5 aktivitetene dine uten bekymringer. <\/strong><\/p>\n","protected":false},"featured_media":85434,"comment_status":"closed","ping_status":"closed","template":"","meta":{"_acf_changed":false},"product_brand":[3131],"product_cat":[2840,1948,1937,2453],"product_tag":[2910],"class_list":{"0":"post-85425","1":"product","2":"type-product","3":"status-publish","4":"has-post-thumbnail","6":"product_brand-2toms","7":"product_cat-2toms-no","8":"product_cat-klinikk","9":"product_cat-merkevarer","10":"product_cat-salve-no-2","11":"product_tag-2toms-no","13":"first","14":"instock","15":"taxable","16":"shipping-taxable","17":"purchasable","18":"product-type-variable"},"acf":[],"_links":{"self":[{"href":"https:\/\/fysiolab.dk\/no\/wp-json\/wp\/v2\/product\/85425","targetHints":{"allow":["GET"]}}],"collection":[{"href":"https:\/\/fysiolab.dk\/no\/wp-json\/wp\/v2\/product"}],"about":[{"href":"https:\/\/fysiolab.dk\/no\/wp-json\/wp\/v2\/types\/product"}],"replies":[{"embeddable":true,"href":"https:\/\/fysiolab.dk\/no\/wp-json\/wp\/v2\/comments?post=85425"}],"wp:featuredmedia":[{"embeddable":true,"href":"https:\/\/fysiolab.dk\/no\/wp-json\/wp\/v2\/media\/85434"}],"wp:attachment":[{"href":"https:\/\/fysiolab.dk\/no\/wp-json\/wp\/v2\/media?parent=85425"}],"wp:term":[{"taxonomy":"product_brand","embeddable":true,"href":"https:\/\/fysiolab.dk\/no\/wp-json\/wp\/v2\/product_brand?post=85425"},{"taxonomy":"product_cat","embeddable":true,"href":"https:\/\/fysiolab.dk\/no\/wp-json\/wp\/v2\/product_cat?post=85425"},{"taxonomy":"product_tag","embeddable":true,"href":"https:\/\/fysiolab.dk\/no\/wp-json\/wp\/v2\/product_tag?post=85425"}],"curies":[{"name":"wp","href":"https:\/\/api.w.org\/{rel}","templated":true}]}}