{"id":85431,"date":"2024-12-27T23:30:11","date_gmt":"2024-12-27T22:30:11","guid":{"rendered":"https:\/\/fysiolab.dk\/product\/rehabmedic-selvklebende-strekkbaand\/"},"modified":"2025-12-18T09:20:55","modified_gmt":"2025-12-18T08:20:55","slug":"rehabmedic-selvklebende-strekkbaand","status":"publish","type":"product","link":"https:\/\/fysiolab.dk\/no\/product\/rehabmedic-selvklebende-strekkbaand\/","title":{"rendered":"RehabMedic Selvklebende strekkb\u00e5nd"},"content":{"rendered":"<p><strong>RehabMedic Selvklebende strekkb\u00e5nd - rask og effektiv beskyttelse<\/strong><\/p>\n<p>RehabMedic Adhesive Stretch Tape er en selvklebende elastisk bandasje som gir effektiv st\u00f8tte og beskyttelse ved akutte skader. Den er enkel \u00e5 p\u00e5f\u00f8re og kan raskt rives av med fingrene, noe som gj\u00f8r den ideell for b\u00e5de profesjonelle og hjemmebrukere. <\/p>\n<p><strong>Produktdetaljer:<\/strong><\/p>\n<ul>\n<li>Farger: Hvit, svart og beige<\/li>\n<li>Bredder: 5 cm og 7,5 cm<\/li>\n<li>Lengde: 4,6 meter<\/li>\n<\/ul>\n<p><strong>Fordeler:<\/strong><\/p>\n<ul>\n<li>Selvklebende design - holder seg sikkert p\u00e5 plass under aktivitet<\/li>\n<li>Elastisk og fleksibel - tilpasser seg kroppens form og bevegelser<\/li>\n<li>Lett \u00e5 h\u00e5ndtere - kan rives av uten bruk av saks<\/li>\n<li>Perfekt for beskyttelse og stabilisering ved akutte skader<\/li>\n<\/ul>\n<p><strong>RehabMedic Adhesive Stretch Tape er et praktisk og p\u00e5litelig valg for skadebehandling og forebygging, enten du er p\u00e5 farten, p\u00e5 banen eller hjemme.<\/strong><\/p>\n","protected":false},"excerpt":{"rendered":"<p><strong>RehabMedic Adhesive Stretch Tape er en selvklebende elastisk bandasje som gir effektiv st\u00f8tte og beskyttelse ved akutte skader. Den er enkel \u00e5 p\u00e5f\u00f8re og kan raskt rives av med fingrene, noe som gj\u00f8r den ideell for b\u00e5de profesjonelle og hjemmebrukere. Tilgjengelig i fargene: Hvit, svart og beige. Bredde 5 cm og 7,5 cm, begge med en lengde p\u00e5 4,6 m   <\/strong><\/p>\n","protected":false},"featured_media":85449,"comment_status":"closed","ping_status":"closed","template":"","meta":{"_acf_changed":false},"product_brand":[],"product_cat":[2413,1942,1948,2415,1937,1943,1941,2087],"product_tag":[1944],"class_list":{"0":"post-85431","1":"product","2":"type-product","3":"status-publish","4":"has-post-thumbnail","6":"product_cat-dressinger-og-wraps","7":"product_cat-foerstehjelp","8":"product_cat-klinikk","9":"product_cat-komprimering","10":"product_cat-merkevarer","11":"product_cat-rehabmedic-no","12":"product_cat-rekonvalesens-og-sportspleie","13":"product_cat-tape-no-2","14":"product_tag-rehabmedic-no","16":"first","17":"instock","18":"taxable","19":"shipping-taxable","20":"purchasable","21":"product-type-variable"},"acf":[],"_links":{"self":[{"href":"https:\/\/fysiolab.dk\/no\/wp-json\/wp\/v2\/product\/85431","targetHints":{"allow":["GET"]}}],"collection":[{"href":"https:\/\/fysiolab.dk\/no\/wp-json\/wp\/v2\/product"}],"about":[{"href":"https:\/\/fysiolab.dk\/no\/wp-json\/wp\/v2\/types\/product"}],"replies":[{"embeddable":true,"href":"https:\/\/fysiolab.dk\/no\/wp-json\/wp\/v2\/comments?post=85431"}],"wp:featuredmedia":[{"embeddable":true,"href":"https:\/\/fysiolab.dk\/no\/wp-json\/wp\/v2\/media\/85449"}],"wp:attachment":[{"href":"https:\/\/fysiolab.dk\/no\/wp-json\/wp\/v2\/media?parent=85431"}],"wp:term":[{"taxonomy":"product_brand","embeddable":true,"href":"https:\/\/fysiolab.dk\/no\/wp-json\/wp\/v2\/product_brand?post=85431"},{"taxonomy":"product_cat","embeddable":true,"href":"https:\/\/fysiolab.dk\/no\/wp-json\/wp\/v2\/product_cat?post=85431"},{"taxonomy":"product_tag","embeddable":true,"href":"https:\/\/fysiolab.dk\/no\/wp-json\/wp\/v2\/product_tag?post=85431"}],"curies":[{"name":"wp","href":"https:\/\/api.w.org\/{rel}","templated":true}]}}