{"id":85436,"date":"2024-12-29T10:21:34","date_gmt":"2024-12-29T09:21:34","guid":{"rendered":"https:\/\/fysiolab.dk\/product\/gymnic-massasjeball\/"},"modified":"2025-12-18T09:20:55","modified_gmt":"2025-12-18T08:20:55","slug":"gymnic-massasjeball","status":"publish","type":"product","link":"https:\/\/fysiolab.dk\/no\/product\/gymnic-massasjeball\/","title":{"rendered":"Gymnic Massasjeball"},"content":{"rendered":"<p><strong>Gymnic Reflekterende baller - enkel og effektiv sansestimulering<\/strong><\/p>\n<p>Gymnic Reflex Balls egner seg til sansestimulering, motorisk trening og terapeutisk bruk. Den piggete overflaten stimulerer ber\u00f8ringssansen og kan brukes til \u00e5 forbedre kroppsbevissthet, konsentrasjon og ro. <\/p>\n<p>Anbefales til samstimulering og behandling<br \/>\nBallene er et godt valg for b\u00e5de profesjonelle terapeuter og pedagogisk personale - egnet til bruk i fysioterapi, ergoterapi, spesialundervisning og sanseintegrering.<\/p>\n<p>Finnes <strong>i flere st\u00f8rrelser:<\/strong><br \/>\n\u00d85, 6, 7, 8, 9 og 10 cm - slik at du enkelt kan tilpasse ballene til ulike behov og aldersgrupper.<\/p>\n<p>Et allsidig verkt\u00f8y som gj\u00f8r det enkelt \u00e5 jobbe m\u00e5lrettet med sansestimulering - b\u00e5de i profesjonelle omgivelser og hjemme.<\/p>\n","protected":false},"excerpt":{"rendered":"<p><strong>Gymnic Reflex Balls egner seg til sansestimulering, motorisk trening og terapeutisk bruk. Den piggete overflaten stimulerer ber\u00f8ringssansen og kan brukes til \u00e5 forbedre kroppsbevissthet, konsentrasjon og ro. <\/strong><\/p>\n","protected":false},"featured_media":85466,"comment_status":"closed","ping_status":"closed","template":"","meta":{"_acf_changed":false},"product_brand":[],"product_cat":[1958,1948,2362,1937],"product_tag":[1959,1944],"class_list":{"0":"post-85436","1":"product","2":"type-product","3":"status-publish","4":"has-post-thumbnail","6":"product_cat-gymnic-no","7":"product_cat-klinikk","8":"product_cat-massasjeballer-og-skumruller","9":"product_cat-merkevarer","10":"product_tag-gymnic-no","11":"product_tag-rehabmedic-no","13":"first","14":"instock","15":"taxable","16":"shipping-taxable","17":"purchasable","18":"product-type-variable"},"acf":[],"_links":{"self":[{"href":"https:\/\/fysiolab.dk\/no\/wp-json\/wp\/v2\/product\/85436","targetHints":{"allow":["GET"]}}],"collection":[{"href":"https:\/\/fysiolab.dk\/no\/wp-json\/wp\/v2\/product"}],"about":[{"href":"https:\/\/fysiolab.dk\/no\/wp-json\/wp\/v2\/types\/product"}],"replies":[{"embeddable":true,"href":"https:\/\/fysiolab.dk\/no\/wp-json\/wp\/v2\/comments?post=85436"}],"wp:featuredmedia":[{"embeddable":true,"href":"https:\/\/fysiolab.dk\/no\/wp-json\/wp\/v2\/media\/85466"}],"wp:attachment":[{"href":"https:\/\/fysiolab.dk\/no\/wp-json\/wp\/v2\/media?parent=85436"}],"wp:term":[{"taxonomy":"product_brand","embeddable":true,"href":"https:\/\/fysiolab.dk\/no\/wp-json\/wp\/v2\/product_brand?post=85436"},{"taxonomy":"product_cat","embeddable":true,"href":"https:\/\/fysiolab.dk\/no\/wp-json\/wp\/v2\/product_cat?post=85436"},{"taxonomy":"product_tag","embeddable":true,"href":"https:\/\/fysiolab.dk\/no\/wp-json\/wp\/v2\/product_tag?post=85436"}],"curies":[{"name":"wp","href":"https:\/\/api.w.org\/{rel}","templated":true}]}}