{"id":85459,"date":"2024-12-27T10:42:18","date_gmt":"2024-12-27T09:42:18","guid":{"rendered":"https:\/\/fysiolab.dk\/product\/rehabmedic-all-strap-sportstape-ikke-elastisk\/"},"modified":"2025-12-18T09:20:56","modified_gmt":"2025-12-18T08:20:56","slug":"rehabmedic-all-strap-sportstape-ikke-elastisk","status":"publish","type":"product","link":"https:\/\/fysiolab.dk\/no\/product\/rehabmedic-all-strap-sportstape-ikke-elastisk\/","title":{"rendered":"RehabMedic All-Strap sportstape (ikke-elastisk)"},"content":{"rendered":"<p><strong>RehabMedic All Strap Tape - Den beste og sterkeste ikke-elastiske sportsteipen<\/strong><\/p>\n<p>RehabMedic All Strap Tape er den ultimate uelastiske sportsteipen for maksimal st\u00f8tte og stabilitet. Den er designet for \u00e5 v\u00e6re b\u00e5de sterk og enkel \u00e5 jobbe med, og er det foretrukne valget for profesjonelle idrettsut\u00f8vere og terapeuter. <\/p>\n<p><strong>Produktbeskrivelse:<\/strong><br \/>\nRehabMedic All Strap Tape er en uelastisk sportstape som gir overlegen stabilisering og beskyttelse av ledd og muskler. Den ekstra sterke klebeevnen s\u00f8rger for at den holder seg p\u00e5 plass selv under de mest krevende forhold, samtidig som det lateksfrie materialet gj\u00f8r den sk\u00e5nsom mot huden. <\/p>\n<p>En klar fordel med tapen er at den er enkel \u00e5 bruke - den kan rives av med fingrene, slik at du slipper \u00e5 bruke saks. Ideell til b\u00e5de forebygging og behandling av skader under idrett og fysisk aktivitet. <\/p>\n<p><strong>Tilgjengelige st\u00f8rrelser:<\/strong><\/p>\n<ul>\n<li>2,5 cm x 10 m: Perfekt for mindre omr\u00e5der og presis teiping.  <strong>48 stk i en eske<\/strong><\/li>\n<li>3,8 cm x 10 m: Allroundst\u00f8rrelse for generell bruk.  <strong>32 stk i en eske  <\/strong><\/li>\n<li>5 cm x 10 m: Egnet for st\u00f8rre omr\u00e5der og ekstra stabilitet.  <strong>24 stk i en eske<\/strong><\/li>\n<\/ul>\n<p><strong>Funksjoner:<\/strong><\/p>\n<ul>\n<li>Farge: Hvit<\/li>\n<li>Uelastisk for maksimal st\u00f8tte og stabilitet<\/li>\n<li>Ekstra sterk og holdbar - den beste sportsteipen for intensiv bruk<\/li>\n<li>Lett \u00e5 rive av med fingrene - ikke behov for saks<\/li>\n<li>Lateksfri og hudvennlig<\/li>\n<li>Utmerket vedheft som varer gjennom hele aktiviteten<\/li>\n<\/ul>\n<p><strong>Bruk:<\/strong><br \/>\nIdeell for stabilisering av ledd som ankler, kn\u00e6r, h\u00e5ndledd eller skuldre. Brukes ofte av profesjonelle idrettsut\u00f8vere, fysioterapeuter og trenere for \u00e5 forebygge og behandle idrettsskader der det er behov for uelastisk st\u00f8tte. <\/p>\n<p>Velg den st\u00f8rrelsen som passer dine behov, og oppdag hvorfor RehabMedic All Strap Tape er den sterkeste og mest p\u00e5litelige sportsteipen p\u00e5 markedet.<\/p>\n","protected":false},"excerpt":{"rendered":"<p><strong>RehabMedic All Strap Tape er den ultimate uelastiske sportsteipen for maksimal st\u00f8tte og stabilitet. Den er designet for \u00e5 v\u00e6re b\u00e5de sterk og enkel \u00e5 jobbe med, og er det foretrukne valget for profesjonelle idrettsut\u00f8vere og terapeuter. <\/strong><\/p>\n","protected":false},"featured_media":85482,"comment_status":"closed","ping_status":"closed","template":"","meta":{"_acf_changed":false},"product_brand":[],"product_cat":[1948,1937,1943,1941,2440,2087],"product_tag":[1944],"class_list":{"0":"post-85459","1":"product","2":"type-product","3":"status-publish","4":"has-post-thumbnail","6":"product_cat-klinikk","7":"product_cat-merkevarer","8":"product_cat-rehabmedic-no","9":"product_cat-rekonvalesens-og-sportspleie","10":"product_cat-sportsteip","11":"product_cat-tape-no-2","12":"product_tag-rehabmedic-no","14":"first","15":"instock","16":"taxable","17":"shipping-taxable","18":"purchasable","19":"product-type-variable"},"acf":[],"_links":{"self":[{"href":"https:\/\/fysiolab.dk\/no\/wp-json\/wp\/v2\/product\/85459","targetHints":{"allow":["GET"]}}],"collection":[{"href":"https:\/\/fysiolab.dk\/no\/wp-json\/wp\/v2\/product"}],"about":[{"href":"https:\/\/fysiolab.dk\/no\/wp-json\/wp\/v2\/types\/product"}],"replies":[{"embeddable":true,"href":"https:\/\/fysiolab.dk\/no\/wp-json\/wp\/v2\/comments?post=85459"}],"wp:featuredmedia":[{"embeddable":true,"href":"https:\/\/fysiolab.dk\/no\/wp-json\/wp\/v2\/media\/85482"}],"wp:attachment":[{"href":"https:\/\/fysiolab.dk\/no\/wp-json\/wp\/v2\/media?parent=85459"}],"wp:term":[{"taxonomy":"product_brand","embeddable":true,"href":"https:\/\/fysiolab.dk\/no\/wp-json\/wp\/v2\/product_brand?post=85459"},{"taxonomy":"product_cat","embeddable":true,"href":"https:\/\/fysiolab.dk\/no\/wp-json\/wp\/v2\/product_cat?post=85459"},{"taxonomy":"product_tag","embeddable":true,"href":"https:\/\/fysiolab.dk\/no\/wp-json\/wp\/v2\/product_tag?post=85459"}],"curies":[{"name":"wp","href":"https:\/\/api.w.org\/{rel}","templated":true}]}}