{"id":85475,"date":"2024-12-28T20:16:11","date_gmt":"2024-12-28T19:16:11","guid":{"rendered":"https:\/\/fysiolab.dk\/product\/sklz-pass-around\/"},"modified":"2025-12-18T09:20:55","modified_gmt":"2025-12-18T08:20:55","slug":"sklz-pass-around","status":"publish","type":"product","link":"https:\/\/fysiolab.dk\/no\/product\/sklz-pass-around\/","title":{"rendered":"SKLZ Pass Around"},"content":{"rendered":"<p id=\"tw-target-text\" class=\"tw-data-text tw-text-large tw-ta\" dir=\"ltr\" data-placeholder=\"Overs\u00e6ttelse\" data-ved=\"2ahUKEwiztrbtmsuKAxVuJRAIHeBYHwwQ3ewLegQIDBAU\" aria-label=\"Oversat tekst: Pass Around er en station\u00e6r pasningstr\u00e6ner, der hj\u00e6lper atleter med at forbedre deres afleveringer, boldkontrol, rytme og overordnede ber\u00f8ring. Designet til at arbejde p\u00e5 b\u00e5de h\u00f8jre og venstre fodarbejde, n\u00e5r det \u00f8ves konsekvent, kan det forbedre deres generelle tr\u00e6ning. Solo-tr\u00e6neren giver \u00f8jeblikkelig feedback, hvis bolden sparkes forkert, hvilket g\u00f8r det muligt for atleter at justere deres teknik for at \u00f8ve n\u00f8jagtighed. Tr\u00e6nerens enkle design drejer fodbolden frit med et 360-drejeligt design, s\u00e5 rotationen er j\u00e6vn og giver en realistisk fornemmelse, n\u00e5r den sparkes. Forankring og fastg\u00f8r nemt spiralpiggen i gr\u00e6sset til tr\u00e6ning. Designet med en reguleringsfodbold i st\u00f8rrelse 5. Et sjovt og effektivt v\u00e6rkt\u00f8j hj\u00e6lper atleter med at spille og tr\u00e6ne for at blive bedre p\u00e5 banen p\u00e5 spilledagen.\"><span class=\"Y2IQFc\" lang=\"da\">Pass Around er en stasjon\u00e6r pasningstrener som hjelper ut\u00f8verne med \u00e5 forbedre pasningsspillet, ballkontrollen, rytmen og det generelle touchet. Den er utviklet for \u00e5 trene b\u00e5de h\u00f8yre og venstre fotarbeid, og n\u00e5r den brukes konsekvent, kan den forbedre den generelle treningen. Solo Trainer gir umiddelbar tilbakemelding hvis ballen sparkes feil, slik at ut\u00f8verne kan justere teknikken for \u00e5 trene p\u00e5 n\u00f8yaktighet. Pass Around har en enkel design som gj\u00f8r at fotballen snurrer fritt med en 360-graders svingbar design for jevn rotasjon og en realistisk f\u00f8lelse n\u00e5r den sparkes. Spiralspissen kan enkelt forankres og festes i gresset under trening. Designet med en fotball i st\u00f8rrelse 5. Et morsomt og effektivt verkt\u00f8y som hjelper ut\u00f8verne med \u00e5 spille og trene for \u00e5 bli bedre p\u00e5 banen p\u00e5 kampdagen.     <\/span><\/p>\n","protected":false},"excerpt":{"rendered":"<p id=\"tw-target-text\" class=\"tw-data-text tw-text-large tw-ta\" dir=\"ltr\" data-placeholder=\"Overs\u00e6ttelse\" data-ved=\"2ahUKEwiztrbtmsuKAxVuJRAIHeBYHwwQ3ewLegQIDBAU\" aria-label=\"Oversat tekst: Station\u00e6r pasningstr\u00e6ner designet til at hj\u00e6lpe med at forbedre atletens afleveringer, boldkontrol, rytme og overordnede ber\u00f8ring. Atleter kan udvikle b\u00e5de h\u00f8jre og venstre fodarbejde.\"><span class=\"Y2IQFc\" lang=\"da\">Stasjon\u00e6r pasningstrener som er utviklet for \u00e5 forbedre spillerens pasninger, ballkontroll, rytme og generelle touch. Spilleren kan utvikle b\u00e5de h\u00f8yre og venstre fotarbeid. <\/span><\/p>\n","protected":false},"featured_media":85485,"comment_status":"closed","ping_status":"closed","template":"","meta":{"_acf_changed":false},"product_brand":[],"product_cat":[2218,1937,2207,2208,2220,1945],"product_tag":[2210],"class_list":{"0":"post-85475","1":"product","2":"type-product","3":"status-publish","4":"has-post-thumbnail","6":"product_cat-fotball-og-fotball","7":"product_cat-merkevarer","8":"product_cat-sklz-no","9":"product_cat-sklz-no-2","10":"product_cat-sklz-fotball","11":"product_cat-treningsutstyr","12":"product_tag-sklz-no","14":"first","15":"instock","16":"sale","17":"taxable","18":"shipping-taxable","19":"purchasable","20":"product-type-simple"},"acf":[],"_links":{"self":[{"href":"https:\/\/fysiolab.dk\/no\/wp-json\/wp\/v2\/product\/85475","targetHints":{"allow":["GET"]}}],"collection":[{"href":"https:\/\/fysiolab.dk\/no\/wp-json\/wp\/v2\/product"}],"about":[{"href":"https:\/\/fysiolab.dk\/no\/wp-json\/wp\/v2\/types\/product"}],"replies":[{"embeddable":true,"href":"https:\/\/fysiolab.dk\/no\/wp-json\/wp\/v2\/comments?post=85475"}],"wp:featuredmedia":[{"embeddable":true,"href":"https:\/\/fysiolab.dk\/no\/wp-json\/wp\/v2\/media\/85485"}],"wp:attachment":[{"href":"https:\/\/fysiolab.dk\/no\/wp-json\/wp\/v2\/media?parent=85475"}],"wp:term":[{"taxonomy":"product_brand","embeddable":true,"href":"https:\/\/fysiolab.dk\/no\/wp-json\/wp\/v2\/product_brand?post=85475"},{"taxonomy":"product_cat","embeddable":true,"href":"https:\/\/fysiolab.dk\/no\/wp-json\/wp\/v2\/product_cat?post=85475"},{"taxonomy":"product_tag","embeddable":true,"href":"https:\/\/fysiolab.dk\/no\/wp-json\/wp\/v2\/product_tag?post=85475"}],"curies":[{"name":"wp","href":"https:\/\/api.w.org\/{rel}","templated":true}]}}