{"id":85484,"date":"2024-12-27T10:19:12","date_gmt":"2024-12-27T09:19:12","guid":{"rendered":"https:\/\/fysiolab.dk\/product\/rehabmedic-superplast-tape\/"},"modified":"2025-12-18T09:20:56","modified_gmt":"2025-12-18T08:20:56","slug":"rehabmedic-superplast-tape","status":"publish","type":"product","link":"https:\/\/fysiolab.dk\/no\/product\/rehabmedic-superplast-tape\/","title":{"rendered":"RehabMedic Superplast Tape"},"content":{"rendered":"<p><strong>RehabMedic SuperPlast Tape<\/strong><\/p>\n<p>Profesjonell sportstape i hvitt, designet for maksimal st\u00f8tte og komfort. Perfekt for forebygging og behandling av idrettsskader. <\/p>\n<p><strong>Produktbeskrivelse:<\/strong><br \/>\nRehabMedic SuperPlast Tape er en avansert sportstape som er b\u00e5de slitesterk og fleksibel. Den er ideell for \u00e5 st\u00f8tte ledd og muskler under fysisk aktivitet og kan brukes til \u00e5 forebygge eller redusere risikoen for skader. Med sitt sterke feste og hudvennlige materiale sikrer denne tapen optimal komfort og p\u00e5litelighet.  <\/p>\n<p><strong>Tilgjengelige st\u00f8rrelser:<\/strong><\/p>\n<ul>\n<li>5 cm x 4,5 m: Perfekt for mindre omr\u00e5der og detaljst\u00f8tte.<\/li>\n<li>7,5 cm x 4,5 m: Ideell for st\u00f8rre omr\u00e5der og ekstra stabilitet.<\/li>\n<li>10 cm x 2,7 m: For st\u00f8rre omr\u00e5der som krever st\u00f8tte og stabilitet<\/li>\n<\/ul>\n<p><strong>Funksjoner:<\/strong><\/p>\n<ul>\n<li>Farge: Hvit<\/li>\n<li>Ekstra sterk vedheft for langvarig bruk<\/li>\n<li>Hudvennlig materiale som minimerer irritasjon<\/li>\n<li>Perfekt for idrett, rehabilitering og skadeforebygging<\/li>\n<li>Passer b\u00e5de for profesjonelle og amat\u00f8rer<\/li>\n<\/ul>\n<p><strong>Bruk:<\/strong><br \/>\nBrukes til \u00e5 stabilisere ledd som ankler, kn\u00e6r, h\u00e5ndledd eller skuldre. Egnet for idrettsut\u00f8vere, fysioterapeuter og trenere. <\/p>\n<p>Velg st\u00f8rrelse ut fra dine behov og opplev maksimal st\u00f8tte under trening eller rehabilitering!<\/p>\n<p>&nbsp;<\/p>\n","protected":false},"excerpt":{"rendered":"<p><strong>RehabMedic SuperPlast Tape er en avansert sportstape som er b\u00e5de slitesterk og fleksibel. Den er ideell for \u00e5 st\u00f8tte ledd og muskler under fysisk aktivitet og kan brukes til \u00e5 forebygge eller redusere risikoen for skader. Med sitt sterke feste og hudvennlige materiale sikrer denne tapen optimal komfort og p\u00e5litelighet.  <\/strong><\/p>\n","protected":false},"featured_media":85495,"comment_status":"closed","ping_status":"closed","template":"","meta":{"_acf_changed":false},"product_brand":[],"product_cat":[2413,1948,1937,1943,1941,2087],"product_tag":[1944],"class_list":{"0":"post-85484","1":"product","2":"type-product","3":"status-publish","4":"has-post-thumbnail","6":"product_cat-dressinger-og-wraps","7":"product_cat-klinikk","8":"product_cat-merkevarer","9":"product_cat-rehabmedic-no","10":"product_cat-rekonvalesens-og-sportspleie","11":"product_cat-tape-no-2","12":"product_tag-rehabmedic-no","14":"first","15":"instock","16":"taxable","17":"shipping-taxable","18":"purchasable","19":"product-type-variable"},"acf":[],"_links":{"self":[{"href":"https:\/\/fysiolab.dk\/no\/wp-json\/wp\/v2\/product\/85484","targetHints":{"allow":["GET"]}}],"collection":[{"href":"https:\/\/fysiolab.dk\/no\/wp-json\/wp\/v2\/product"}],"about":[{"href":"https:\/\/fysiolab.dk\/no\/wp-json\/wp\/v2\/types\/product"}],"replies":[{"embeddable":true,"href":"https:\/\/fysiolab.dk\/no\/wp-json\/wp\/v2\/comments?post=85484"}],"wp:featuredmedia":[{"embeddable":true,"href":"https:\/\/fysiolab.dk\/no\/wp-json\/wp\/v2\/media\/85495"}],"wp:attachment":[{"href":"https:\/\/fysiolab.dk\/no\/wp-json\/wp\/v2\/media?parent=85484"}],"wp:term":[{"taxonomy":"product_brand","embeddable":true,"href":"https:\/\/fysiolab.dk\/no\/wp-json\/wp\/v2\/product_brand?post=85484"},{"taxonomy":"product_cat","embeddable":true,"href":"https:\/\/fysiolab.dk\/no\/wp-json\/wp\/v2\/product_cat?post=85484"},{"taxonomy":"product_tag","embeddable":true,"href":"https:\/\/fysiolab.dk\/no\/wp-json\/wp\/v2\/product_tag?post=85484"}],"curies":[{"name":"wp","href":"https:\/\/api.w.org\/{rel}","templated":true}]}}