{"id":85498,"date":"2024-12-25T22:20:23","date_gmt":"2024-12-25T21:20:23","guid":{"rendered":"https:\/\/fysiolab.dk\/product\/rehabmedic-aloe-vera-massasjemelk-1l\/"},"modified":"2025-12-18T09:20:57","modified_gmt":"2025-12-18T08:20:57","slug":"rehabmedic-aloe-vera-massasjemelk-1l","status":"publish","type":"product","link":"https:\/\/fysiolab.dk\/no\/product\/rehabmedic-aloe-vera-massasjemelk-1l\/","title":{"rendered":"RehabMedic Aloe Vera Massasjemelk 1L"},"content":{"rendered":"<p><strong>RehabMedic Aloe Vera Massasjemelk 1L<\/strong><\/p>\n<p>Gi n\u00e6ring og oppfriskning til huden med RehabMedic Aloe Vera Massage Milk. Massasjemelken er beriket med naturlig aloe vera og er ideell for \u00e5 myke opp, berolige og fukte huden samtidig som den gir en forfriskende f\u00f8lelse. Aloe vera er kjent for sine n\u00e6rende egenskaper og er rik p\u00e5 aminosyrer og vitaminer som st\u00f8tter hudens naturlige regenerering, slik at den blir sunn og smidig.  <\/p>\n<p>Den lette og hurtigabsorberende konsistensen gj\u00f8r massasjemelken perfekt til profesjonelle behandlinger eller daglig pleie. Den tilf\u00f8rer huden intensiv fuktighet og beskytter mot t\u00f8rrhet, samtidig som det naturlige innholdet etterlater huden myk og velpleiet. <\/p>\n<p><strong>Fordeler:<\/strong><\/p>\n<ul>\n<li>Aloe vera beroliger, mykgj\u00f8r og gir fuktighet til huden<\/li>\n<li>Rik p\u00e5 aminosyrer og vitaminer som styrker huden<\/li>\n<li>Lett og ikke-fettete tekstur, perfekt for massasje<\/li>\n<li>Etterlater huden sunn, smidig og n\u00e6rende<\/li>\n<li>Passer for alle hudtyper<\/li>\n<\/ul>\n<p><strong>Gi huden din den n\u00e6ringen og pleien den fortjener med RehabMedic Aloe Vera Massasjemelk, og opplev hvordan den etterlates myk, fuktet og forfrisket.<\/strong><\/p>\n","protected":false},"excerpt":{"rendered":"<p><strong>Gi n\u00e6ring og oppfriskning til huden med RehabMedic Aloe Vera Massage Milk. Massasjemelken er beriket med naturlig aloe vera og er ideell for \u00e5 myke opp, berolige og fukte huden samtidig som den gir en forfriskende f\u00f8lelse. Aloe vera er kjent for sine n\u00e6rende egenskaper og er rik p\u00e5 aminosyrer og vitaminer som st\u00f8tter hudens naturlige regenerering, slik at den blir sunn og smidig.  <\/strong><\/p>\n","protected":false},"featured_media":85500,"comment_status":"closed","ping_status":"closed","template":"","meta":{"_acf_changed":false},"product_brand":[],"product_cat":[1948,2397,2025,2401,1937,1943,1941],"product_tag":[1944],"class_list":{"0":"post-85498","1":"product","2":"type-product","3":"status-publish","4":"has-post-thumbnail","6":"product_cat-klinikk","7":"product_cat-kremer-og-oljer","8":"product_cat-massasje","9":"product_cat-massasjekrem-og-olje","10":"product_cat-merkevarer","11":"product_cat-rehabmedic-no","12":"product_cat-rekonvalesens-og-sportspleie","13":"product_tag-rehabmedic-no","15":"first","16":"instock","17":"taxable","18":"shipping-taxable","19":"purchasable","20":"product-type-simple"},"acf":[],"_links":{"self":[{"href":"https:\/\/fysiolab.dk\/no\/wp-json\/wp\/v2\/product\/85498","targetHints":{"allow":["GET"]}}],"collection":[{"href":"https:\/\/fysiolab.dk\/no\/wp-json\/wp\/v2\/product"}],"about":[{"href":"https:\/\/fysiolab.dk\/no\/wp-json\/wp\/v2\/types\/product"}],"replies":[{"embeddable":true,"href":"https:\/\/fysiolab.dk\/no\/wp-json\/wp\/v2\/comments?post=85498"}],"wp:featuredmedia":[{"embeddable":true,"href":"https:\/\/fysiolab.dk\/no\/wp-json\/wp\/v2\/media\/85500"}],"wp:attachment":[{"href":"https:\/\/fysiolab.dk\/no\/wp-json\/wp\/v2\/media?parent=85498"}],"wp:term":[{"taxonomy":"product_brand","embeddable":true,"href":"https:\/\/fysiolab.dk\/no\/wp-json\/wp\/v2\/product_brand?post=85498"},{"taxonomy":"product_cat","embeddable":true,"href":"https:\/\/fysiolab.dk\/no\/wp-json\/wp\/v2\/product_cat?post=85498"},{"taxonomy":"product_tag","embeddable":true,"href":"https:\/\/fysiolab.dk\/no\/wp-json\/wp\/v2\/product_tag?post=85498"}],"curies":[{"name":"wp","href":"https:\/\/api.w.org\/{rel}","templated":true}]}}