{"id":85499,"date":"2024-12-26T10:40:44","date_gmt":"2024-12-26T09:40:44","guid":{"rendered":"https:\/\/fysiolab.dk\/product\/rehabmedic-elastisk-toeyelig-tape\/"},"modified":"2025-12-18T09:20:56","modified_gmt":"2025-12-18T08:20:56","slug":"rehabmedic-elastisk-toeyelig-tape","status":"publish","type":"product","link":"https:\/\/fysiolab.dk\/no\/product\/rehabmedic-elastisk-toeyelig-tape\/","title":{"rendered":"RehabMedic Elastisk t\u00f8yelig tape"},"content":{"rendered":"<p><strong>RehabMedic Elastic Stretch Tape - fleksibel og effektiv beskyttelse<\/strong><\/p>\n<p>RehabMedic Elastic Stretchable Tape er det ideelle valget for st\u00f8tte og beskyttelse under trening, idrett eller rehabilitering. Denne tapen er designet med tanke p\u00e5 komfort og brukervennlighet, noe som gj\u00f8r den enkel \u00e5 p\u00e5f\u00f8re og tilpasse til kroppens naturlige anatomi og ledd. <\/p>\n<p><strong>Produktdetaljer:<\/strong><\/p>\n<ul>\n<li>Bredder: 5 cm og 7,5 cm<\/li>\n<li>Lengde: 4,6 meter<\/li>\n<li>Farger: Hvit, svart og beige<\/li>\n<li>Materialer: 65 % bomull, 30 % polyester og 5 % spandex - lateksfri<\/li>\n<li>Emballasjealternativer: Tilgjengelig enkeltvis eller som temapakke med 24 stk.<\/li>\n<\/ul>\n<p><strong>Fordeler:<\/strong><\/p>\n<ul>\n<li>Lett \u00e5 rive av med hendene - ikke behov for saks<\/li>\n<li>Elastisk og fleksibel - tilpasser seg kroppens bevegelser<\/li>\n<li>Rask og effektiv beskyttelse for muskler og ledd<\/li>\n<li>Sk\u00e5nsom mot huden og lateksfri - egnet for allergikere<\/li>\n<\/ul>\n<p><strong>Enten du trenger en enkelt tape til daglig bruk eller et st\u00f8rre antall til profesjonell bruk, er RehabMedic Elastic Stretchable Tape en p\u00e5litelig og praktisk l\u00f8sning som sikrer optimal st\u00f8tte og beskyttelse.<\/strong><\/p>\n","protected":false},"excerpt":{"rendered":"<p><strong>RehabMedic Elastic Stretchable Tape er det ideelle valget for st\u00f8tte og beskyttelse under trening, idrett eller rehabilitering. Denne tapen er designet med tanke p\u00e5 komfort og brukervennlighet, noe som gj\u00f8r den enkel \u00e5 p\u00e5f\u00f8re og tilpasse til kroppens naturlige anatomi og ledd. Tilgjengelig i fargene: Hvit, svart og beige og i breddene 5 cm og 7,5 cm  <\/strong><\/p>\n","protected":false},"featured_media":85501,"comment_status":"closed","ping_status":"closed","template":"","meta":{"_acf_changed":false},"product_brand":[],"product_cat":[1937,1943,1941,2087],"product_tag":[1944],"class_list":{"0":"post-85499","1":"product","2":"type-product","3":"status-publish","4":"has-post-thumbnail","6":"product_cat-merkevarer","7":"product_cat-rehabmedic-no","8":"product_cat-rekonvalesens-og-sportspleie","9":"product_cat-tape-no-2","10":"product_tag-rehabmedic-no","12":"first","13":"outofstock","14":"taxable","15":"shipping-taxable","16":"product-type-variable"},"acf":[],"_links":{"self":[{"href":"https:\/\/fysiolab.dk\/no\/wp-json\/wp\/v2\/product\/85499","targetHints":{"allow":["GET"]}}],"collection":[{"href":"https:\/\/fysiolab.dk\/no\/wp-json\/wp\/v2\/product"}],"about":[{"href":"https:\/\/fysiolab.dk\/no\/wp-json\/wp\/v2\/types\/product"}],"replies":[{"embeddable":true,"href":"https:\/\/fysiolab.dk\/no\/wp-json\/wp\/v2\/comments?post=85499"}],"wp:featuredmedia":[{"embeddable":true,"href":"https:\/\/fysiolab.dk\/no\/wp-json\/wp\/v2\/media\/85501"}],"wp:attachment":[{"href":"https:\/\/fysiolab.dk\/no\/wp-json\/wp\/v2\/media?parent=85499"}],"wp:term":[{"taxonomy":"product_brand","embeddable":true,"href":"https:\/\/fysiolab.dk\/no\/wp-json\/wp\/v2\/product_brand?post=85499"},{"taxonomy":"product_cat","embeddable":true,"href":"https:\/\/fysiolab.dk\/no\/wp-json\/wp\/v2\/product_cat?post=85499"},{"taxonomy":"product_tag","embeddable":true,"href":"https:\/\/fysiolab.dk\/no\/wp-json\/wp\/v2\/product_tag?post=85499"}],"curies":[{"name":"wp","href":"https:\/\/api.w.org\/{rel}","templated":true}]}}