{"id":85511,"date":"2024-12-25T22:14:30","date_gmt":"2024-12-25T21:14:30","guid":{"rendered":"https:\/\/fysiolab.dk\/product\/rehabmedic-hyaluronsyre-massasjemelk-1l\/"},"modified":"2025-12-18T09:20:57","modified_gmt":"2025-12-18T08:20:57","slug":"rehabmedic-hyaluronsyre-massasjemelk-1l","status":"publish","type":"product","link":"https:\/\/fysiolab.dk\/no\/product\/rehabmedic-hyaluronsyre-massasjemelk-1l\/","title":{"rendered":"RehabMedic Hyaluronsyre Massasjemelk 1L"},"content":{"rendered":"<p><strong>RehabMedic Hyaluronsyre Massasjemelk 1L<\/strong><\/p>\n<p>Unn huden din intens fuktighet og pleie med RehabMedic Hyaluronic Acid Massage Milk. Denne luksuri\u00f8se massasjemelken er beriket med hyaluronsyre, som er kjent for sin evne til \u00e5 binde fuktighet, gj\u00f8re huden mykere og forbedre dens elastisitet. Produktet er ideelt for massasjebehandlinger, strammer opp huden og etterlater den glattere og mer smidig.  <\/p>\n<p>Den lette og silkeaktige konsistensen gj\u00f8r massasjemelken lett \u00e5 fordele, noe som gj\u00f8r den perfekt til b\u00e5de langtidsmassasje og daglig pleie. Med sine dyptg\u00e5ende fuktighetsgivende og oppstrammende egenskaper passer den til alle hudtyper. <\/p>\n<p><strong>Fordeler:<\/strong><\/p>\n<ul>\n<li>Hyaluronsyre fukter og mykgj\u00f8r huden i dybden<\/li>\n<li>Forbedrer hudens elastisitet og strammer opp huden<\/li>\n<li>Lett og behagelig konsistens, ideell for massasje<\/li>\n<li>Etterlater huden glatt, smidig og velpleiet<\/li>\n<li>Perfekt for profesjonell bruk og hjemmebruk<\/li>\n<\/ul>\n<p><strong>Opplev en ny standard innen hudpleie med RehabMedic Hyaluronic Acid Massage Milk og gi huden din den fuktigheten og oppstrammingen den fortjener.<\/strong><\/p>\n","protected":false},"excerpt":{"rendered":"<p><strong>Unn huden din intens fuktighet og pleie med RehabMedic Hyaluronic Acid Massage Milk. Denne luksuri\u00f8se massasjemelken er beriket med hyaluronsyre, som er kjent for sin evne til \u00e5 binde fuktighet, gj\u00f8re huden mykere og forbedre dens elastisitet. Produktet er ideelt for massasjebehandlinger, strammer opp huden og etterlater den glattere og mer smidig.  <\/strong><\/p>\n","protected":false},"featured_media":85513,"comment_status":"closed","ping_status":"closed","template":"","meta":{"_acf_changed":false},"product_brand":[],"product_cat":[1948,2397,2025,2401,1937,1943,1941],"product_tag":[1944],"class_list":{"0":"post-85511","1":"product","2":"type-product","3":"status-publish","4":"has-post-thumbnail","6":"product_cat-klinikk","7":"product_cat-kremer-og-oljer","8":"product_cat-massasje","9":"product_cat-massasjekrem-og-olje","10":"product_cat-merkevarer","11":"product_cat-rehabmedic-no","12":"product_cat-rekonvalesens-og-sportspleie","13":"product_tag-rehabmedic-no","15":"first","16":"instock","17":"taxable","18":"shipping-taxable","19":"purchasable","20":"product-type-simple"},"acf":[],"_links":{"self":[{"href":"https:\/\/fysiolab.dk\/no\/wp-json\/wp\/v2\/product\/85511","targetHints":{"allow":["GET"]}}],"collection":[{"href":"https:\/\/fysiolab.dk\/no\/wp-json\/wp\/v2\/product"}],"about":[{"href":"https:\/\/fysiolab.dk\/no\/wp-json\/wp\/v2\/types\/product"}],"replies":[{"embeddable":true,"href":"https:\/\/fysiolab.dk\/no\/wp-json\/wp\/v2\/comments?post=85511"}],"wp:featuredmedia":[{"embeddable":true,"href":"https:\/\/fysiolab.dk\/no\/wp-json\/wp\/v2\/media\/85513"}],"wp:attachment":[{"href":"https:\/\/fysiolab.dk\/no\/wp-json\/wp\/v2\/media?parent=85511"}],"wp:term":[{"taxonomy":"product_brand","embeddable":true,"href":"https:\/\/fysiolab.dk\/no\/wp-json\/wp\/v2\/product_brand?post=85511"},{"taxonomy":"product_cat","embeddable":true,"href":"https:\/\/fysiolab.dk\/no\/wp-json\/wp\/v2\/product_cat?post=85511"},{"taxonomy":"product_tag","embeddable":true,"href":"https:\/\/fysiolab.dk\/no\/wp-json\/wp\/v2\/product_tag?post=85511"}],"curies":[{"name":"wp","href":"https:\/\/api.w.org\/{rel}","templated":true}]}}