{"id":85512,"date":"2024-12-25T22:50:59","date_gmt":"2024-12-25T21:50:59","guid":{"rendered":"https:\/\/fysiolab.dk\/product\/rehabmedic-selvklebende-tape\/"},"modified":"2025-12-18T09:20:56","modified_gmt":"2025-12-18T08:20:56","slug":"rehabmedic-selvklebende-tape","status":"publish","type":"product","link":"https:\/\/fysiolab.dk\/no\/product\/rehabmedic-selvklebende-tape\/","title":{"rendered":"RehabMedic Selvklebende tape"},"content":{"rendered":"<p>RehabMedic Cohesive Tape er en elastisk og selvklebende tape som er perfekt for st\u00f8tte og stabilisering av muskler og ledd. Teipen har en lengde p\u00e5 4,6 meter og er tilgjengelig i to bredder: 5 cm og 7,6 cm, slik at du kan velge den st\u00f8rrelsen som passer best til dine behov. <\/p>\n<p>Teipen fester seg bare til seg selv og etterlater ingen limrester p\u00e5 huden, noe som gj\u00f8r den ideell for langvarig bruk. Den er spesielt effektiv til st\u00f8tte ved forstuinger, skader eller som et supplement til rehabilitering og forebygging av ytterligere belastning p\u00e5 muskler og ledd. <\/p>\n<p><strong>Fargevalg:<\/strong><\/p>\n<ul>\n<li>Hvit farge<\/li>\n<li>Beige farge<\/li>\n<li>Gul<\/li>\n<li>Oransje<\/li>\n<li>R\u00f8d farge<\/li>\n<li>Gr\u00f8nn farge<\/li>\n<li>Lysebl\u00e5<\/li>\n<li>Bl\u00e5 farge<\/li>\n<li>Variasjon<\/li>\n<\/ul>\n<p><strong>Fordeler:<\/strong><\/p>\n<ul>\n<li>Elastisk og selvklebende - fester seg bare til seg selv<\/li>\n<li>St\u00f8tter og stabiliserer muskler og ledd<\/li>\n<li>Ideell for rehabilitering og skadeforebygging<\/li>\n<li>Tilgjengelig i flere farger og st\u00f8rrelser for enkel tilpasning<\/li>\n<li>Etterlater ikke limrester p\u00e5 huden<\/li>\n<\/ul>\n<p><strong>RehabMedic Cohesive Tape er et praktisk og effektivt valg for idrettsut\u00f8vere, terapeuter og alle som trenger ekstra st\u00f8tte for muskler og ledd under aktivitet eller restitusjon.<\/strong><\/p>\n","protected":false},"excerpt":{"rendered":"<p><strong>RehabMedic Cohesive Tape er en elastisk og selvklebende tape som er perfekt for st\u00f8tte og stabilisering av muskler og ledd. Teipen har en lengde p\u00e5 4,6 meter og finnes i to bredder: 5 cm og 7,6 cm, slik at du kan velge den st\u00f8rrelsen som passer best til dine behov. Brukes ogs\u00e5 som skinnebeinsteip - passer perfekt til klubbens farge.  <\/strong><\/p>\n<p><strong>Tilgjengelig i flere farger<\/strong><\/p>\n<p>&nbsp;<\/p>\n","protected":false},"featured_media":85532,"comment_status":"closed","ping_status":"closed","template":"","meta":{"_acf_changed":false},"product_brand":[],"product_cat":[2413,1948,1937,1943,1941,2087],"product_tag":[2906,1944],"class_list":{"0":"post-85512","1":"product","2":"type-product","3":"status-publish","4":"has-post-thumbnail","6":"product_cat-dressinger-og-wraps","7":"product_cat-klinikk","8":"product_cat-merkevarer","9":"product_cat-rehabmedic-no","10":"product_cat-rekonvalesens-og-sportspleie","11":"product_cat-tape-no-2","12":"product_tag-cramer-no","13":"product_tag-rehabmedic-no","15":"first","16":"instock","17":"taxable","18":"shipping-taxable","19":"purchasable","20":"product-type-variable"},"acf":[],"_links":{"self":[{"href":"https:\/\/fysiolab.dk\/no\/wp-json\/wp\/v2\/product\/85512","targetHints":{"allow":["GET"]}}],"collection":[{"href":"https:\/\/fysiolab.dk\/no\/wp-json\/wp\/v2\/product"}],"about":[{"href":"https:\/\/fysiolab.dk\/no\/wp-json\/wp\/v2\/types\/product"}],"replies":[{"embeddable":true,"href":"https:\/\/fysiolab.dk\/no\/wp-json\/wp\/v2\/comments?post=85512"}],"wp:featuredmedia":[{"embeddable":true,"href":"https:\/\/fysiolab.dk\/no\/wp-json\/wp\/v2\/media\/85532"}],"wp:attachment":[{"href":"https:\/\/fysiolab.dk\/no\/wp-json\/wp\/v2\/media?parent=85512"}],"wp:term":[{"taxonomy":"product_brand","embeddable":true,"href":"https:\/\/fysiolab.dk\/no\/wp-json\/wp\/v2\/product_brand?post=85512"},{"taxonomy":"product_cat","embeddable":true,"href":"https:\/\/fysiolab.dk\/no\/wp-json\/wp\/v2\/product_cat?post=85512"},{"taxonomy":"product_tag","embeddable":true,"href":"https:\/\/fysiolab.dk\/no\/wp-json\/wp\/v2\/product_tag?post=85512"}],"curies":[{"name":"wp","href":"https:\/\/api.w.org\/{rel}","templated":true}]}}