{"id":85523,"date":"2024-12-25T22:05:59","date_gmt":"2024-12-25T21:05:59","guid":{"rendered":"https:\/\/fysiolab.dk\/product\/rehabmedic-restorative-massasjekrem-500ml\/"},"modified":"2025-12-18T09:20:57","modified_gmt":"2025-12-18T08:20:57","slug":"rehabmedic-restorative-massasjekrem-500ml","status":"publish","type":"product","link":"https:\/\/fysiolab.dk\/no\/product\/rehabmedic-restorative-massasjekrem-500ml\/","title":{"rendered":"RehabMedic Restorative Massasjekrem 500ml"},"content":{"rendered":"<p><strong>RehabMedic Restorative Massasjekrem 500ml<\/strong><\/p>\n<p>L\u00f8sne opp anspente muskler og bidra til avslapping med RehabMedic Recovery Massage Cream. Denne kremen er utviklet for \u00e5 hjelpe til med \u00e5 l\u00f8sne opp sammentrukne muskler og bidra til raskere restitusjon etter fysisk anstrengelse eller muskelspenninger. <\/p>\n<p>Massasjekremen er beriket med eteriske oljer av rosmarin, laurb\u00e6r og peppermynte, som ikke bare gir en frisk og beroligende duft, men som ogs\u00e5 bidrar til \u00e5 l\u00f8sne opp musklene og fremme avslapping. Den rike, men ikke fete konsistensen gj\u00f8r den ideell for dypmassasje, og den medf\u00f8lgende pumpen gj\u00f8r det enkelt \u00e5 dosere riktig mengde. <\/p>\n<p><strong>Fordeler:<\/strong><\/p>\n<ul>\n<li>L\u00f8sner opp anspente og sammentrukne muskler<\/li>\n<li>Fremmer restitusjon og f\u00e5r musklene til \u00e5 slappe av<\/li>\n<li>Aromaterapeutisk duft av rosmarin, laurb\u00e6r og peppermynte<\/li>\n<li>Fuktighetsgivende og sk\u00e5nsom mot huden<\/li>\n<li>Praktisk pumpe for enkel og hygienisk bruk<\/li>\n<\/ul>\n<p><strong>F\u00e5 optimal st\u00f8tte til restitusjonen med RehabMedic Recovery Massage Cream, og kjenn at musklene kommer i balanse og slapper av igjen etter enhver belastning.<\/strong><\/p>\n","protected":false},"excerpt":{"rendered":"<p><strong>L\u00f8sne opp anspente muskler og bidra til avslapping med RehabMedic Recovery Massage Cream. Denne kremen er utviklet for \u00e5 hjelpe til med \u00e5 l\u00f8sne opp sammentrukne muskler og bidra til raskere restitusjon etter fysisk anstrengelse eller muskelspenninger. <\/strong><\/p>\n","protected":false},"featured_media":85543,"comment_status":"closed","ping_status":"closed","template":"","meta":{"_acf_changed":false},"product_brand":[],"product_cat":[1948,2397,2025,2401,1937,1943,1941],"product_tag":[1944],"class_list":{"0":"post-85523","1":"product","2":"type-product","3":"status-publish","4":"has-post-thumbnail","6":"product_cat-klinikk","7":"product_cat-kremer-og-oljer","8":"product_cat-massasje","9":"product_cat-massasjekrem-og-olje","10":"product_cat-merkevarer","11":"product_cat-rehabmedic-no","12":"product_cat-rekonvalesens-og-sportspleie","13":"product_tag-rehabmedic-no","15":"first","16":"instock","17":"taxable","18":"shipping-taxable","19":"purchasable","20":"product-type-simple"},"acf":[],"_links":{"self":[{"href":"https:\/\/fysiolab.dk\/no\/wp-json\/wp\/v2\/product\/85523","targetHints":{"allow":["GET"]}}],"collection":[{"href":"https:\/\/fysiolab.dk\/no\/wp-json\/wp\/v2\/product"}],"about":[{"href":"https:\/\/fysiolab.dk\/no\/wp-json\/wp\/v2\/types\/product"}],"replies":[{"embeddable":true,"href":"https:\/\/fysiolab.dk\/no\/wp-json\/wp\/v2\/comments?post=85523"}],"wp:featuredmedia":[{"embeddable":true,"href":"https:\/\/fysiolab.dk\/no\/wp-json\/wp\/v2\/media\/85543"}],"wp:attachment":[{"href":"https:\/\/fysiolab.dk\/no\/wp-json\/wp\/v2\/media?parent=85523"}],"wp:term":[{"taxonomy":"product_brand","embeddable":true,"href":"https:\/\/fysiolab.dk\/no\/wp-json\/wp\/v2\/product_brand?post=85523"},{"taxonomy":"product_cat","embeddable":true,"href":"https:\/\/fysiolab.dk\/no\/wp-json\/wp\/v2\/product_cat?post=85523"},{"taxonomy":"product_tag","embeddable":true,"href":"https:\/\/fysiolab.dk\/no\/wp-json\/wp\/v2\/product_tag?post=85523"}],"curies":[{"name":"wp","href":"https:\/\/api.w.org\/{rel}","templated":true}]}}