{"id":85542,"date":"2024-12-25T22:34:56","date_gmt":"2024-12-25T21:34:56","guid":{"rendered":"https:\/\/fysiolab.dk\/product\/rehabmedic-middelhavsmassasjemelk-1l\/"},"modified":"2025-12-18T09:20:56","modified_gmt":"2025-12-18T08:20:56","slug":"rehabmedic-middelhavsmassasjemelk-1l","status":"publish","type":"product","link":"https:\/\/fysiolab.dk\/no\/product\/rehabmedic-middelhavsmassasjemelk-1l\/","title":{"rendered":"RehabMedic Middelhavsmassasjemelk 1L"},"content":{"rendered":"<p><strong>RehabMedic Middelhavsmassasjemelk 1L<\/strong><\/p>\n<p>Lindre spenninger og stive muskler med RehabMedic Mediterranean Massage Milk. Denne massasjemelken er spesielt utviklet for \u00e5 lindre muskelspenninger og bidra til \u00e5 redusere ubehag forbundet med leddgikt og revmatoid artritt. Formelen er beriket med naturlige ingredienser som har en beroligende og varmende effekt p\u00e5 musklene, noe som gj\u00f8r den ideell for b\u00e5de avslappende og terapeutiske behandlinger.  <\/p>\n<p>Med sin myke og lette konsistens trenger massasjemelken raskt inn i huden, og dens stimulerende egenskaper gj\u00f8r den perfekt til m\u00e5lrettet massasje av stive og anspente omr\u00e5der. Den forfriskende furuduften bidrar til en avslappende og beroligende opplevelse, samtidig som den bidrar til \u00e5 fremme blodsirkulasjonen og lindre smertefulle omr\u00e5der. <\/p>\n<p><strong>Fordeler:<\/strong><\/p>\n<ul>\n<li>Lindrer stive og anspente muskler<\/li>\n<li>Lindrer ubehag ved leddgikt og revmatoid artritt<\/li>\n<li>Beroligende og varmende effekt<\/li>\n<li>Oppfriskende furuduft som skaper en avslappende atmosf\u00e6re<\/li>\n<li>Lett og absorberende formel, ideell for massasje<\/li>\n<\/ul>\n<p><strong>Opplev lindring og \u00f8kt bevegelighet med RehabMedic Mediterranean Massage Milk og gi muskler og ledd den pleien og oppmerksomheten de trenger.<\/strong><\/p>\n","protected":false},"excerpt":{"rendered":"<p><strong>Lindre spenninger og stive muskler med RehabMedic Mediterranean Massage Milk. Denne massasjemelken er spesielt utviklet for \u00e5 lindre muskelspenninger og bidra til \u00e5 redusere ubehag forbundet med leddgikt og revmatoid artritt. Formelen er beriket med naturlige ingredienser som har en beroligende og varmende effekt p\u00e5 musklene, noe som gj\u00f8r den ideell for b\u00e5de avslappende og terapeutiske behandlinger.  <\/strong><\/p>\n","protected":false},"featured_media":85545,"comment_status":"closed","ping_status":"closed","template":"","meta":{"_acf_changed":false},"product_brand":[],"product_cat":[1948,2397,2025,2401,1937,1943,1941],"product_tag":[1944],"class_list":{"0":"post-85542","1":"product","2":"type-product","3":"status-publish","4":"has-post-thumbnail","6":"product_cat-klinikk","7":"product_cat-kremer-og-oljer","8":"product_cat-massasje","9":"product_cat-massasjekrem-og-olje","10":"product_cat-merkevarer","11":"product_cat-rehabmedic-no","12":"product_cat-rekonvalesens-og-sportspleie","13":"product_tag-rehabmedic-no","15":"first","16":"instock","17":"taxable","18":"shipping-taxable","19":"purchasable","20":"product-type-simple"},"acf":[],"_links":{"self":[{"href":"https:\/\/fysiolab.dk\/no\/wp-json\/wp\/v2\/product\/85542","targetHints":{"allow":["GET"]}}],"collection":[{"href":"https:\/\/fysiolab.dk\/no\/wp-json\/wp\/v2\/product"}],"about":[{"href":"https:\/\/fysiolab.dk\/no\/wp-json\/wp\/v2\/types\/product"}],"replies":[{"embeddable":true,"href":"https:\/\/fysiolab.dk\/no\/wp-json\/wp\/v2\/comments?post=85542"}],"wp:featuredmedia":[{"embeddable":true,"href":"https:\/\/fysiolab.dk\/no\/wp-json\/wp\/v2\/media\/85545"}],"wp:attachment":[{"href":"https:\/\/fysiolab.dk\/no\/wp-json\/wp\/v2\/media?parent=85542"}],"wp:term":[{"taxonomy":"product_brand","embeddable":true,"href":"https:\/\/fysiolab.dk\/no\/wp-json\/wp\/v2\/product_brand?post=85542"},{"taxonomy":"product_cat","embeddable":true,"href":"https:\/\/fysiolab.dk\/no\/wp-json\/wp\/v2\/product_cat?post=85542"},{"taxonomy":"product_tag","embeddable":true,"href":"https:\/\/fysiolab.dk\/no\/wp-json\/wp\/v2\/product_tag?post=85542"}],"curies":[{"name":"wp","href":"https:\/\/api.w.org\/{rel}","templated":true}]}}