{"id":85544,"date":"2024-12-25T22:01:43","date_gmt":"2024-12-25T21:01:43","guid":{"rendered":"https:\/\/fysiolab.dk\/product\/rehabmedic-restorative-massage-oil-500ml\/"},"modified":"2025-12-18T09:20:57","modified_gmt":"2025-12-18T08:20:57","slug":"rehabmedic-restorative-massage-oil-500ml","status":"publish","type":"product","link":"https:\/\/fysiolab.dk\/no\/product\/rehabmedic-restorative-massage-oil-500ml\/","title":{"rendered":"RehabMedic Restorative Massage Oil 500ml"},"content":{"rendered":"<p><strong>RehabMedic Restorative Massage Oil 500ml<\/strong><\/p>\n<p>Hjelp musklene dine med \u00e5 slappe av og gjenvinne balansen med RehabMedic Recovery Massage Oil. Denne oljen er spesielt utviklet for \u00e5 l\u00f8sne anspente og sammentrukne muskler og fremme raskere restitusjon etter fysisk aktivitet eller stress. <\/p>\n<p>Den beroligende blandingen av essensielle oljer fra rosmarin, laurb\u00e6r og peppermynte skaper en frisk og avslappende duft som bidrar til \u00e5 l\u00f8sne opp b\u00e5de fysisk og mentalt. Oljen trenger lett inn i huden og er perfekt for dypmassasjebehandlinger som bidrar til \u00e5 redusere muskelspenninger og fremme avslappede, smidige muskler. <\/p>\n<p><strong>Fordeler:<\/strong><\/p>\n<ul>\n<li>L\u00f8sner opp anspente og sammentrukne muskler<\/li>\n<li>Fremmer restitusjon og f\u00e5r musklene til \u00e5 slappe av<\/li>\n<li>Frisk og beroligende duft av rosmarin, laurb\u00e6r og peppermynte<\/li>\n<li>Lett konsistens for enkel p\u00e5f\u00f8ring uten \u00e5 fete<\/li>\n<li>Ideell for b\u00e5de profesjonell bruk og hjemmebehandling<\/li>\n<\/ul>\n<p><strong>Revitaliser slitne muskler med RehabMedic Recovery Massage Oil og opplev en kombinasjon av avslapping og effektiv pleie som hjelper deg til \u00e5 komme raskere tilbake i toppform.<\/strong><\/p>\n","protected":false},"excerpt":{"rendered":"<p><strong>Hjelp musklene dine med \u00e5 slappe av og gjenvinne balansen med RehabMedic Recovery Massage Oil. Denne oljen er spesielt utviklet for \u00e5 l\u00f8sne anspente og sammentrukne muskler og fremme raskere restitusjon etter fysisk aktivitet eller stress. <\/strong><\/p>\n","protected":false},"featured_media":85547,"comment_status":"closed","ping_status":"closed","template":"","meta":{"_acf_changed":false},"product_brand":[],"product_cat":[1948,2397,2025,2401,1937,1943,1941],"product_tag":[1944],"class_list":{"0":"post-85544","1":"product","2":"type-product","3":"status-publish","4":"has-post-thumbnail","6":"product_cat-klinikk","7":"product_cat-kremer-og-oljer","8":"product_cat-massasje","9":"product_cat-massasjekrem-og-olje","10":"product_cat-merkevarer","11":"product_cat-rehabmedic-no","12":"product_cat-rekonvalesens-og-sportspleie","13":"product_tag-rehabmedic-no","15":"first","16":"instock","17":"taxable","18":"shipping-taxable","19":"purchasable","20":"product-type-simple"},"acf":[],"_links":{"self":[{"href":"https:\/\/fysiolab.dk\/no\/wp-json\/wp\/v2\/product\/85544","targetHints":{"allow":["GET"]}}],"collection":[{"href":"https:\/\/fysiolab.dk\/no\/wp-json\/wp\/v2\/product"}],"about":[{"href":"https:\/\/fysiolab.dk\/no\/wp-json\/wp\/v2\/types\/product"}],"replies":[{"embeddable":true,"href":"https:\/\/fysiolab.dk\/no\/wp-json\/wp\/v2\/comments?post=85544"}],"wp:featuredmedia":[{"embeddable":true,"href":"https:\/\/fysiolab.dk\/no\/wp-json\/wp\/v2\/media\/85547"}],"wp:attachment":[{"href":"https:\/\/fysiolab.dk\/no\/wp-json\/wp\/v2\/media?parent=85544"}],"wp:term":[{"taxonomy":"product_brand","embeddable":true,"href":"https:\/\/fysiolab.dk\/no\/wp-json\/wp\/v2\/product_brand?post=85544"},{"taxonomy":"product_cat","embeddable":true,"href":"https:\/\/fysiolab.dk\/no\/wp-json\/wp\/v2\/product_cat?post=85544"},{"taxonomy":"product_tag","embeddable":true,"href":"https:\/\/fysiolab.dk\/no\/wp-json\/wp\/v2\/product_tag?post=85544"}],"curies":[{"name":"wp","href":"https:\/\/api.w.org\/{rel}","templated":true}]}}