{"id":85546,"date":"2024-12-25T22:32:36","date_gmt":"2024-12-25T21:32:36","guid":{"rendered":"https:\/\/fysiolab.dk\/product\/rehabmedic-arnica-massasjemelk-1l\/"},"modified":"2025-12-18T09:20:56","modified_gmt":"2025-12-18T08:20:56","slug":"rehabmedic-arnica-massasjemelk-1l","status":"publish","type":"product","link":"https:\/\/fysiolab.dk\/no\/product\/rehabmedic-arnica-massasjemelk-1l\/","title":{"rendered":"RehabMedic Arnica Massasjemelk 1L"},"content":{"rendered":"<p><strong>RehabMedic Arnica Massasjeolje 1L<\/strong><\/p>\n<p>Fremskynd helingsprosessen med RehabMedic Arnica Massage Oil, som er utviklet for \u00e5 st\u00f8tte restitusjon etter muskelskader, slag og forstuinger. Oljen er beriket med naturlig arnicaekstrakt, som er kjent for sine betennelsesdempende og helbredende egenskaper. Den bidrar til \u00e5 redusere hevelse og \u00f8mhet, samtidig som den stimulerer blodsirkulasjonen og fremmer kroppens naturlige regenerering.  <\/p>\n<p>Oljen har en lett konsistens som gj\u00f8r den ideell til b\u00e5de dyp massasje og sk\u00e5nsom pleie av skadde omr\u00e5der. Den egner seg b\u00e5de for profesjonelle ut\u00f8vere og hjemmebruk, der den kan brukes som en del av restitusjonsrutinen. <\/p>\n<p><strong>Fordeler:<\/strong><\/p>\n<ul>\n<li>Fremmer tilheling etter muskelskader, slag og forstuinger<\/li>\n<li>Reduserer hevelse og lindrer \u00f8mhet<\/li>\n<li>Inneholder naturlig arnica for \u00e5 st\u00f8tte restitusjon<\/li>\n<li>Lett og absorberende tekstur, ideell for massasje<\/li>\n<li>Perfekt for m\u00e5lrettet behandling og sk\u00e5nsom pleie<\/li>\n<\/ul>\n<p><strong>Gjenopprett kroppen din med RehabMedic Arnica Massasjeolje og opplev hvordan den bidrar til \u00e5 redusere ubehag og fremskynde veien tilbake til bevegelsesfrihet.<\/strong><\/p>\n","protected":false},"excerpt":{"rendered":"<p><strong>Fremskynd helingsprosessen med RehabMedic Arnica Massage Oil, som er utviklet for \u00e5 st\u00f8tte restitusjon etter muskelskader, slag og forstuinger. Oljen er beriket med naturlig arnicaekstrakt, som er kjent for sine betennelsesdempende og helbredende egenskaper. Den bidrar til \u00e5 redusere hevelse og \u00f8mhet, samtidig som den stimulerer blodsirkulasjonen og fremmer kroppens naturlige regenerering.  <\/strong><\/p>\n<p>&nbsp;<\/p>\n","protected":false},"featured_media":85549,"comment_status":"closed","ping_status":"closed","template":"","meta":{"_acf_changed":false},"product_brand":[],"product_cat":[1948,2397,2025,2401,1937,1943,1941],"product_tag":[1944],"class_list":{"0":"post-85546","1":"product","2":"type-product","3":"status-publish","4":"has-post-thumbnail","6":"product_cat-klinikk","7":"product_cat-kremer-og-oljer","8":"product_cat-massasje","9":"product_cat-massasjekrem-og-olje","10":"product_cat-merkevarer","11":"product_cat-rehabmedic-no","12":"product_cat-rekonvalesens-og-sportspleie","13":"product_tag-rehabmedic-no","15":"first","16":"instock","17":"taxable","18":"shipping-taxable","19":"purchasable","20":"product-type-simple"},"acf":[],"_links":{"self":[{"href":"https:\/\/fysiolab.dk\/no\/wp-json\/wp\/v2\/product\/85546","targetHints":{"allow":["GET"]}}],"collection":[{"href":"https:\/\/fysiolab.dk\/no\/wp-json\/wp\/v2\/product"}],"about":[{"href":"https:\/\/fysiolab.dk\/no\/wp-json\/wp\/v2\/types\/product"}],"replies":[{"embeddable":true,"href":"https:\/\/fysiolab.dk\/no\/wp-json\/wp\/v2\/comments?post=85546"}],"wp:featuredmedia":[{"embeddable":true,"href":"https:\/\/fysiolab.dk\/no\/wp-json\/wp\/v2\/media\/85549"}],"wp:attachment":[{"href":"https:\/\/fysiolab.dk\/no\/wp-json\/wp\/v2\/media?parent=85546"}],"wp:term":[{"taxonomy":"product_brand","embeddable":true,"href":"https:\/\/fysiolab.dk\/no\/wp-json\/wp\/v2\/product_brand?post=85546"},{"taxonomy":"product_cat","embeddable":true,"href":"https:\/\/fysiolab.dk\/no\/wp-json\/wp\/v2\/product_cat?post=85546"},{"taxonomy":"product_tag","embeddable":true,"href":"https:\/\/fysiolab.dk\/no\/wp-json\/wp\/v2\/product_tag?post=85546"}],"curies":[{"name":"wp","href":"https:\/\/api.w.org\/{rel}","templated":true}]}}