{"id":85548,"date":"2024-12-25T21:54:47","date_gmt":"2024-12-25T20:54:47","guid":{"rendered":"https:\/\/fysiolab.dk\/product\/rehabmedic-lymfedrenasje-massasjekrem-500ml\/"},"modified":"2025-12-18T09:20:57","modified_gmt":"2025-12-18T08:20:57","slug":"rehabmedic-lymfedrenasje-massasjekrem-500ml","status":"publish","type":"product","link":"https:\/\/fysiolab.dk\/no\/product\/rehabmedic-lymfedrenasje-massasjekrem-500ml\/","title":{"rendered":"RehabMedic Lymfedrenasje Massasjekrem 500ml"},"content":{"rendered":"<p><strong>RehabMedic Lymfedrenasje Massasjekrem 500ml<\/strong><\/p>\n<p>Frem kroppens naturlige balanse med RehabMedic Lymfedrenasje Massasjekrem. Denne kremen er spesielt utviklet for \u00e5 st\u00f8tte lymfedrenasjemassasje, og bidrar til \u00e5 stimulere lymfesystemet, redusere v\u00e6skeretensjon og fremme sunn sirkulasjon. <\/p>\n<p>Kremen er beriket med eteriske oljer av salvie, palmarosa og peppermynte som gir en forfriskende og beroligende duft samtidig som de st\u00f8tter behandlingen. Den myke og kremete konsistensen gj\u00f8r den ideell for massasje med lange, presise bevegelser uten \u00e5 f\u00f8les fet p\u00e5 huden. Med den medf\u00f8lgende pumpen er kremen enkel \u00e5 dosere og p\u00e5f\u00f8re.  <\/p>\n<p><strong>Fordeler:<\/strong><\/p>\n<ul>\n<li>Perfekt for lymfedrenasjemassasje<\/li>\n<li>Reduserer v\u00e6skeansamlinger og fremmer sirkulasjonen<\/li>\n<li>Frisk og balanserende duft av salvie, palmarosa og peppermynte<\/li>\n<li>Fuktighetsgivende og pleiende for huden<\/li>\n<li>Praktisk pumpe for enkel og hygienisk dosering<\/li>\n<\/ul>\n<p><strong>Opplev velv\u00e6re og letthet med RehabMedic Lymphatic Drainage Massage Cream, som gir optimal st\u00f8tte til lymfeterapien og etterlater huden myk og fuktet.<\/strong><\/p>\n","protected":false},"excerpt":{"rendered":"<p><strong>Frem kroppens naturlige balanse med RehabMedic Lymfedrenasje Massasjekrem. Denne kremen er spesielt utviklet for \u00e5 st\u00f8tte lymfedrenasjemassasje, og bidrar til \u00e5 stimulere lymfesystemet, redusere v\u00e6skeretensjon og fremme sunn sirkulasjon. <\/strong><\/p>\n","protected":false},"featured_media":85551,"comment_status":"closed","ping_status":"closed","template":"","meta":{"_acf_changed":false},"product_brand":[],"product_cat":[1948,2397,2025,2401,1937,1943,1941],"product_tag":[1944],"class_list":{"0":"post-85548","1":"product","2":"type-product","3":"status-publish","4":"has-post-thumbnail","6":"product_cat-klinikk","7":"product_cat-kremer-og-oljer","8":"product_cat-massasje","9":"product_cat-massasjekrem-og-olje","10":"product_cat-merkevarer","11":"product_cat-rehabmedic-no","12":"product_cat-rekonvalesens-og-sportspleie","13":"product_tag-rehabmedic-no","15":"first","16":"instock","17":"taxable","18":"shipping-taxable","19":"purchasable","20":"product-type-simple"},"acf":[],"_links":{"self":[{"href":"https:\/\/fysiolab.dk\/no\/wp-json\/wp\/v2\/product\/85548","targetHints":{"allow":["GET"]}}],"collection":[{"href":"https:\/\/fysiolab.dk\/no\/wp-json\/wp\/v2\/product"}],"about":[{"href":"https:\/\/fysiolab.dk\/no\/wp-json\/wp\/v2\/types\/product"}],"replies":[{"embeddable":true,"href":"https:\/\/fysiolab.dk\/no\/wp-json\/wp\/v2\/comments?post=85548"}],"wp:featuredmedia":[{"embeddable":true,"href":"https:\/\/fysiolab.dk\/no\/wp-json\/wp\/v2\/media\/85551"}],"wp:attachment":[{"href":"https:\/\/fysiolab.dk\/no\/wp-json\/wp\/v2\/media?parent=85548"}],"wp:term":[{"taxonomy":"product_brand","embeddable":true,"href":"https:\/\/fysiolab.dk\/no\/wp-json\/wp\/v2\/product_brand?post=85548"},{"taxonomy":"product_cat","embeddable":true,"href":"https:\/\/fysiolab.dk\/no\/wp-json\/wp\/v2\/product_cat?post=85548"},{"taxonomy":"product_tag","embeddable":true,"href":"https:\/\/fysiolab.dk\/no\/wp-json\/wp\/v2\/product_tag?post=85548"}],"curies":[{"name":"wp","href":"https:\/\/api.w.org\/{rel}","templated":true}]}}