{"id":85550,"date":"2024-12-25T22:25:40","date_gmt":"2024-12-25T21:25:40","guid":{"rendered":"https:\/\/fysiolab.dk\/product\/rehabmedic-sitronmassasjemelk-1l\/"},"modified":"2025-12-18T09:20:57","modified_gmt":"2025-12-18T08:20:57","slug":"rehabmedic-sitronmassasjemelk-1l","status":"publish","type":"product","link":"https:\/\/fysiolab.dk\/no\/product\/rehabmedic-sitronmassasjemelk-1l\/","title":{"rendered":"RehabMedic Sitronmassasjemelk 1L"},"content":{"rendered":"<p><strong>RehabMedic Sitronmassasjemelk 1L<\/strong><\/p>\n<p>Styrk huden og reduser synlige problemomr\u00e5der med RehabMedic Lemon Massage Milk. Denne massasjemelken er spesielt utviklet for \u00e5 bekjempe cellulitter, redusere edderkopp\u00e5rer og minimere v\u00e6skeansamlinger. Den er beriket med naturlig sitronekstrakt, kjent for sine stimulerende og oppstrammende egenskaper som fremmer blodsirkulasjonen og gir huden et glattere og jevnere utseende.  <\/p>\n<p>Den lette og behagelige konsistensen gj\u00f8r den ideell for massasjebehandlinger, der den raskt trenger inn i huden og bidrar til \u00e5 st\u00f8tte kroppens naturlige prosesser. Perfekt for b\u00e5de profesjonelle behandlinger og hjemmepleie. <\/p>\n<p><strong>Fordeler:<\/strong><\/p>\n<ul>\n<li>Bidrar til \u00e5 redusere cellulitter og v\u00e6skeansamlinger<\/li>\n<li>Forbedrer blodsirkulasjonen og reduserer synlige edderkopp\u00e5rer<\/li>\n<li>Beriket med sitron for \u00e5 stimulere og stramme opp huden<\/li>\n<li>Lett og n\u00e6rende formel som etterlater huden myk og smidig<\/li>\n<li>Ideell for m\u00e5lrettet massasje og hudpleie<\/li>\n<\/ul>\n<p><strong>Unn huden din RehabMedic Lemon Massage Milk, og opplev en glattere og mer velpleiet hud samtidig som du jobber for \u00e5 forbedre hudens struktur og elastisitet.<\/strong><\/p>\n","protected":false},"excerpt":{"rendered":"<p><strong>Styrk huden og reduser synlige problemomr\u00e5der med RehabMedic Lemon Massage Milk. Denne massasjemelken er spesielt utviklet for \u00e5 bekjempe cellulitter, redusere edderkopp\u00e5rer og minimere v\u00e6skeansamlinger. Den er beriket med naturlig sitronekstrakt, kjent for sine stimulerende og oppstrammende egenskaper som fremmer blodsirkulasjonen og gir huden et glattere og jevnere utseende.  <\/strong><\/p>\n","protected":false},"featured_media":85552,"comment_status":"closed","ping_status":"closed","template":"","meta":{"_acf_changed":false},"product_brand":[],"product_cat":[1948,2397,2025,2401,1937,1943,1941],"product_tag":[1944],"class_list":{"0":"post-85550","1":"product","2":"type-product","3":"status-publish","4":"has-post-thumbnail","6":"product_cat-klinikk","7":"product_cat-kremer-og-oljer","8":"product_cat-massasje","9":"product_cat-massasjekrem-og-olje","10":"product_cat-merkevarer","11":"product_cat-rehabmedic-no","12":"product_cat-rekonvalesens-og-sportspleie","13":"product_tag-rehabmedic-no","15":"first","16":"instock","17":"taxable","18":"shipping-taxable","19":"purchasable","20":"product-type-simple"},"acf":[],"_links":{"self":[{"href":"https:\/\/fysiolab.dk\/no\/wp-json\/wp\/v2\/product\/85550","targetHints":{"allow":["GET"]}}],"collection":[{"href":"https:\/\/fysiolab.dk\/no\/wp-json\/wp\/v2\/product"}],"about":[{"href":"https:\/\/fysiolab.dk\/no\/wp-json\/wp\/v2\/types\/product"}],"replies":[{"embeddable":true,"href":"https:\/\/fysiolab.dk\/no\/wp-json\/wp\/v2\/comments?post=85550"}],"wp:featuredmedia":[{"embeddable":true,"href":"https:\/\/fysiolab.dk\/no\/wp-json\/wp\/v2\/media\/85552"}],"wp:attachment":[{"href":"https:\/\/fysiolab.dk\/no\/wp-json\/wp\/v2\/media?parent=85550"}],"wp:term":[{"taxonomy":"product_brand","embeddable":true,"href":"https:\/\/fysiolab.dk\/no\/wp-json\/wp\/v2\/product_brand?post=85550"},{"taxonomy":"product_cat","embeddable":true,"href":"https:\/\/fysiolab.dk\/no\/wp-json\/wp\/v2\/product_cat?post=85550"},{"taxonomy":"product_tag","embeddable":true,"href":"https:\/\/fysiolab.dk\/no\/wp-json\/wp\/v2\/product_tag?post=85550"}],"curies":[{"name":"wp","href":"https:\/\/api.w.org\/{rel}","templated":true}]}}