{"id":85810,"date":"2025-06-01T19:01:37","date_gmt":"2025-06-01T17:01:37","guid":{"rendered":"https:\/\/fysiolab.dk\/product\/cramer-tannbeskytter\/"},"modified":"2025-12-18T09:20:29","modified_gmt":"2025-12-18T08:20:29","slug":"cramer-tandbeskytter__trashed","status":"publish","type":"product","link":"https:\/\/fysiolab.dk\/no\/product\/cramer-tandbeskytter__trashed\/","title":{"rendered":"Cramer tannbeskytter"},"content":{"rendered":"<p><strong>Cramer tannbeskytter - Sikkerhet og komfort for voksne<\/strong><\/p>\n<p>Cramer-munnbeskyttere er utviklet for voksne og gir effektiv beskyttelse av tenner og munn under kontakt- og lagidretter som basketball, amerikansk fotball, boksing og lignende aktiviteter.<\/p>\n<p><strong>Funksjoner og fordeler<\/strong><\/p>\n<ul>\n<li>Tilgjengelig i tre farger: Transparent, bl\u00e5 og svart<\/li>\n<li>Individuelt tilpasset: Formen tilpasses ved \u00e5 varme opp i varmt vann og deretter presse tannbeskytteren mot tennene i munnen. Det er viktig \u00e5 v\u00e6re forsiktig s\u00e5 du ikke brenner deg under prosessen. <\/li>\n<li>Kan st\u00f8pes flere ganger: Tannbeskytteren kan varmes opp og formes p\u00e5 nytt, slik at den kan justeres over tid.<\/li>\n<li>H\u00f8y komfort: Designet for \u00e5 tillate uanstrengt tale og pusting, noe som gj\u00f8r den praktisk under kamp og trening.<\/li>\n<li>Optimal beskyttelse: Reduserer risikoen for tann- og munnskader som f\u00f8lge av fysisk kontakt.<\/li>\n<\/ul>\n<p><strong>Bruksomr\u00e5der<\/strong><\/p>\n<ul>\n<li>Basketball<\/li>\n<li>Amerikansk fotball<\/li>\n<li>Boksing<\/li>\n<li>Andre kontaktsporter<\/li>\n<\/ul>\n","protected":false},"excerpt":{"rendered":"<p><strong>Cramer-munnbeskyttere er utviklet for voksne og gir effektiv beskyttelse for tenner og munn under kontakt- og lagidretter som basketball, amerikansk fotball, boksing og lignende aktiviteter. Tilgjengelig i fargene: Transparent, bl\u00e5 og svart   <\/strong><\/p>\n","protected":false},"featured_media":92034,"comment_status":"closed","ping_status":"closed","template":"","meta":{"_acf_changed":false},"product_brand":[3112,3087],"product_cat":[2221,2817,1942,1937,1941,1945],"product_tag":[779,1944],"class_list":{"0":"post-85810","1":"product","2":"type-product","3":"status-publish","4":"has-post-thumbnail","6":"product_brand-cramer","7":"product_brand-rehabmedic","8":"product_cat-annet-treningsutstyr","9":"product_cat-cramer-no","10":"product_cat-foerstehjelp","11":"product_cat-merkevarer","12":"product_cat-rekonvalesens-og-sportspleie","13":"product_cat-treningsutstyr","14":"product_tag-rehabmedic","15":"product_tag-rehabmedic-no","17":"first","18":"instock","19":"taxable","20":"shipping-taxable","21":"purchasable","22":"product-type-variable"},"acf":[],"_links":{"self":[{"href":"https:\/\/fysiolab.dk\/no\/wp-json\/wp\/v2\/product\/85810","targetHints":{"allow":["GET"]}}],"collection":[{"href":"https:\/\/fysiolab.dk\/no\/wp-json\/wp\/v2\/product"}],"about":[{"href":"https:\/\/fysiolab.dk\/no\/wp-json\/wp\/v2\/types\/product"}],"replies":[{"embeddable":true,"href":"https:\/\/fysiolab.dk\/no\/wp-json\/wp\/v2\/comments?post=85810"}],"wp:featuredmedia":[{"embeddable":true,"href":"https:\/\/fysiolab.dk\/no\/wp-json\/wp\/v2\/media\/92034"}],"wp:attachment":[{"href":"https:\/\/fysiolab.dk\/no\/wp-json\/wp\/v2\/media?parent=85810"}],"wp:term":[{"taxonomy":"product_brand","embeddable":true,"href":"https:\/\/fysiolab.dk\/no\/wp-json\/wp\/v2\/product_brand?post=85810"},{"taxonomy":"product_cat","embeddable":true,"href":"https:\/\/fysiolab.dk\/no\/wp-json\/wp\/v2\/product_cat?post=85810"},{"taxonomy":"product_tag","embeddable":true,"href":"https:\/\/fysiolab.dk\/no\/wp-json\/wp\/v2\/product_tag?post=85810"}],"curies":[{"name":"wp","href":"https:\/\/api.w.org\/{rel}","templated":true}]}}