{"id":85817,"date":"2025-05-31T21:26:40","date_gmt":"2025-05-31T19:26:40","guid":{"rendered":"https:\/\/fysiolab.dk\/product\/compex-corebelt-3-0\/"},"modified":"2025-12-18T09:20:31","modified_gmt":"2025-12-18T08:20:31","slug":"compex-corebelt-3-0__trashed","status":"publish","type":"product","link":"https:\/\/fysiolab.dk\/no\/product\/compex-corebelt-3-0__trashed\/","title":{"rendered":"Compex Corebelt 3.0"},"content":{"rendered":"<p><strong>Compex CoreBelt 3.0 - Tren kjernemuskulaturen din uten problemer<\/strong><\/p>\n<p>Compex CoreBelt 3.0 er et effektivt treningsverkt\u00f8y som kombinerer muskelstimulering med praktisk appkontroll. Beltet er utviklet for \u00e5 styrke og tone b\u00e5de mage- og ryggmuskulatur uten at du trenger \u00e5 svette i et treningsstudio. Med seks tilpassbare programmer kan du m\u00e5lrette treningen og oppn\u00e5 synlige resultater - hjemme, p\u00e5 kontoret eller mens du gj\u00f8r noe helt annet.<\/p>\n<p><strong>Funksjoner og detaljer:<\/strong><\/p>\n<ul>\n<li>6 programmer\n<ul>\n<li>Tre programmer for magemusklene: Stram opp, form og reduser midjem\u00e5let<\/li>\n<li>Ett program for korsryggen: Styrker og stabiliserer<\/li>\n<li>To kombinerte programmer: Tren magemusklene og korsryggen samtidig<\/li>\n<\/ul>\n<\/li>\n<li>Styring via mobilapp\n<ul>\n<li>Brukervennlig app med Bluetooth-tilkobling<\/li>\n<li>Personlig tilpassede treningsplaner med veiledede \u00f8kter<\/li>\n<li>Juster intensiteten for hver muskelgruppe individuelt<\/li>\n<\/ul>\n<\/li>\n<li>Komfortabel design\n<ul>\n<li>Laget av mykt, pustende materiale med god passform<\/li>\n<li><strong>Finnes i to st\u00f8rrelser: (M\u00e5l omkretsen av midjen din)<\/strong>\n<ul>\n<li>S\/M: 65-85 cm omkrets<\/li>\n<li>L\/XL: 85-114 cm i omkrets<\/li>\n<\/ul>\n<\/li>\n<\/ul>\n<\/li>\n<li>Lang batterilevetid\n<ul>\n<li>Opptil 2 ukers bruk p\u00e5 \u00e9n lading<\/li>\n<li>Full opplading p\u00e5 2 timer med medf\u00f8lgende USB-kabel<\/li>\n<\/ul>\n<\/li>\n<li>Enkel og sk\u00e5nsom trening\n<ul>\n<li>Effektiv muskelaktivering uten belastning p\u00e5 ledd og rygg<\/li>\n<li>Ideell for trening, rehabilitering og forebygging av ryggproblemer<\/li>\n<\/ul>\n<\/li>\n<li><strong>Ogs\u00e5 tilgjengelig i f\u00f8lgende modeller:<\/strong>\n<ul>\n<li><a href=\"https:\/\/fysiolab.dk\/no\/?post_type=product&amp;p=85814\"><strong>Compex Corebelt 1.0 <\/strong><\/a><\/li>\n<li><a href=\"https:\/\/fysiolab.dk\/no\/?post_type=product&amp;p=85830\"><strong>Compex Corebelt 5.0<\/strong><\/a><\/li>\n<\/ul>\n<\/li>\n<\/ul>\n<p><strong>Inkludert i pakken:<\/strong><\/p>\n<ul>\n<li>CoreBelt 3.0 med kontroller<\/li>\n<li>4 elektrodeelektroder (80 x 80 mm)<\/li>\n<li>USB-lader<\/li>\n<li>Oppbevaringspose<\/li>\n<li>Kort guide til hvordan du kommer i gang<\/li>\n<\/ul>\n<p><strong>Det er derfor det fungerer:<\/strong><\/p>\n<p>CoreBelt 3.0 aktiverer musklene dine gjennom elektrisk stimulering, noe som f\u00e5r dem til \u00e5 trekke seg sammen - akkurat som ved vanlig trening. Du kan m\u00e5lrette treningen, gradvis \u00f8ke intensiteten og f\u00f8lge med p\u00e5 fremgangen din. Det er enkelt, effektivt og krever bare noen f\u00e5 \u00f8kter i uken for at du skal f\u00f8le forskjellen.<\/p>\n<p>Gj\u00f8r kjernemuskulaturen sterkere - uten \u00e5 g\u00e5 p\u00e5 akkord med tiden.<br \/>\nBestill i dag og opplev forskjellen med intelligent kjernetrening.<\/p>\n<p><iframe title=\"Compex CoreBelt 3.0 - Product Video\" width=\"800\" height=\"450\" src=\"https:\/\/www.youtube.com\/embed\/Ij8SLl8swaA?feature=oembed&#038;enablejsapi=1&#038;origin=https:\/\/fysiolab.dk\" frameborder=\"0\" allow=\"accelerometer; autoplay; clipboard-write; encrypted-media; gyroscope; picture-in-picture; web-share\" referrerpolicy=\"strict-origin-when-cross-origin\" allowfullscreen><\/iframe><\/p>\n","protected":false},"excerpt":{"rendered":"<p><strong>Compex CoreBelt 3.0 er et effektivt treningsverkt\u00f8y som kombinerer muskelstimulering med praktisk appkontroll. Beltet er utviklet for \u00e5 styrke og tone b\u00e5de mage- og ryggmuskulatur uten at du trenger \u00e5 svette i et treningsstudio. Med seks tilpassbare programmer kan du m\u00e5lrette treningen og oppn\u00e5 synlige resultater - hjemme, p\u00e5 kontoret eller mens du gj\u00f8r noe helt annet. <\/strong><\/p>\n","protected":false},"featured_media":92119,"comment_status":"closed","ping_status":"closed","template":"","meta":{"_acf_changed":false},"product_brand":[],"product_cat":[2013,2029,2030,1950,1937],"product_tag":[2019],"class_list":{"0":"post-85817","1":"product","2":"type-product","3":"status-publish","4":"has-post-thumbnail","6":"product_cat-compex-no-2","7":"product_cat-compex-muskelstimulator-no","8":"product_cat-compex-muskelstimulator-no-2","9":"product_cat-elektroterapi","10":"product_cat-merkevarer","11":"product_tag-compex-no","13":"first","14":"instock","15":"taxable","16":"shipping-taxable","17":"purchasable","18":"product-type-variable"},"acf":[],"_links":{"self":[{"href":"https:\/\/fysiolab.dk\/no\/wp-json\/wp\/v2\/product\/85817","targetHints":{"allow":["GET"]}}],"collection":[{"href":"https:\/\/fysiolab.dk\/no\/wp-json\/wp\/v2\/product"}],"about":[{"href":"https:\/\/fysiolab.dk\/no\/wp-json\/wp\/v2\/types\/product"}],"replies":[{"embeddable":true,"href":"https:\/\/fysiolab.dk\/no\/wp-json\/wp\/v2\/comments?post=85817"}],"wp:featuredmedia":[{"embeddable":true,"href":"https:\/\/fysiolab.dk\/no\/wp-json\/wp\/v2\/media\/92119"}],"wp:attachment":[{"href":"https:\/\/fysiolab.dk\/no\/wp-json\/wp\/v2\/media?parent=85817"}],"wp:term":[{"taxonomy":"product_brand","embeddable":true,"href":"https:\/\/fysiolab.dk\/no\/wp-json\/wp\/v2\/product_brand?post=85817"},{"taxonomy":"product_cat","embeddable":true,"href":"https:\/\/fysiolab.dk\/no\/wp-json\/wp\/v2\/product_cat?post=85817"},{"taxonomy":"product_tag","embeddable":true,"href":"https:\/\/fysiolab.dk\/no\/wp-json\/wp\/v2\/product_tag?post=85817"}],"curies":[{"name":"wp","href":"https:\/\/api.w.org\/{rel}","templated":true}]}}