{"id":85827,"date":"2025-06-01T17:15:44","date_gmt":"2025-06-01T15:15:44","guid":{"rendered":"https:\/\/fysiolab.dk\/product\/leukoplast-fikseringstape\/"},"modified":"2025-12-18T09:20:30","modified_gmt":"2025-12-18T08:20:30","slug":"leukoplast-fikseringstape__trashed","status":"publish","type":"product","link":"https:\/\/fysiolab.dk\/no\/product\/leukoplast-fikseringstape__trashed\/","title":{"rendered":"Leukoplast fikseringstape"},"content":{"rendered":"<p><strong>BSN Leukoplast fikseringstape<\/strong><\/p>\n<p>BSN Leukoplast er en sterk og hudvennlig fikseringstape som er utviklet for \u00e5 feste bandasjer, bandasjer og medisinsk utstyr sikkert til huden. Den egner seg spesielt godt for normal til robust hud og brukes ofte b\u00e5de i klinisk praksis og i hjemmetjenesten. <\/p>\n<p><strong>Funksjoner og fordeler<\/strong><\/p>\n<ul>\n<li>Sterk klebeevne<br \/>\nTeipen kleber effektivt og s\u00f8rger for at bandasjene holder seg p\u00e5 plass, selv under bevegelige eller fuktige forhold.<\/li>\n<li>Hudvennlig<br \/>\nUtviklet med respekt for huden og egnet for daglig bruk p\u00e5 ikke-sensitiv hud.<\/li>\n<li>Kan rives av for h\u00e5nd<br \/>\nTeipen er enkel \u00e5 arbeide med og kan rives av uten saks - b\u00e5de p\u00e5 tvers og p\u00e5 langs.<\/li>\n<li>Motstandsdyktig mot fukt og smuss<br \/>\nBeskytter det underliggende omr\u00e5det og holder seg godt p\u00e5 plass, selv under vanskelige forhold.<\/li>\n<\/ul>\n<p><strong>Bruksomr\u00e5der<\/strong><\/p>\n<ul>\n<li>Feste kompresser, gasbind og s\u00e5rforbindinger<\/li>\n<li>Sikring av slanger, sonder eller annet medisinsk utstyr<\/li>\n<li>Egnet for bruk i ambulant behandling, p\u00e5 sykehus og i hjemmesykepleien<\/li>\n<\/ul>\n<p><strong>Varianter og st\u00f8rrelser<\/strong><\/p>\n<p>Leukoplast fikseringstape er tilgjengelig i f\u00f8lgende praktiske ruller:<\/p>\n<ul>\n<li><strong>2,5 cm x 5 m<\/strong><br \/>\nIdeell for mindre fikseringsoppgaver og presise bruksomr\u00e5der<\/li>\n<li><strong>5 cm x 5 m<\/strong><br \/>\nEgnet for st\u00f8rre omr\u00e5der der det er behov for bredere dekning<\/li>\n<\/ul>\n<p>Begge variantene leveres p\u00e5 ruller og kan enkelt oppbevares i f\u00f8rstehjelpsskrin eller klinikkskap.<\/p>\n","protected":false},"excerpt":{"rendered":"<p><strong>BSN Leukoplast er en sterk og hudvennlig fikseringstape som er utviklet for \u00e5 feste bandasjer, bandasjer og medisinsk utstyr sikkert til huden. Den egner seg spesielt godt for normal til robust hud og brukes ofte b\u00e5de i klinisk praksis og i hjemmetjenesten. <\/strong><\/p>\n<p>&nbsp;<\/p>\n","protected":false},"featured_media":92059,"comment_status":"closed","ping_status":"closed","template":"","meta":{"_acf_changed":false},"product_brand":[3114],"product_cat":[2412,1942,1948,1937,1941,2440,2087],"product_tag":[2414],"class_list":{"0":"post-85827","1":"product","2":"type-product","3":"status-publish","4":"has-post-thumbnail","6":"product_brand-bsn-medical","7":"product_cat-bsn-medical-no","8":"product_cat-foerstehjelp","9":"product_cat-klinikk","10":"product_cat-merkevarer","11":"product_cat-rekonvalesens-og-sportspleie","12":"product_cat-sportsteip","13":"product_cat-tape-no-2","14":"product_tag-bsn-medical-no","16":"first","17":"instock","18":"taxable","19":"shipping-taxable","20":"purchasable","21":"product-type-variable"},"acf":[],"_links":{"self":[{"href":"https:\/\/fysiolab.dk\/no\/wp-json\/wp\/v2\/product\/85827","targetHints":{"allow":["GET"]}}],"collection":[{"href":"https:\/\/fysiolab.dk\/no\/wp-json\/wp\/v2\/product"}],"about":[{"href":"https:\/\/fysiolab.dk\/no\/wp-json\/wp\/v2\/types\/product"}],"replies":[{"embeddable":true,"href":"https:\/\/fysiolab.dk\/no\/wp-json\/wp\/v2\/comments?post=85827"}],"wp:featuredmedia":[{"embeddable":true,"href":"https:\/\/fysiolab.dk\/no\/wp-json\/wp\/v2\/media\/92059"}],"wp:attachment":[{"href":"https:\/\/fysiolab.dk\/no\/wp-json\/wp\/v2\/media?parent=85827"}],"wp:term":[{"taxonomy":"product_brand","embeddable":true,"href":"https:\/\/fysiolab.dk\/no\/wp-json\/wp\/v2\/product_brand?post=85827"},{"taxonomy":"product_cat","embeddable":true,"href":"https:\/\/fysiolab.dk\/no\/wp-json\/wp\/v2\/product_cat?post=85827"},{"taxonomy":"product_tag","embeddable":true,"href":"https:\/\/fysiolab.dk\/no\/wp-json\/wp\/v2\/product_tag?post=85827"}],"curies":[{"name":"wp","href":"https:\/\/api.w.org\/{rel}","templated":true}]}}