{"id":85830,"date":"2025-06-01T15:14:08","date_gmt":"2025-06-01T13:14:08","guid":{"rendered":"https:\/\/fysiolab.dk\/product\/compex-corebelt-5-0\/"},"modified":"2025-12-18T09:20:30","modified_gmt":"2025-12-18T08:20:30","slug":"compex-corebelt-5-0__trashed","status":"publish","type":"product","link":"https:\/\/fysiolab.dk\/no\/product\/compex-corebelt-5-0__trashed\/","title":{"rendered":"Compex Corebelt 5.0"},"content":{"rendered":"<p><strong>Compex CoreBelt 5.0 - Avansert kjernetrening og ryggmassasje i ett og samme belte<\/strong><\/p>\n<p>Compex CoreBelt 5.0 er det mest avanserte EMS-beltet i CoreBelt-serien, og kombinerer effektiv muskeltrening med m\u00e5lrettet ryggmassasje. Med ni programmer og appstyrt kontroll er det ideelt for deg som \u00f8nsker \u00e5 styrke kjernemuskulaturen, forbedre holdningen og redusere spenninger i korsryggen - alt uten \u00e5 endre den daglige rutinen. <\/p>\n<p><strong>Funksjoner og detaljer:<\/strong><\/p>\n<ul>\n<li>9 programmer\n<ul>\n<li>Mage: Ton, form og slank midje<\/li>\n<li>Nedre del av ryggen: Styrke, avslapping og dyp massasje<\/li>\n<li>Kombinert: Forsterkning, lett trening og intensiv trening<\/li>\n<\/ul>\n<\/li>\n<li>App-styrt via Bluetooth\u00ae.\n<ul>\n<li>Gratis CoreBelt-app for iOS (\u2265 iOS 12) og Android (\u2265 Android 8)<\/li>\n<li>Personlig tilpassede treningsplaner med 18 \u00f8kter over 6 uker<\/li>\n<li>Juster intensiteten individuelt for mage og korsrygg<\/li>\n<li>F\u00f8lg med p\u00e5 fremgangen din og motta p\u00e5minnelser<\/li>\n<\/ul>\n<\/li>\n<li>Komfortabel og justerbar design\n<ul>\n<li>Laget av mykt, pustende materiale for maksimal komfort<\/li>\n<li><strong>Finnes i to st\u00f8rrelser: (M\u00e5l omkretsen av midjen din)<\/strong>\n<ul>\n<li>S\/M: 65-85 cm omkrets<\/li>\n<li>L\/XL: 85-114 cm i omkrets<\/li>\n<\/ul>\n<\/li>\n<\/ul>\n<\/li>\n<li>Lang batterilevetid\n<ul>\n<li>Opptil 2 ukers bruk p\u00e5 \u00e9n lading<\/li>\n<li>Full opplading p\u00e5 bare 2 timer via USB<\/li>\n<\/ul>\n<\/li>\n<li>Sikker og effektiv oppl\u00e6ring\n<ul>\n<li>EMS-teknologi aktiverer musklene uten \u00e5 belaste ledd og rygg<\/li>\n<li>Ideell for b\u00e5de trening og forebygging av ryggproblemer<\/li>\n<\/ul>\n<\/li>\n<\/ul>\n<p><strong>Inkludert i pakken:<\/strong><\/p>\n<ul>\n<li>CoreBelt 5.0 med kontroller<\/li>\n<li>4 elektrodeelektroder (80 x 80 mm)<\/li>\n<li>USB-ladekabel<\/li>\n<li>Oppbevaringspose<\/li>\n<li>Kom i gang-veiledning<\/li>\n<\/ul>\n<p><strong>Hvem er det for?<\/strong><\/p>\n<p><strong>CoreBelt 5.0 er perfekt for deg som:<\/strong><\/p>\n<ul>\n<li>\u00d8nsker du en avansert l\u00f8sning for \u00e5 tone og styrke kjernemuskulaturen din<\/li>\n<li>Trenger m\u00e5lrettet massasje og avspenning av musklene i korsryggen<\/li>\n<li>Leter du etter en brukervennlig og effektiv treningsmetode som passer inn i en travel hverdag?<\/li>\n<\/ul>\n<p>Oppn\u00e5 en sterkere og mer avslappet kjerne med Compex CoreBelt 5.0 - din personlige trener og mass\u00f8r i ett.<br \/>\nBestill i dag og opplev forskjellen med intelligent kjernetrening og velv\u00e6re<\/p>\n<p><iframe title=\"Compex Corebelt 5.0 - Product Video\" width=\"800\" height=\"450\" src=\"https:\/\/www.youtube.com\/embed\/8LfgY72fRLA?feature=oembed&#038;enablejsapi=1&#038;origin=https:\/\/fysiolab.dk\" frameborder=\"0\" allow=\"accelerometer; autoplay; clipboard-write; encrypted-media; gyroscope; picture-in-picture; web-share\" referrerpolicy=\"strict-origin-when-cross-origin\" allowfullscreen><\/iframe><\/p>\n","protected":false},"excerpt":{"rendered":"<p><strong>Compex CoreBelt 5.0 er det mest avanserte EMS-beltet i CoreBelt-serien, og kombinerer effektiv muskeltrening med m\u00e5lrettet ryggmassasje. Med ni programmer og appstyrt kontroll er det ideelt for deg som \u00f8nsker \u00e5 styrke kjernemuskulaturen, forbedre holdningen og redusere spenninger i korsryggen - alt uten \u00e5 endre den daglige rutinen. <\/strong><\/p>\n","protected":false},"featured_media":92069,"comment_status":"closed","ping_status":"closed","template":"","meta":{"_acf_changed":false},"product_brand":[3115],"product_cat":[2013,2029,2030,1950,1937],"product_tag":[2019],"class_list":{"0":"post-85830","1":"product","2":"type-product","3":"status-publish","4":"has-post-thumbnail","6":"product_brand-compex","7":"product_cat-compex-no-2","8":"product_cat-compex-muskelstimulator-no","9":"product_cat-compex-muskelstimulator-no-2","10":"product_cat-elektroterapi","11":"product_cat-merkevarer","12":"product_tag-compex-no","14":"first","15":"instock","16":"taxable","17":"shipping-taxable","18":"purchasable","19":"product-type-variable"},"acf":[],"_links":{"self":[{"href":"https:\/\/fysiolab.dk\/no\/wp-json\/wp\/v2\/product\/85830","targetHints":{"allow":["GET"]}}],"collection":[{"href":"https:\/\/fysiolab.dk\/no\/wp-json\/wp\/v2\/product"}],"about":[{"href":"https:\/\/fysiolab.dk\/no\/wp-json\/wp\/v2\/types\/product"}],"replies":[{"embeddable":true,"href":"https:\/\/fysiolab.dk\/no\/wp-json\/wp\/v2\/comments?post=85830"}],"wp:featuredmedia":[{"embeddable":true,"href":"https:\/\/fysiolab.dk\/no\/wp-json\/wp\/v2\/media\/92069"}],"wp:attachment":[{"href":"https:\/\/fysiolab.dk\/no\/wp-json\/wp\/v2\/media?parent=85830"}],"wp:term":[{"taxonomy":"product_brand","embeddable":true,"href":"https:\/\/fysiolab.dk\/no\/wp-json\/wp\/v2\/product_brand?post=85830"},{"taxonomy":"product_cat","embeddable":true,"href":"https:\/\/fysiolab.dk\/no\/wp-json\/wp\/v2\/product_cat?post=85830"},{"taxonomy":"product_tag","embeddable":true,"href":"https:\/\/fysiolab.dk\/no\/wp-json\/wp\/v2\/product_tag?post=85830"}],"curies":[{"name":"wp","href":"https:\/\/api.w.org\/{rel}","templated":true}]}}