{"id":92638,"date":"2025-07-05T23:52:28","date_gmt":"2025-07-05T21:52:28","guid":{"rendered":"https:\/\/fysiolab.dk\/product\/liiteguard-re-lite-anorak-unisex\/"},"modified":"2025-12-18T09:20:27","modified_gmt":"2025-12-18T08:20:27","slug":"liiteguard-re-lite-anorak-unisex","status":"publish","type":"product","link":"https:\/\/fysiolab.dk\/no\/product\/liiteguard-re-lite-anorak-unisex\/","title":{"rendered":"LiiteGuard Re-Lite Anorak (unisex)"},"content":{"rendered":"<h2 data-start=\"85\" data-end=\"123\">liiteGuard Re-Liite Anorak (Unisex)<\/h2>\n<h3 data-start=\"125\" data-end=\"155\">Lett, funksjonell og allsidig<\/h3>\n<p data-start=\"157\" data-end=\"403\">Re-Liite Anorak er laget for \u00e5 f\u00f8lge deg gjennom hele trenings\u00f8kten - fra oppvarming til restitusjon. Med det superlette materialet og 4-veis stretch f\u00e5r du maksimal bevegelsesfrihet og komfort uansett om du l\u00f8per, varmer opp eller bare er ute og reiser. <\/p>\n<h3 data-start=\"405\" data-end=\"428\">Komfort p\u00e5 farten<\/h3>\n<ul data-start=\"429\" data-end=\"592\">\n<li data-start=\"429\" data-end=\"464\">\n<p data-start=\"431\" data-end=\"464\">Ekstremt lett og pustende materiale<\/p>\n<\/li>\n<li data-start=\"465\" data-end=\"505\">\n<p data-start=\"467\" data-end=\"505\">4-veis stretch for naturlig bevegelse<\/p>\n<\/li>\n<li data-start=\"506\" data-end=\"543\">\n<p data-start=\"508\" data-end=\"543\">Kvart glidel\u00e5s for fleksibel ventilasjon<\/p>\n<\/li>\n<li data-start=\"544\" data-end=\"592\">\n<p data-start=\"546\" data-end=\"592\">Justerbar elastisk midje for optimal passform<\/p>\n<\/li>\n<\/ul>\n<h3 data-start=\"594\" data-end=\"616\">Praktiske detaljer<\/h3>\n<ul data-start=\"617\" data-end=\"737\">\n<li data-start=\"617\" data-end=\"682\">\n<p data-start=\"619\" data-end=\"682\">Diskret glidel\u00e5slomme p\u00e5 brystet - perfekt for mobiltelefon eller n\u00f8kler<\/p>\n<\/li>\n<li data-start=\"683\" data-end=\"737\">\n<p data-start=\"685\" data-end=\"737\">Refleksdetaljer for \u00f8kt synlighet i m\u00f8rket<\/p>\n<\/li>\n<\/ul>\n<h3 data-start=\"739\" data-end=\"767\">B\u00e6rekraft og kvalitet<\/h3>\n<p data-start=\"768\" data-end=\"937\">Anorakken er laget av 86 % resirkulert polyester og 14 % spandex - en kombinasjon som gir b\u00e5de komfort og slitestyrke, samtidig som den er milj\u00f8vennlig.<\/p>\n<h3 data-start=\"939\" data-end=\"963\">Passform og st\u00f8rrelser<\/h3>\n<p data-start=\"964\" data-end=\"1189\">Re-Liite Anorak er tilgjengelig i st\u00f8rrelsene <strong data-start=\"1002\" data-end=\"1011\">Small<\/strong> til <strong data-start=\"1016\" data-end=\"1028\">XX-Large<\/strong>, slik at alle kan finne en passform som passer. Unisex-passformen f\u00f8lger herrest\u00f8rrelsene, s\u00e5 kvinner anbefales \u00e5 velge en st\u00f8rrelse mindre for \u00e5 f\u00e5 en tettere passform. <\/p>\n<h3 data-start=\"1191\" data-end=\"1201\">Farger<\/h3>\n<ul data-start=\"1202\" data-end=\"1265\">\n<li data-start=\"1202\" data-end=\"1211\">\n<p data-start=\"1204\" data-end=\"1211\">Svart<\/p>\n<\/li>\n<li data-start=\"1212\" data-end=\"1224\">\n<p data-start=\"1214\" data-end=\"1224\">Bordeaux<\/p>\n<\/li>\n<li data-start=\"1225\" data-end=\"1240\">\n<p data-start=\"1227\" data-end=\"1240\">Dusty Green<\/p>\n<\/li>\n<li data-start=\"1241\" data-end=\"1250\">\n<p data-start=\"1243\" data-end=\"1250\">Beige farge<\/p>\n<\/li>\n<li data-start=\"1251\" data-end=\"1265\">\n<p data-start=\"1253\" data-end=\"1265\">Kjole bl\u00e5<\/p>\n<\/li>\n<\/ul>\n<hr data-start=\"1267\" data-end=\"1270\">\n<p data-start=\"1272\" data-end=\"1542\"><strong data-start=\"1272\" data-end=\"1286\">Kort sagt:<\/strong><br data-start=\"1286\" data-end=\"1289\">En lett og fleksibel anorakk som kombinerer funksjonell design med h\u00f8y komfort og b\u00e6rekraftige materialer. Ideell som oppvarmingsjakke, for restitusjon - eller som en stilig og sporty hverdagsjakke. Finnes i en rekke farger som passer til enhver stil.  <\/p>\n","protected":false},"excerpt":{"rendered":"<p><strong>Re-Liite Anorak er laget for \u00e5 f\u00f8lge deg gjennom hele trenings\u00f8kten - fra oppvarming til restitusjon. Med det superlette materialet og 4-veis stretch f\u00e5r du maksimal bevegelsesfrihet og komfort uansett om du l\u00f8per, varmer opp eller bare er ute og reiser. <\/strong><\/p>\n","protected":false},"featured_media":92610,"comment_status":"closed","ping_status":"closed","template":"","meta":{"_acf_changed":false},"product_brand":[],"product_cat":[1966,1965,1968],"product_tag":[1971],"class_list":{"0":"post-92638","1":"product","2":"type-product","3":"status-publish","4":"has-post-thumbnail","6":"product_cat-klaer","7":"product_cat-liiteguard-no","8":"product_cat-liiteguard-no-2","9":"product_tag-liiteguard-no","11":"first","12":"instock","13":"taxable","14":"shipping-taxable","15":"purchasable","16":"product-type-variable"},"acf":[],"_links":{"self":[{"href":"https:\/\/fysiolab.dk\/no\/wp-json\/wp\/v2\/product\/92638","targetHints":{"allow":["GET"]}}],"collection":[{"href":"https:\/\/fysiolab.dk\/no\/wp-json\/wp\/v2\/product"}],"about":[{"href":"https:\/\/fysiolab.dk\/no\/wp-json\/wp\/v2\/types\/product"}],"replies":[{"embeddable":true,"href":"https:\/\/fysiolab.dk\/no\/wp-json\/wp\/v2\/comments?post=92638"}],"wp:featuredmedia":[{"embeddable":true,"href":"https:\/\/fysiolab.dk\/no\/wp-json\/wp\/v2\/media\/92610"}],"wp:attachment":[{"href":"https:\/\/fysiolab.dk\/no\/wp-json\/wp\/v2\/media?parent=92638"}],"wp:term":[{"taxonomy":"product_brand","embeddable":true,"href":"https:\/\/fysiolab.dk\/no\/wp-json\/wp\/v2\/product_brand?post=92638"},{"taxonomy":"product_cat","embeddable":true,"href":"https:\/\/fysiolab.dk\/no\/wp-json\/wp\/v2\/product_cat?post=92638"},{"taxonomy":"product_tag","embeddable":true,"href":"https:\/\/fysiolab.dk\/no\/wp-json\/wp\/v2\/product_tag?post=92638"}],"curies":[{"name":"wp","href":"https:\/\/api.w.org\/{rel}","templated":true}]}}