{"id":92751,"date":"2025-07-06T00:17:04","date_gmt":"2025-07-05T22:17:04","guid":{"rendered":"https:\/\/fysiolab.dk\/product\/liiteguard-aero-tech-vindjakke-dame\/"},"modified":"2025-12-18T09:20:26","modified_gmt":"2025-12-18T08:20:26","slug":"liiteguard-aero-tech-vindjakke-dame","status":"publish","type":"product","link":"https:\/\/fysiolab.dk\/no\/product\/liiteguard-aero-tech-vindjakke-dame\/","title":{"rendered":"LiiteGuard Aero-Tech vindjakke (dame)"},"content":{"rendered":"<h3 data-start=\"44\" data-end=\"94\"><strong data-start=\"48\" data-end=\"94\">liiteGuard Aero-Tech vindjakke - dame<\/strong><\/h3>\n<p data-start=\"96\" data-end=\"167\"><strong data-start=\"96\" data-end=\"167\">Ultralett, vind- og vannavvisende jakke for aktiv trening og friluftsliv<\/strong><\/p>\n<p data-start=\"169\" data-end=\"206\"><span class=\"relative -mx-px my-[-0.2rem] rounded px-px py-[0.2rem] transition-colors duration-100 ease-in-out\">Den nye Aero-Tech Windbreaker for kvinner veier bare 107 g i st\u00f8rrelse M. M og er laget av 100 % resirkulert nylon med PFC-fri DWR-behandling som beskytter mot vind og lett regn, samtidig som stoffet puster. Designet med en tilpasset passform for kvinner, slik at den sitter tett, men komfortabelt gjennom bevegelse.  <\/span><\/p>\n<p data-start=\"208\" data-end=\"221\"><strong data-start=\"208\" data-end=\"221\">Detaljer:<\/strong><\/p>\n<ul data-start=\"222\" data-end=\"473\">\n<li data-start=\"222\" data-end=\"263\">\n<p data-start=\"224\" data-end=\"263\"><span class=\"relative -mx-px my-[-0.2rem] rounded px-px py-[0.2rem] transition-colors duration-100 ease-in-out\">Toveis YKK-glidel\u00e5s<\/span><\/p>\n<\/li>\n<li data-start=\"264\" data-end=\"305\">\n<p data-start=\"266\" data-end=\"305\"><span class=\"relative -mx-px my-[-0.2rem] rounded px-px py-[0.2rem] transition-colors duration-100 ease-in-out\">Justerbar l\u00f8pesnor i kanten<\/span><\/p>\n<\/li>\n<li data-start=\"306\" data-end=\"347\">\n<p data-start=\"308\" data-end=\"347\"><span class=\"relative -mx-px my-[-0.2rem] rounded px-px py-[0.2rem] transition-colors duration-100 ease-in-out\">Reflekser foran og bak<\/span><\/p>\n<\/li>\n<li data-start=\"348\" data-end=\"389\">\n<p data-start=\"350\" data-end=\"389\"><span class=\"relative -mx-px my-[-0.2rem] rounded px-px py-[0.2rem] transition-colors duration-100 ease-in-out\">Klokkevindu p\u00e5 venstre hylse<\/span><\/p>\n<\/li>\n<li data-start=\"390\" data-end=\"431\">\n<p data-start=\"392\" data-end=\"431\"><span class=\"relative -mx-px my-[-0.2rem] rounded px-px py-[0.2rem] transition-colors duration-100 ease-in-out\">Baklomme med glidel\u00e5s - kan ogs\u00e5 brukes til \u00e5 pakke jakken<\/span><\/p>\n<\/li>\n<li data-start=\"432\" data-end=\"473\">\n<p data-start=\"434\" data-end=\"473\"><span class=\"relative -mx-px my-[-0.2rem] rounded px-px py-[0.2rem] transition-colors duration-100 ease-in-out\">Ultralett og pakkbar<\/span><\/p>\n<\/li>\n<\/ul>\n<p data-start=\"475\" data-end=\"491\"><strong data-start=\"475\" data-end=\"491\">Fargevalg:<\/strong><\/p>\n<ul data-start=\"492\" data-end=\"521\">\n<li data-start=\"492\" data-end=\"506\">\n<p data-start=\"494\" data-end=\"506\">Gr\u00e5gr\u00f8nn<\/p>\n<\/li>\n<li data-start=\"507\" data-end=\"521\">\n<p data-start=\"509\" data-end=\"521\">M\u00f8rk nyanse<\/p>\n<\/li>\n<\/ul>\n<hr data-start=\"523\" data-end=\"526\">\n<h3 data-start=\"528\" data-end=\"553\"><strong data-start=\"532\" data-end=\"553\">St\u00f8rrelser og dimensjoner<\/strong><\/h3>\n<div class=\"_tableContainer_80l1q_1\">\n<div class=\"_tableWrapper_80l1q_14 group flex w-fit flex-col-reverse\" tabindex=\"-1\">\n<table class=\"w-fit min-w-(--thread-content-width)\" data-start=\"555\" data-end=\"992\">\n<thead data-start=\"555\" data-end=\"607\">\n<tr data-start=\"555\" data-end=\"607\">\n<th data-start=\"555\" data-end=\"567\" data-col-size=\"sm\">St\u00f8rrelse (cm)<\/th>\n<th data-start=\"567\" data-end=\"580\" data-col-size=\"sm\">Brystkasse (cm)<\/th>\n<th data-start=\"580\" data-end=\"593\" data-col-size=\"sm\">Midje (cm)<\/th>\n<th data-start=\"593\" data-end=\"607\" data-col-size=\"sm\">Hofte (cm)<\/th>\n<\/tr>\n<\/thead>\n<tbody data-start=\"663\" data-end=\"992\">\n<tr data-start=\"663\" data-end=\"717\">\n<td data-start=\"663\" data-end=\"674\" data-col-size=\"sm\">XS<\/td>\n<td data-col-size=\"sm\" data-start=\"674\" data-end=\"688\">77 - 82<\/td>\n<td data-col-size=\"sm\" data-start=\"688\" data-end=\"702\">61 - 66<\/td>\n<td data-col-size=\"sm\" data-start=\"702\" data-end=\"717\">89 - 92<\/td>\n<\/tr>\n<tr data-start=\"718\" data-end=\"772\">\n<td data-start=\"718\" data-end=\"729\" data-col-size=\"sm\">S<\/td>\n<td data-start=\"729\" data-end=\"743\" data-col-size=\"sm\">83 - 88<\/td>\n<td data-col-size=\"sm\" data-start=\"743\" data-end=\"757\">67 - 72<\/td>\n<td data-col-size=\"sm\" data-start=\"757\" data-end=\"772\">93 - 97<\/td>\n<\/tr>\n<tr data-start=\"773\" data-end=\"827\">\n<td data-start=\"773\" data-end=\"784\" data-col-size=\"sm\">M<\/td>\n<td data-start=\"784\" data-end=\"798\" data-col-size=\"sm\">89 - 94<\/td>\n<td data-start=\"798\" data-end=\"812\" data-col-size=\"sm\">73 - 78<\/td>\n<td data-start=\"812\" data-end=\"827\" data-col-size=\"sm\">98 - 102<\/td>\n<\/tr>\n<tr data-start=\"828\" data-end=\"882\">\n<td data-start=\"828\" data-end=\"839\" data-col-size=\"sm\">L<\/td>\n<td data-col-size=\"sm\" data-start=\"839\" data-end=\"853\">95 - 101<\/td>\n<td data-col-size=\"sm\" data-start=\"853\" data-end=\"867\">79 - 85<\/td>\n<td data-col-size=\"sm\" data-start=\"867\" data-end=\"882\">103 - 108<\/td>\n<\/tr>\n<tr data-start=\"883\" data-end=\"937\">\n<td data-start=\"883\" data-end=\"894\" data-col-size=\"sm\">XL<\/td>\n<td data-start=\"894\" data-end=\"908\" data-col-size=\"sm\">102 - 113<\/td>\n<td data-start=\"908\" data-end=\"922\" data-col-size=\"sm\">86 - 97<\/td>\n<td data-col-size=\"sm\" data-start=\"922\" data-end=\"937\">109 - 116<\/td>\n<\/tr>\n<tr data-start=\"938\" data-end=\"992\">\n<td data-start=\"938\" data-end=\"949\" data-col-size=\"sm\">XXL<\/td>\n<td data-start=\"949\" data-end=\"963\" data-col-size=\"sm\">114 - 125<\/td>\n<td data-start=\"963\" data-end=\"977\" data-col-size=\"sm\">98 - 111<\/td>\n<td data-start=\"977\" data-end=\"992\" data-col-size=\"sm\">117 - 127<\/td>\n<\/tr>\n<\/tbody>\n<\/table>\n<\/div>\n<\/div>\n","protected":false},"excerpt":{"rendered":"<p><strong><span class=\"relative -mx-px my-[-0.2rem] rounded px-px py-[0.2rem] transition-colors duration-100 ease-in-out\">Den nye Aero-Tech Windbreaker for kvinner veier bare 107 g i st\u00f8rrelse M. M og er laget av 100 % resirkulert nylon med PFC-fri DWR-behandling som beskytter mot vind og lett regn, samtidig som stoffet puster. Designet med en tilpasset passform for kvinner, slik at den sitter tett, men komfortabelt gjennom bevegelse.  <\/span><\/strong><\/p>\n","protected":false},"featured_media":92728,"comment_status":"closed","ping_status":"closed","template":"","meta":{"_acf_changed":false},"product_brand":[],"product_cat":[1966,1965,1968],"product_tag":[1971],"class_list":{"0":"post-92751","1":"product","2":"type-product","3":"status-publish","4":"has-post-thumbnail","6":"product_cat-klaer","7":"product_cat-liiteguard-no","8":"product_cat-liiteguard-no-2","9":"product_tag-liiteguard-no","11":"first","12":"instock","13":"taxable","14":"shipping-taxable","15":"purchasable","16":"product-type-variable"},"acf":[],"_links":{"self":[{"href":"https:\/\/fysiolab.dk\/no\/wp-json\/wp\/v2\/product\/92751","targetHints":{"allow":["GET"]}}],"collection":[{"href":"https:\/\/fysiolab.dk\/no\/wp-json\/wp\/v2\/product"}],"about":[{"href":"https:\/\/fysiolab.dk\/no\/wp-json\/wp\/v2\/types\/product"}],"replies":[{"embeddable":true,"href":"https:\/\/fysiolab.dk\/no\/wp-json\/wp\/v2\/comments?post=92751"}],"wp:featuredmedia":[{"embeddable":true,"href":"https:\/\/fysiolab.dk\/no\/wp-json\/wp\/v2\/media\/92728"}],"wp:attachment":[{"href":"https:\/\/fysiolab.dk\/no\/wp-json\/wp\/v2\/media?parent=92751"}],"wp:term":[{"taxonomy":"product_brand","embeddable":true,"href":"https:\/\/fysiolab.dk\/no\/wp-json\/wp\/v2\/product_brand?post=92751"},{"taxonomy":"product_cat","embeddable":true,"href":"https:\/\/fysiolab.dk\/no\/wp-json\/wp\/v2\/product_cat?post=92751"},{"taxonomy":"product_tag","embeddable":true,"href":"https:\/\/fysiolab.dk\/no\/wp-json\/wp\/v2\/product_tag?post=92751"}],"curies":[{"name":"wp","href":"https:\/\/api.w.org\/{rel}","templated":true}]}}