{"id":92826,"date":"2025-07-06T09:41:58","date_gmt":"2025-07-06T07:41:58","guid":{"rendered":"https:\/\/fysiolab.dk\/product\/liiteguard-re-liite-shorts-menn\/"},"modified":"2026-02-12T10:25:33","modified_gmt":"2026-02-12T09:25:33","slug":"liiteguard-re-liite-shorts-menn","status":"publish","type":"product","link":"https:\/\/fysiolab.dk\/no\/product\/liiteguard-re-liite-shorts-menn\/","title":{"rendered":"LiiteGuard Re-Liite Shorts (menn)"},"content":{"rendered":"<h3 data-start=\"169\" data-end=\"209\"><strong data-start=\"172\" data-end=\"209\">LiiteGuard Re-Liite Shorts - Herre<\/strong><\/h3>\n<p data-start=\"211\" data-end=\"258\"><strong data-start=\"211\" data-end=\"258\">Ultralett, funksjonell og skapt for bevegelse<\/strong><\/p>\n<p data-start=\"260\" data-end=\"604\">Re-Liite Shorts er designet for mannen som \u00f8nsker maksimal komfort og bevegelsesfrihet under trening og l\u00f8ping. Shortsene er laget av et mykt og fleksibelt 4-veis stretchmateriale med h\u00f8y pusteevne og effektiv svettetransport. De f\u00f8les lette mot huden og gir deg full frihet - enten du l\u00f8per, trener p\u00e5 treningssenteret eller er aktiv i hverdagen.  <\/p>\n<h3 data-start=\"606\" data-end=\"630\"><strong data-start=\"610\" data-end=\"630\">Produktdetaljer:<\/strong><\/h3>\n<ul data-start=\"631\" data-end=\"958\">\n<li data-start=\"631\" data-end=\"674\">\n<p data-start=\"633\" data-end=\"674\">87 % resirkulert polyester, 13 % elastan<\/p>\n<\/li>\n<li data-start=\"675\" data-end=\"713\">\n<p data-start=\"677\" data-end=\"713\">4-veis stretch for optimal bevegelse<\/p>\n<\/li>\n<li data-start=\"714\" data-end=\"755\">\n<p data-start=\"716\" data-end=\"755\">Svetttransporterende og hurtigt\u00f8rkende<\/p>\n<\/li>\n<li data-start=\"756\" data-end=\"778\">\n<p data-start=\"758\" data-end=\"778\">To \u00e5pne sidelommer<\/p>\n<\/li>\n<li data-start=\"779\" data-end=\"827\">\n<p data-start=\"781\" data-end=\"827\">En baklomme med glidel\u00e5s for sikker oppbevaring<\/p>\n<\/li>\n<li data-start=\"828\" data-end=\"868\">\n<p data-start=\"830\" data-end=\"868\">Elastisk linning med innvendig sn\u00f8ring<\/p>\n<\/li>\n<li data-start=\"869\" data-end=\"908\">\n<p data-start=\"871\" data-end=\"908\">Reflekterende logoer foran og bak<\/p>\n<\/li>\n<li data-start=\"909\" data-end=\"958\">\n<p data-start=\"911\" data-end=\"958\">M\u00e5 ikke t\u00f8rkes i t\u00f8rketrommel - vask i henhold til instruksjonene<\/p>\n<\/li>\n<\/ul>\n<hr data-start=\"960\" data-end=\"963\">\n<h3 data-start=\"965\" data-end=\"980\"><strong data-start=\"969\" data-end=\"980\">Farger:<\/strong><\/h3>\n<ul data-start=\"981\" data-end=\"1032\">\n<li data-start=\"981\" data-end=\"990\">\n<p data-start=\"983\" data-end=\"990\">Svart<\/p>\n<\/li>\n<li data-start=\"991\" data-end=\"1006\">\n<p data-start=\"993\" data-end=\"1006\">Dusty Green<\/p>\n<\/li>\n<li data-start=\"1007\" data-end=\"1019\">\n<p data-start=\"1009\" data-end=\"1019\">Bordeaux<\/p>\n<\/li>\n<li data-start=\"1020\" data-end=\"1032\">\n<p data-start=\"1022\" data-end=\"1032\">Kjole bl\u00e5<\/p>\n<\/li>\n<li data-start=\"1020\" data-end=\"1032\">Chilipepper<\/li>\n<\/ul>\n<hr data-start=\"1034\" data-end=\"1037\">\n<h3 data-start=\"1039\" data-end=\"1058\"><strong data-start=\"1043\" data-end=\"1058\">St\u00f8rrelser:<\/strong><\/h3>\n<p data-start=\"1059\" data-end=\"1079\">S - M - L - XL - XXL<\/p>\n<hr data-start=\"1081\" data-end=\"1084\">\n<h3 data-start=\"1086\" data-end=\"1116\"><strong data-start=\"1090\" data-end=\"1116\">St\u00f8rrelsesguide - menn<\/strong><\/h3>\n<div class=\"_tableContainer_80l1q_1\">\n<div class=\"_tableWrapper_80l1q_14 group flex w-fit flex-col-reverse\" tabindex=\"-1\">\n<table class=\"w-fit min-w-(--thread-content-width)\" data-start=\"1118\" data-end=\"1424\">\n<thead data-start=\"1118\" data-end=\"1160\">\n<tr data-start=\"1118\" data-end=\"1160\">\n<th data-start=\"1118\" data-end=\"1130\" data-col-size=\"sm\">St\u00f8rrelse (cm)<\/th>\n<th data-start=\"1130\" data-end=\"1146\" data-col-size=\"sm\">Midje (cm)<\/th>\n<th data-start=\"1146\" data-end=\"1160\" data-col-size=\"sm\">Hofte (cm)<\/th>\n<\/tr>\n<\/thead>\n<tbody data-start=\"1205\" data-end=\"1424\">\n<tr data-start=\"1205\" data-end=\"1248\">\n<td data-start=\"1205\" data-end=\"1216\" data-col-size=\"sm\">S<\/td>\n<td data-col-size=\"sm\" data-start=\"1216\" data-end=\"1233\">80 - 84<\/td>\n<td data-col-size=\"sm\" data-start=\"1233\" data-end=\"1248\">95 - 99<\/td>\n<\/tr>\n<tr data-start=\"1249\" data-end=\"1292\">\n<td data-start=\"1249\" data-end=\"1260\" data-col-size=\"sm\">M<\/td>\n<td data-col-size=\"sm\" data-start=\"1260\" data-end=\"1277\">85 - 89<\/td>\n<td data-col-size=\"sm\" data-start=\"1277\" data-end=\"1292\">100 - 104<\/td>\n<\/tr>\n<tr data-start=\"1293\" data-end=\"1336\">\n<td data-start=\"1293\" data-end=\"1304\" data-col-size=\"sm\">L<\/td>\n<td data-col-size=\"sm\" data-start=\"1304\" data-end=\"1321\">90 - 94<\/td>\n<td data-col-size=\"sm\" data-start=\"1321\" data-end=\"1336\">105 - 109<\/td>\n<\/tr>\n<tr data-start=\"1337\" data-end=\"1380\">\n<td data-start=\"1337\" data-end=\"1348\" data-col-size=\"sm\">XL<\/td>\n<td data-col-size=\"sm\" data-start=\"1348\" data-end=\"1365\">95 - 100<\/td>\n<td data-col-size=\"sm\" data-start=\"1365\" data-end=\"1380\">110 - 115<\/td>\n<\/tr>\n<tr data-start=\"1381\" data-end=\"1424\">\n<td data-start=\"1381\" data-end=\"1392\" data-col-size=\"sm\">XXL<\/td>\n<td data-col-size=\"sm\" data-start=\"1392\" data-end=\"1409\">101 - 106<\/td>\n<td data-col-size=\"sm\" data-start=\"1409\" data-end=\"1424\">116 - 121<\/td>\n<\/tr>\n<\/tbody>\n<\/table>\n<div class=\"sticky end-(--thread-content-margin) h-0 self-end select-none\">\n<div class=\"absolute end-0 flex items-end\"><\/div>\n<\/div>\n<\/div>\n<\/div>\n<p data-start=\"1426\" data-end=\"1567\">\ud83d\udca1 <em data-start=\"1429\" data-end=\"1567\">Hvis du er mellom to st\u00f8rrelser, anbefaler vi at du g\u00e5r opp en st\u00f8rrelse for en l\u00f8sere passform eller ned en st\u00f8rrelse for en tettere passform.<\/em><\/p>\n<hr data-start=\"1569\" data-end=\"1572\">\n<h3 data-start=\"1574\" data-end=\"1595\"><strong data-start=\"1578\" data-end=\"1595\">Egnet for:<\/strong><\/h3>\n<p data-start=\"1596\" data-end=\"1698\">L\u00f8ping, styrketrening, padel, crossfit og aktiv fritid - der letthet og bevegelsesfrihet er viktigst.<\/p>\n","protected":false},"excerpt":{"rendered":"<p><strong>Ultralett treningsshorts med 4-veis stretch, svetteavvisende materiale og praktiske lommer. Perfekt til b\u00e5de l\u00f8ping og hverdagsbruk - maksimal bevegelsesfrihet i en stilig design. <\/strong><\/p>\n","protected":false},"featured_media":92762,"comment_status":"closed","ping_status":"closed","template":"","meta":{"_acf_changed":false},"product_brand":[3089],"product_cat":[1966,1965,1968],"product_tag":[1971],"class_list":{"0":"post-92826","1":"product","2":"type-product","3":"status-publish","4":"has-post-thumbnail","6":"product_brand-liiteguard","7":"product_cat-klaer","8":"product_cat-liiteguard-no","9":"product_cat-liiteguard-no-2","10":"product_tag-liiteguard-no","12":"first","13":"instock","14":"taxable","15":"shipping-taxable","16":"purchasable","17":"product-type-variable"},"acf":[],"_links":{"self":[{"href":"https:\/\/fysiolab.dk\/no\/wp-json\/wp\/v2\/product\/92826","targetHints":{"allow":["GET"]}}],"collection":[{"href":"https:\/\/fysiolab.dk\/no\/wp-json\/wp\/v2\/product"}],"about":[{"href":"https:\/\/fysiolab.dk\/no\/wp-json\/wp\/v2\/types\/product"}],"replies":[{"embeddable":true,"href":"https:\/\/fysiolab.dk\/no\/wp-json\/wp\/v2\/comments?post=92826"}],"wp:featuredmedia":[{"embeddable":true,"href":"https:\/\/fysiolab.dk\/no\/wp-json\/wp\/v2\/media\/92762"}],"wp:attachment":[{"href":"https:\/\/fysiolab.dk\/no\/wp-json\/wp\/v2\/media?parent=92826"}],"wp:term":[{"taxonomy":"product_brand","embeddable":true,"href":"https:\/\/fysiolab.dk\/no\/wp-json\/wp\/v2\/product_brand?post=92826"},{"taxonomy":"product_cat","embeddable":true,"href":"https:\/\/fysiolab.dk\/no\/wp-json\/wp\/v2\/product_cat?post=92826"},{"taxonomy":"product_tag","embeddable":true,"href":"https:\/\/fysiolab.dk\/no\/wp-json\/wp\/v2\/product_tag?post=92826"}],"curies":[{"name":"wp","href":"https:\/\/api.w.org\/{rel}","templated":true}]}}