{"id":92908,"date":"2025-07-06T09:56:27","date_gmt":"2025-07-06T07:56:27","guid":{"rendered":"https:\/\/fysiolab.dk\/product\/liiteguard-ground-tech-1-4-glidelaasskjorte-menn\/"},"modified":"2025-12-18T09:20:26","modified_gmt":"2025-12-18T08:20:26","slug":"liiteguard-ground-tech-1-4-glidelaasskjorte-menn","status":"publish","type":"product","link":"https:\/\/fysiolab.dk\/no\/product\/liiteguard-ground-tech-1-4-glidelaasskjorte-menn\/","title":{"rendered":"LiiteGuard Ground-Tech 1\/4 glidel\u00e5sskjorte (menn)"},"content":{"rendered":"<h3 data-start=\"317\" data-end=\"366\"><strong data-start=\"320\" data-end=\"366\">liiteGuard Ground-Tech 1\/4 Zip-skjorte - menn<\/strong><\/h3>\n<p data-start=\"368\" data-end=\"449\"><strong data-start=\"368\" data-end=\"449\">Avansert lettvekts l\u00f8petr\u00f8ye med naturlig temperaturregulering og luktkontroll<\/strong><\/p>\n<p data-start=\"451\" data-end=\"730\">Ground-Tech 1\/4 Zip er en teknisk treningsskjorte for menn, utviklet for l\u00f8ping og h\u00f8yintensiv trening i skiftende v\u00e6r. Materialet kombinerer resirkulert polyester og kaffefibre for effektiv svettetransport, rask t\u00f8rking og naturlig luktn\u00f8ytralitet - uten bruk av kjemikalier. <\/p>\n<p data-start=\"732\" data-end=\"898\">Med refleksdetaljer, beskyttende krage og en komfortabel passform med stretch og sideslisser er den designet for \u00e5 prestere - og holde deg frisk hele veien.<\/p>\n<hr data-start=\"900\" data-end=\"903\">\n<h3 data-start=\"905\" data-end=\"928\"><strong data-start=\"909\" data-end=\"928\">Produktdetaljer<\/strong><\/h3>\n<ul data-start=\"929\" data-end=\"1285\">\n<li data-start=\"929\" data-end=\"956\">\n<p data-start=\"931\" data-end=\"956\">Ultralett (184 g i st\u00f8rrelse M)<\/p>\n<\/li>\n<li data-start=\"957\" data-end=\"1043\">\n<p data-start=\"959\" data-end=\"1043\">67 % resirkulert S.Caf\u00e9\u00ae-polyester, 8 % resirkulert polyester, 25 % grafen-polyester<\/p>\n<\/li>\n<li data-start=\"1044\" data-end=\"1083\">\n<p data-start=\"1046\" data-end=\"1083\">Hurtigt\u00f8rkende og svettetransporterende<\/p>\n<\/li>\n<li data-start=\"1084\" data-end=\"1129\">\n<p data-start=\"1086\" data-end=\"1129\">Naturlig lukthemmende effekt fra kaffefibre<\/p>\n<\/li>\n<li data-start=\"1130\" data-end=\"1146\">\n<p data-start=\"1132\" data-end=\"1146\">UV-beskyttelse<\/p>\n<\/li>\n<li data-start=\"1147\" data-end=\"1172\">\n<p data-start=\"1149\" data-end=\"1172\">1\/4 glidel\u00e5s og h\u00f8y krage<\/p>\n<\/li>\n<li data-start=\"1173\" data-end=\"1223\">\n<p data-start=\"1175\" data-end=\"1223\">Reflekterende karbondetaljer for \u00f8kt synlighet<\/p>\n<\/li>\n<li data-start=\"1224\" data-end=\"1262\">\n<p data-start=\"1226\" data-end=\"1262\">Slisse i siden og forlenget rygg<\/p>\n<\/li>\n<li data-start=\"1263\" data-end=\"1285\">\n<p data-start=\"1265\" data-end=\"1285\">Lett elastisk passform<\/p>\n<\/li>\n<\/ul>\n<hr data-start=\"1287\" data-end=\"1290\">\n<h3 data-start=\"1292\" data-end=\"1306\"><strong data-start=\"1296\" data-end=\"1306\">Farger<\/strong><\/h3>\n<ul data-start=\"1307\" data-end=\"1351\">\n<li data-start=\"1307\" data-end=\"1316\">\n<p data-start=\"1309\" data-end=\"1316\">Svart<\/p>\n<\/li>\n<li data-start=\"1307\" data-end=\"1316\">Beige farge<\/li>\n<li data-start=\"1317\" data-end=\"1335\">\n<p data-start=\"1319\" data-end=\"1335\">M\u00f8rk marinebl\u00e5<\/p>\n<\/li>\n<li data-start=\"1336\" data-end=\"1351\">\n<p data-start=\"1338\" data-end=\"1351\">Dusty Green<\/p>\n<\/li>\n<\/ul>\n<hr data-start=\"1353\" data-end=\"1356\">\n<h3 data-start=\"1358\" data-end=\"1376\"><strong data-start=\"1362\" data-end=\"1376\">St\u00f8rrelser<\/strong><\/h3>\n<p data-start=\"1377\" data-end=\"1402\">  S - M - L - XL - XXL<\/p>\n<hr data-start=\"1404\" data-end=\"1407\">\n<h3 data-start=\"1409\" data-end=\"1440\"><strong data-start=\"1413\" data-end=\"1440\">St\u00f8rrelsesguide - menn<\/strong><\/h3>\n<div class=\"_tableContainer_80l1q_1\">\n<div class=\"_tableWrapper_80l1q_14 group flex w-fit flex-col-reverse\" tabindex=\"-1\">\n<table class=\"w-fit min-w-(--thread-content-width)\" data-start=\"1442\" data-end=\"1824\">\n<thead data-start=\"1442\" data-end=\"1494\">\n<tr data-start=\"1442\" data-end=\"1494\">\n<th data-start=\"1442\" data-end=\"1454\" data-col-size=\"sm\">St\u00f8rrelse (cm)<\/th>\n<th data-start=\"1454\" data-end=\"1467\" data-col-size=\"sm\">Brystkasse (cm)<\/th>\n<th data-start=\"1467\" data-end=\"1480\" data-col-size=\"sm\">Midje (cm)<\/th>\n<th data-start=\"1480\" data-end=\"1494\" data-col-size=\"sm\">Hofte (cm)<\/th>\n<\/tr>\n<\/thead>\n<tbody data-start=\"1550\" data-end=\"1824\">\n<tr data-start=\"1550\" data-end=\"1604\">\n<td data-start=\"1550\" data-end=\"1561\" data-col-size=\"sm\">S<\/td>\n<td data-col-size=\"sm\" data-start=\"1561\" data-end=\"1575\">84 - 92<\/td>\n<td data-col-size=\"sm\" data-start=\"1575\" data-end=\"1589\">68 - 78<\/td>\n<td data-col-size=\"sm\" data-start=\"1589\" data-end=\"1604\">85 - 93<\/td>\n<\/tr>\n<tr data-start=\"1605\" data-end=\"1659\">\n<td data-start=\"1605\" data-end=\"1616\" data-col-size=\"sm\">M<\/td>\n<td data-col-size=\"sm\" data-start=\"1616\" data-end=\"1630\">93 - 100<\/td>\n<td data-col-size=\"sm\" data-start=\"1630\" data-end=\"1644\">79 - 88<\/td>\n<td data-col-size=\"sm\" data-start=\"1644\" data-end=\"1659\">94 - 100<\/td>\n<\/tr>\n<tr data-start=\"1660\" data-end=\"1714\">\n<td data-start=\"1660\" data-end=\"1671\" data-col-size=\"sm\">L<\/td>\n<td data-col-size=\"sm\" data-start=\"1671\" data-end=\"1685\">101 - 108<\/td>\n<td data-col-size=\"sm\" data-start=\"1685\" data-end=\"1699\">89 - 98<\/td>\n<td data-col-size=\"sm\" data-start=\"1699\" data-end=\"1714\">101 - 109<\/td>\n<\/tr>\n<tr data-start=\"1715\" data-end=\"1769\">\n<td data-start=\"1715\" data-end=\"1726\" data-col-size=\"sm\">XL<\/td>\n<td data-col-size=\"sm\" data-start=\"1726\" data-end=\"1740\">109 - 116<\/td>\n<td data-col-size=\"sm\" data-start=\"1740\" data-end=\"1754\">99 - 108<\/td>\n<td data-col-size=\"sm\" data-start=\"1754\" data-end=\"1769\">110 - 117<\/td>\n<\/tr>\n<tr data-start=\"1770\" data-end=\"1824\">\n<td data-start=\"1770\" data-end=\"1781\" data-col-size=\"sm\">XXL<\/td>\n<td data-col-size=\"sm\" data-start=\"1781\" data-end=\"1795\">117 - 124<\/td>\n<td data-col-size=\"sm\" data-start=\"1795\" data-end=\"1809\">109 - 119<\/td>\n<td data-col-size=\"sm\" data-start=\"1809\" data-end=\"1824\">118 - 125<\/td>\n<\/tr>\n<\/tbody>\n<\/table>\n<div class=\"sticky end-(--thread-content-margin) h-0 self-end select-none\">\n<div class=\"absolute end-0 flex items-end\"><\/div>\n<\/div>\n<\/div>\n<\/div>\n<p data-start=\"1826\" data-end=\"1922\"><em data-start=\"1829\" data-end=\"1922\">Velg din normale st\u00f8rrelse. Hvis du ligger mellom to, kan du g\u00e5 opp en st\u00f8rrelse for \u00e5 f\u00e5 litt mer plass. <\/em><\/p>\n<hr data-start=\"1924\" data-end=\"1927\">\n<h3 data-start=\"1929\" data-end=\"1946\"><strong data-start=\"1933\" data-end=\"1946\">Ideell for<\/strong><\/h3>\n<p data-start=\"1947\" data-end=\"2088\">L\u00f8ping, trening, oppvarming og utend\u00f8rsaktiviteter - spesielt i kj\u00f8ligere temperaturer eller skiftende v\u00e6r, der pusteevne og komfort er avgj\u00f8rende.<\/p>\n","protected":false},"excerpt":{"rendered":"<p><strong>Lett, pustende og naturlig luktfri l\u00f8petr\u00f8ye med 1\/4 glidel\u00e5s og refleksdetaljer. Perfekt for skiftende v\u00e6r og h\u00f8y intensitet. <\/strong><\/p>\n","protected":false},"featured_media":92887,"comment_status":"closed","ping_status":"closed","template":"","meta":{"_acf_changed":false},"product_brand":[],"product_cat":[1966,1965,1968],"product_tag":[1971],"class_list":{"0":"post-92908","1":"product","2":"type-product","3":"status-publish","4":"has-post-thumbnail","6":"product_cat-klaer","7":"product_cat-liiteguard-no","8":"product_cat-liiteguard-no-2","9":"product_tag-liiteguard-no","11":"first","12":"instock","13":"taxable","14":"shipping-taxable","15":"purchasable","16":"product-type-variable"},"acf":[],"_links":{"self":[{"href":"https:\/\/fysiolab.dk\/no\/wp-json\/wp\/v2\/product\/92908","targetHints":{"allow":["GET"]}}],"collection":[{"href":"https:\/\/fysiolab.dk\/no\/wp-json\/wp\/v2\/product"}],"about":[{"href":"https:\/\/fysiolab.dk\/no\/wp-json\/wp\/v2\/types\/product"}],"replies":[{"embeddable":true,"href":"https:\/\/fysiolab.dk\/no\/wp-json\/wp\/v2\/comments?post=92908"}],"wp:featuredmedia":[{"embeddable":true,"href":"https:\/\/fysiolab.dk\/no\/wp-json\/wp\/v2\/media\/92887"}],"wp:attachment":[{"href":"https:\/\/fysiolab.dk\/no\/wp-json\/wp\/v2\/media?parent=92908"}],"wp:term":[{"taxonomy":"product_brand","embeddable":true,"href":"https:\/\/fysiolab.dk\/no\/wp-json\/wp\/v2\/product_brand?post=92908"},{"taxonomy":"product_cat","embeddable":true,"href":"https:\/\/fysiolab.dk\/no\/wp-json\/wp\/v2\/product_cat?post=92908"},{"taxonomy":"product_tag","embeddable":true,"href":"https:\/\/fysiolab.dk\/no\/wp-json\/wp\/v2\/product_tag?post=92908"}],"curies":[{"name":"wp","href":"https:\/\/api.w.org\/{rel}","templated":true}]}}