{"id":93046,"date":"2025-07-06T11:35:27","date_gmt":"2025-07-06T09:35:27","guid":{"rendered":"https:\/\/fysiolab.dk\/product\/liiteguard-re-liite-1-4-glidelaasskjorte-menn\/"},"modified":"2025-12-18T09:20:25","modified_gmt":"2025-12-18T08:20:25","slug":"liiteguard-re-liite-1-4-glidelaasskjorte-menn","status":"publish","type":"product","link":"https:\/\/fysiolab.dk\/no\/product\/liiteguard-re-liite-1-4-glidelaasskjorte-menn\/","title":{"rendered":"LiiteGuard Re-Liite 1\/4 glidel\u00e5sskjorte (menn)"},"content":{"rendered":"<h3 data-start=\"163\" data-end=\"209\"><strong data-start=\"166\" data-end=\"209\">LiiteGuard Re-Liite 1\/4 Zip-skjorte - menn<\/strong><\/h3>\n<p data-start=\"211\" data-end=\"294\"><strong data-start=\"211\" data-end=\"294\">Myk komfort m\u00f8ter teknisk ytelse - perfekt for restitusjon og lett trening<\/strong><\/p>\n<p data-start=\"296\" data-end=\"600\">Re-Liite 1\/4 Zip er designet for menn som setter pris p\u00e5 komfort uten \u00e5 g\u00e5 p\u00e5 kompromiss med funksjonaliteten. Skjorten er laget av et ultramykt og elastisk stoff med b\u00f8rstet innside, og gir en behagelig og avslappet f\u00f8lelse - ideell f\u00f8r og etter trening, p\u00e5 vei til treningssenteret eller til hverdags. <\/p>\n<p data-start=\"602\" data-end=\"772\">Den h\u00f8ye kragen og 1\/4 glidel\u00e5s gj\u00f8r det enkelt \u00e5 regulere temperaturen, mens det rene utseendet og den atletiske passformen gj\u00f8r den egnet for b\u00e5de bevegelse og avslapning.<\/p>\n<hr data-start=\"774\" data-end=\"777\">\n<h3 data-start=\"779\" data-end=\"802\"><strong data-start=\"783\" data-end=\"802\">Produktdetaljer<\/strong><\/h3>\n<ul data-start=\"803\" data-end=\"1068\">\n<li data-start=\"803\" data-end=\"849\">\n<p data-start=\"805\" data-end=\"849\">Materiale: Resirkulert polyester og elastan<\/p>\n<\/li>\n<li data-start=\"850\" data-end=\"890\">\n<p data-start=\"852\" data-end=\"890\">B\u00f8rstet innside for ekstra mykhet<\/p>\n<\/li>\n<li data-start=\"891\" data-end=\"916\">\n<p data-start=\"893\" data-end=\"916\">Lett og t\u00f8yelig stoff<\/p>\n<\/li>\n<li data-start=\"917\" data-end=\"944\">\n<p data-start=\"919\" data-end=\"944\">1\/4 glidel\u00e5s og h\u00f8y krage<\/p>\n<\/li>\n<li data-start=\"945\" data-end=\"980\">\n<p data-start=\"947\" data-end=\"980\">Atletisk, men likevel avslappet passform<\/p>\n<\/li>\n<li data-start=\"981\" data-end=\"1007\">\n<p data-start=\"983\" data-end=\"1007\">Reflekterende detaljer i ulike farger<\/p>\n<\/li>\n<li data-start=\"1008\" data-end=\"1068\">\n<p data-start=\"1010\" data-end=\"1068\">Ideell som topp til og fra trening eller for restitusjon<\/p>\n<\/li>\n<\/ul>\n<hr data-start=\"1070\" data-end=\"1073\">\n<h3 data-start=\"1075\" data-end=\"1089\"><strong data-start=\"1079\" data-end=\"1089\">Farger<\/strong><\/h3>\n<ul data-start=\"1090\" data-end=\"1129\">\n<li data-start=\"1090\" data-end=\"1099\">\n<p data-start=\"1092\" data-end=\"1099\">Svart<\/p>\n<\/li>\n<li data-start=\"1100\" data-end=\"1116\">\n<p data-start=\"1102\" data-end=\"1116\">Bl\u00e5 Melange<\/p>\n<\/li>\n<li data-start=\"1117\" data-end=\"1129\">\n<p data-start=\"1119\" data-end=\"1129\">Army Green<\/p>\n<\/li>\n<\/ul>\n<hr data-start=\"1131\" data-end=\"1134\">\n<h3 data-start=\"1136\" data-end=\"1154\"><strong data-start=\"1140\" data-end=\"1154\">St\u00f8rrelser<\/strong><\/h3>\n<p data-start=\"1155\" data-end=\"1175\">S - M - L - XL - XXL<\/p>\n<hr data-start=\"1177\" data-end=\"1180\">\n<h3 data-start=\"1182\" data-end=\"1213\"><strong data-start=\"1186\" data-end=\"1213\">St\u00f8rrelsesguide - menn<\/strong><\/h3>\n<div class=\"_tableContainer_80l1q_1\">\n<div class=\"_tableWrapper_80l1q_14 group flex w-fit flex-col-reverse\" tabindex=\"-1\">\n<table class=\"w-fit min-w-(--thread-content-width)\" data-start=\"1215\" data-end=\"1597\">\n<thead data-start=\"1215\" data-end=\"1267\">\n<tr data-start=\"1215\" data-end=\"1267\">\n<th data-start=\"1215\" data-end=\"1227\" data-col-size=\"sm\">St\u00f8rrelse (cm)<\/th>\n<th data-start=\"1227\" data-end=\"1240\" data-col-size=\"sm\">Brystkasse (cm)<\/th>\n<th data-start=\"1240\" data-end=\"1253\" data-col-size=\"sm\">Midje (cm)<\/th>\n<th data-start=\"1253\" data-end=\"1267\" data-col-size=\"sm\">Hofte (cm)<\/th>\n<\/tr>\n<\/thead>\n<tbody data-start=\"1323\" data-end=\"1597\">\n<tr data-start=\"1323\" data-end=\"1377\">\n<td data-start=\"1323\" data-end=\"1334\" data-col-size=\"sm\">S<\/td>\n<td data-col-size=\"sm\" data-start=\"1334\" data-end=\"1348\">84 - 92<\/td>\n<td data-col-size=\"sm\" data-start=\"1348\" data-end=\"1362\">68 - 78<\/td>\n<td data-col-size=\"sm\" data-start=\"1362\" data-end=\"1377\">85 - 93<\/td>\n<\/tr>\n<tr data-start=\"1378\" data-end=\"1432\">\n<td data-start=\"1378\" data-end=\"1389\" data-col-size=\"sm\">M<\/td>\n<td data-col-size=\"sm\" data-start=\"1389\" data-end=\"1403\">93 - 100<\/td>\n<td data-col-size=\"sm\" data-start=\"1403\" data-end=\"1417\">79 - 88<\/td>\n<td data-col-size=\"sm\" data-start=\"1417\" data-end=\"1432\">94 - 100<\/td>\n<\/tr>\n<tr data-start=\"1433\" data-end=\"1487\">\n<td data-start=\"1433\" data-end=\"1444\" data-col-size=\"sm\">L<\/td>\n<td data-col-size=\"sm\" data-start=\"1444\" data-end=\"1458\">101 - 108<\/td>\n<td data-col-size=\"sm\" data-start=\"1458\" data-end=\"1472\">89 - 98<\/td>\n<td data-col-size=\"sm\" data-start=\"1472\" data-end=\"1487\">101 - 109<\/td>\n<\/tr>\n<tr data-start=\"1488\" data-end=\"1542\">\n<td data-start=\"1488\" data-end=\"1499\" data-col-size=\"sm\">XL<\/td>\n<td data-col-size=\"sm\" data-start=\"1499\" data-end=\"1513\">109 - 116<\/td>\n<td data-col-size=\"sm\" data-start=\"1513\" data-end=\"1527\">99 - 108<\/td>\n<td data-col-size=\"sm\" data-start=\"1527\" data-end=\"1542\">110 - 117<\/td>\n<\/tr>\n<tr data-start=\"1543\" data-end=\"1597\">\n<td data-start=\"1543\" data-end=\"1554\" data-col-size=\"sm\">XXL<\/td>\n<td data-col-size=\"sm\" data-start=\"1554\" data-end=\"1568\">117 - 124<\/td>\n<td data-col-size=\"sm\" data-start=\"1568\" data-end=\"1582\">109 - 119<\/td>\n<td data-col-size=\"sm\" data-start=\"1582\" data-end=\"1597\">118 - 125<\/td>\n<\/tr>\n<\/tbody>\n<\/table>\n<div class=\"sticky end-(--thread-content-margin) h-0 self-end select-none\">\n<div class=\"absolute end-0 flex items-end\"><\/div>\n<\/div>\n<\/div>\n<\/div>\n<p data-start=\"1599\" data-end=\"1696\"><em data-start=\"1602\" data-end=\"1696\">Velg din normale st\u00f8rrelse for en tettsittende passform - eller g\u00e5 opp en st\u00f8rrelse for ekstra komfort.<\/em><\/p>\n<hr data-start=\"1698\" data-end=\"1701\">\n<h3 data-start=\"1703\" data-end=\"1720\"><strong data-start=\"1707\" data-end=\"1720\">Ideell for<\/strong><\/h3>\n<p data-start=\"1721\" data-end=\"1794\">Restitusjon, lett trening, oppvarming, reiser og komfortabel hverdagsbruk.<\/p>\n","protected":false},"excerpt":{"rendered":"<p><strong>Komfort m\u00f8ter funksjon i denne myke og elastiske 1\/4 glidel\u00e5sen. Perfekt for restitusjon, oppvarming eller som et stilig hverdagsplagg - f\u00f8r, under og etter trening. <\/strong><\/p>\n","protected":false},"featured_media":93012,"comment_status":"closed","ping_status":"closed","template":"","meta":{"_acf_changed":false},"product_brand":[],"product_cat":[1966,1965,1968],"product_tag":[1971],"class_list":{"0":"post-93046","1":"product","2":"type-product","3":"status-publish","4":"has-post-thumbnail","6":"product_cat-klaer","7":"product_cat-liiteguard-no","8":"product_cat-liiteguard-no-2","9":"product_tag-liiteguard-no","11":"first","12":"instock","13":"taxable","14":"shipping-taxable","15":"purchasable","16":"product-type-variable"},"acf":[],"_links":{"self":[{"href":"https:\/\/fysiolab.dk\/no\/wp-json\/wp\/v2\/product\/93046","targetHints":{"allow":["GET"]}}],"collection":[{"href":"https:\/\/fysiolab.dk\/no\/wp-json\/wp\/v2\/product"}],"about":[{"href":"https:\/\/fysiolab.dk\/no\/wp-json\/wp\/v2\/types\/product"}],"replies":[{"embeddable":true,"href":"https:\/\/fysiolab.dk\/no\/wp-json\/wp\/v2\/comments?post=93046"}],"wp:featuredmedia":[{"embeddable":true,"href":"https:\/\/fysiolab.dk\/no\/wp-json\/wp\/v2\/media\/93012"}],"wp:attachment":[{"href":"https:\/\/fysiolab.dk\/no\/wp-json\/wp\/v2\/media?parent=93046"}],"wp:term":[{"taxonomy":"product_brand","embeddable":true,"href":"https:\/\/fysiolab.dk\/no\/wp-json\/wp\/v2\/product_brand?post=93046"},{"taxonomy":"product_cat","embeddable":true,"href":"https:\/\/fysiolab.dk\/no\/wp-json\/wp\/v2\/product_cat?post=93046"},{"taxonomy":"product_tag","embeddable":true,"href":"https:\/\/fysiolab.dk\/no\/wp-json\/wp\/v2\/product_tag?post=93046"}],"curies":[{"name":"wp","href":"https:\/\/api.w.org\/{rel}","templated":true}]}}