{"id":93102,"date":"2025-07-06T11:44:19","date_gmt":"2025-07-06T09:44:19","guid":{"rendered":"https:\/\/fysiolab.dk\/product\/liiteguard-re-liite-1-4-zip-shirt-women\/"},"modified":"2025-12-18T09:20:25","modified_gmt":"2025-12-18T08:20:25","slug":"liiteguard-re-liite-1-4-zip-shirt-women","status":"publish","type":"product","link":"https:\/\/fysiolab.dk\/no\/product\/liiteguard-re-liite-1-4-zip-shirt-women\/","title":{"rendered":"LiiteGuard Re-Liite 1\/4 Zip-skjorte (dame)"},"content":{"rendered":"<h3 data-start=\"164\" data-end=\"212\"><strong data-start=\"167\" data-end=\"212\">LiiteGuard Re-Liite 1\/4 glidel\u00e5sskjorte - dame<\/strong><\/h3>\n<p data-start=\"214\" data-end=\"292\"><strong data-start=\"214\" data-end=\"292\">Ultramyk, fleksibel og stilig - perfekt for restitusjon og en aktiv hverdag<\/strong><\/p>\n<p data-start=\"294\" data-end=\"580\">Re-Liite 1\/4 Zip Shirt for kvinner er designet for \u00e5 gi deg maksimal komfort i situasjoner der kroppen din trenger \u00e5 restituere seg eller du bare vil f\u00f8le deg bra. Den er laget av et supermykt, lett og elastisk materiale med en b\u00f8rstet innside som f\u00f8les behagelig direkte mot huden. <\/p>\n<p data-start=\"582\" data-end=\"834\">Den funksjonelle designen med h\u00f8y krage og 1\/4 glidel\u00e5s gj\u00f8r det enkelt \u00e5 regulere temperaturen, mens den feminine passformen gir en avslappet, men sporty silhuett. Et ideelt valg f\u00f8r og etter trening, til oppvarming eller bare som din nye hverdagsfavoritt. <\/p>\n<hr data-start=\"836\" data-end=\"839\">\n<h3 data-start=\"841\" data-end=\"864\"><strong data-start=\"845\" data-end=\"864\">Produktdetaljer<\/strong><\/h3>\n<ul data-start=\"865\" data-end=\"1106\">\n<li data-start=\"865\" data-end=\"900\">\n<p data-start=\"867\" data-end=\"900\">Ultramyk og fleksibel kvalitet<\/p>\n<\/li>\n<li data-start=\"901\" data-end=\"936\">\n<p data-start=\"903\" data-end=\"936\">Resirkulert polyester og elastan<\/p>\n<\/li>\n<li data-start=\"937\" data-end=\"979\">\n<p data-start=\"939\" data-end=\"979\">B\u00f8rstet innside for maksimal komfort<\/p>\n<\/li>\n<li data-start=\"980\" data-end=\"1007\">\n<p data-start=\"982\" data-end=\"1007\">1\/4 glidel\u00e5s og h\u00f8y krage<\/p>\n<\/li>\n<li data-start=\"1008\" data-end=\"1025\">\n<p data-start=\"1010\" data-end=\"1025\">Lett og pustende<\/p>\n<\/li>\n<li data-start=\"1026\" data-end=\"1051\">\n<p data-start=\"1028\" data-end=\"1051\">Enkel, formsydd passform<\/p>\n<\/li>\n<li data-start=\"1052\" data-end=\"1080\">\n<p data-start=\"1054\" data-end=\"1080\">Diskrete reflekterende detaljer<\/p>\n<\/li>\n<li data-start=\"1081\" data-end=\"1106\">\n<p data-start=\"1083\" data-end=\"1106\">Egnet for lagdeling<\/p>\n<\/li>\n<\/ul>\n<hr data-start=\"1108\" data-end=\"1111\">\n<h3 data-start=\"1113\" data-end=\"1127\"><strong data-start=\"1117\" data-end=\"1127\">Farger<\/strong><\/h3>\n<ul data-start=\"1128\" data-end=\"1169\">\n<li data-start=\"1128\" data-end=\"1137\">\n<p data-start=\"1130\" data-end=\"1137\">Svart<\/p>\n<\/li>\n<li data-start=\"1138\" data-end=\"1154\">\n<p data-start=\"1140\" data-end=\"1154\">Bl\u00e5 Melange<\/p>\n<\/li>\n<li data-start=\"1155\" data-end=\"1169\">\n<p data-start=\"1157\" data-end=\"1169\">Army Green<\/p>\n<\/li>\n<\/ul>\n<hr data-start=\"1171\" data-end=\"1174\">\n<h3 data-start=\"1176\" data-end=\"1194\"><strong data-start=\"1180\" data-end=\"1194\">St\u00f8rrelser<\/strong><\/h3>\n<p data-start=\"1195\" data-end=\"1214\">XS - S - S - M - L - XL<\/p>\n<hr data-start=\"1216\" data-end=\"1219\">\n<h3 data-start=\"1221\" data-end=\"1254\"><strong data-start=\"1225\" data-end=\"1254\">St\u00f8rrelsesguide - Kvinner<\/strong><\/h3>\n<div class=\"_tableContainer_80l1q_1\">\n<div class=\"_tableWrapper_80l1q_14 group flex w-fit flex-col-reverse\" tabindex=\"-1\">\n<table class=\"w-fit min-w-(--thread-content-width)\" data-start=\"1256\" data-end=\"1638\">\n<thead data-start=\"1256\" data-end=\"1308\">\n<tr data-start=\"1256\" data-end=\"1308\">\n<th data-start=\"1256\" data-end=\"1268\" data-col-size=\"sm\">St\u00f8rrelse (cm)<\/th>\n<th data-start=\"1268\" data-end=\"1281\" data-col-size=\"sm\">Brystkasse (cm)<\/th>\n<th data-start=\"1281\" data-end=\"1294\" data-col-size=\"sm\">Midje (cm)<\/th>\n<th data-start=\"1294\" data-end=\"1308\" data-col-size=\"sm\">Hofte (cm)<\/th>\n<\/tr>\n<\/thead>\n<tbody data-start=\"1364\" data-end=\"1638\">\n<tr data-start=\"1364\" data-end=\"1418\">\n<td data-start=\"1364\" data-end=\"1375\" data-col-size=\"sm\">XS<\/td>\n<td data-col-size=\"sm\" data-start=\"1375\" data-end=\"1389\">77 - 83<\/td>\n<td data-col-size=\"sm\" data-start=\"1389\" data-end=\"1403\">61 - 67<\/td>\n<td data-col-size=\"sm\" data-start=\"1403\" data-end=\"1418\">88 - 94<\/td>\n<\/tr>\n<tr data-start=\"1419\" data-end=\"1473\">\n<td data-start=\"1419\" data-end=\"1430\" data-col-size=\"sm\">S<\/td>\n<td data-col-size=\"sm\" data-start=\"1430\" data-end=\"1444\">84 - 90<\/td>\n<td data-col-size=\"sm\" data-start=\"1444\" data-end=\"1458\">68 - 74<\/td>\n<td data-col-size=\"sm\" data-start=\"1458\" data-end=\"1473\">95 - 101<\/td>\n<\/tr>\n<tr data-start=\"1474\" data-end=\"1528\">\n<td data-start=\"1474\" data-end=\"1485\" data-col-size=\"sm\">M<\/td>\n<td data-col-size=\"sm\" data-start=\"1485\" data-end=\"1499\">91 - 97<\/td>\n<td data-col-size=\"sm\" data-start=\"1499\" data-end=\"1513\">75 - 81<\/td>\n<td data-col-size=\"sm\" data-start=\"1513\" data-end=\"1528\">102 - 108<\/td>\n<\/tr>\n<tr data-start=\"1529\" data-end=\"1583\">\n<td data-start=\"1529\" data-end=\"1540\" data-col-size=\"sm\">L<\/td>\n<td data-col-size=\"sm\" data-start=\"1540\" data-end=\"1554\">98 - 104<\/td>\n<td data-col-size=\"sm\" data-start=\"1554\" data-end=\"1568\">82 - 88<\/td>\n<td data-col-size=\"sm\" data-start=\"1568\" data-end=\"1583\">109 - 115<\/td>\n<\/tr>\n<tr data-start=\"1584\" data-end=\"1638\">\n<td data-start=\"1584\" data-end=\"1595\" data-col-size=\"sm\">XL<\/td>\n<td data-col-size=\"sm\" data-start=\"1595\" data-end=\"1609\">105 - 113<\/td>\n<td data-col-size=\"sm\" data-start=\"1609\" data-end=\"1623\">89 - 96<\/td>\n<td data-col-size=\"sm\" data-start=\"1623\" data-end=\"1638\">116 - 124<\/td>\n<\/tr>\n<\/tbody>\n<\/table>\n<div class=\"sticky end-(--thread-content-margin) h-0 self-end select-none\">\n<div class=\"absolute end-0 flex items-end\"><\/div>\n<\/div>\n<\/div>\n<\/div>\n<p data-start=\"1640\" data-end=\"1784\"><em data-start=\"1643\" data-end=\"1784\">Velg din normale st\u00f8rrelse for en tettsittende, men komfortabel passform. For en mer avslappet passform kan det v\u00e6re lurt \u00e5 velge en st\u00f8rrelse st\u00f8rre. <\/em><\/p>\n<hr data-start=\"1786\" data-end=\"1789\">\n<h3 data-start=\"1791\" data-end=\"1810\"><strong data-start=\"1795\" data-end=\"1810\">Perfekt for<\/strong><\/h3>\n<p data-start=\"1811\" data-end=\"1932\">Restitusjon, oppvarming, transport til og fra trening - eller som en komfortabel og funksjonell overdel i en aktiv hverdag.<\/p>\n<hr data-start=\"1934\" data-end=\"1937\">\n","protected":false},"excerpt":{"rendered":"<p><strong>Myk, elastisk og stilig 1\/4 glidel\u00e5s for restitusjon, oppvarming og hverdagsbruk. Komfort du ikke vil ta av deg igjen. <\/strong><\/p>\n","protected":false},"featured_media":93072,"comment_status":"closed","ping_status":"closed","template":"","meta":{"_acf_changed":false},"product_brand":[],"product_cat":[1966,1965,1968],"product_tag":[1971],"class_list":{"0":"post-93102","1":"product","2":"type-product","3":"status-publish","4":"has-post-thumbnail","6":"product_cat-klaer","7":"product_cat-liiteguard-no","8":"product_cat-liiteguard-no-2","9":"product_tag-liiteguard-no","11":"first","12":"instock","13":"taxable","14":"shipping-taxable","15":"purchasable","16":"product-type-variable"},"acf":[],"_links":{"self":[{"href":"https:\/\/fysiolab.dk\/no\/wp-json\/wp\/v2\/product\/93102","targetHints":{"allow":["GET"]}}],"collection":[{"href":"https:\/\/fysiolab.dk\/no\/wp-json\/wp\/v2\/product"}],"about":[{"href":"https:\/\/fysiolab.dk\/no\/wp-json\/wp\/v2\/types\/product"}],"replies":[{"embeddable":true,"href":"https:\/\/fysiolab.dk\/no\/wp-json\/wp\/v2\/comments?post=93102"}],"wp:featuredmedia":[{"embeddable":true,"href":"https:\/\/fysiolab.dk\/no\/wp-json\/wp\/v2\/media\/93072"}],"wp:attachment":[{"href":"https:\/\/fysiolab.dk\/no\/wp-json\/wp\/v2\/media?parent=93102"}],"wp:term":[{"taxonomy":"product_brand","embeddable":true,"href":"https:\/\/fysiolab.dk\/no\/wp-json\/wp\/v2\/product_brand?post=93102"},{"taxonomy":"product_cat","embeddable":true,"href":"https:\/\/fysiolab.dk\/no\/wp-json\/wp\/v2\/product_cat?post=93102"},{"taxonomy":"product_tag","embeddable":true,"href":"https:\/\/fysiolab.dk\/no\/wp-json\/wp\/v2\/product_tag?post=93102"}],"curies":[{"name":"wp","href":"https:\/\/api.w.org\/{rel}","templated":true}]}}