{"id":93230,"date":"2025-07-06T12:22:48","date_gmt":"2025-07-06T10:22:48","guid":{"rendered":"https:\/\/fysiolab.dk\/product\/liiteguard-re-liite-long-pants-dame\/"},"modified":"2025-12-18T09:20:24","modified_gmt":"2025-12-18T08:20:24","slug":"liiteguard-re-liite-long-pants-dame","status":"publish","type":"product","link":"https:\/\/fysiolab.dk\/no\/product\/liiteguard-re-liite-long-pants-dame\/","title":{"rendered":"LiiteGuard Re-Liite lange bukser (dame)"},"content":{"rendered":"<p data-start=\"185\" data-end=\"284\"><strong data-start=\"185\" data-end=\"284\">Ultimativ komfort og feminin passform - perfekt for restitusjon, oppvarming og en aktiv hverdag<\/strong><\/p>\n<p data-start=\"286\" data-end=\"565\">Re-Liite Long Pants for kvinner er laget for deg som vil ha en myk og fleksibel treningsbukse med et stilig utseende. Stoffet er lett, elastisk og har en b\u00f8rstet innside som f\u00f8les behagelig mot huden - ideelt til alt fra oppvarming og restitusjon til reise og hverdagsbruk. <\/p>\n<p data-start=\"567\" data-end=\"809\">Buksen har en lett figursydd passform med justerbar sn\u00f8ring i livet og glidel\u00e5s ved anklene som gj\u00f8r den enkel \u00e5 ta av og p\u00e5. Designet er enkelt og sporty med tonale refleksdetaljer som gj\u00f8r buksen funksjonell uten at det g\u00e5r p\u00e5 bekostning av stilen. <\/p>\n<hr data-start=\"811\" data-end=\"814\">\n<h3 data-start=\"816\" data-end=\"839\"><strong data-start=\"820\" data-end=\"839\">Produktdetaljer<\/strong><\/h3>\n<ul data-start=\"840\" data-end=\"1038\">\n<li data-start=\"840\" data-end=\"878\">\n<p data-start=\"842\" data-end=\"878\">Supermykt og fleksibelt materiale<\/p>\n<\/li>\n<li data-start=\"879\" data-end=\"916\">\n<p data-start=\"881\" data-end=\"916\">B\u00f8rstet innside for h\u00f8y komfort<\/p>\n<\/li>\n<li data-start=\"917\" data-end=\"947\">\n<p data-start=\"919\" data-end=\"947\">Elastisk linning med sn\u00f8ring<\/p>\n<\/li>\n<li data-start=\"948\" data-end=\"962\">\n<p data-start=\"950\" data-end=\"962\">Lommer p\u00e5 sidene<\/p>\n<\/li>\n<li data-start=\"963\" data-end=\"987\">\n<p data-start=\"965\" data-end=\"987\">Glidel\u00e5s ved anklene<\/p>\n<\/li>\n<li data-start=\"988\" data-end=\"1014\">\n<p data-start=\"990\" data-end=\"1014\">Reflekterende detaljer i ulike farger<\/p>\n<\/li>\n<li data-start=\"1015\" data-end=\"1038\">\n<p data-start=\"1017\" data-end=\"1038\">Enkel, formsydd passform<\/p>\n<\/li>\n<\/ul>\n<hr data-start=\"1040\" data-end=\"1043\">\n<h3 data-start=\"1045\" data-end=\"1059\"><strong data-start=\"1049\" data-end=\"1059\">Farger<\/strong><\/h3>\n<ul data-start=\"1060\" data-end=\"1100\">\n<li data-start=\"1060\" data-end=\"1069\">\n<p data-start=\"1062\" data-end=\"1069\">Svart<\/p>\n<\/li>\n<li data-start=\"1070\" data-end=\"1085\">\n<p data-start=\"1072\" data-end=\"1085\">Dusty Green<\/p>\n<\/li>\n<li data-start=\"1086\" data-end=\"1100\">\n<p data-start=\"1088\" data-end=\"1100\">Kjole bl\u00e5<\/p>\n<\/li>\n<\/ul>\n<hr data-start=\"1102\" data-end=\"1105\">\n<h3 data-start=\"1107\" data-end=\"1125\"><strong data-start=\"1111\" data-end=\"1125\">St\u00f8rrelser<\/strong><\/h3>\n<p data-start=\"1126\" data-end=\"1145\">XS - S - S - M - L - XL<\/p>\n<hr data-start=\"1147\" data-end=\"1150\">\n<h3 data-start=\"1152\" data-end=\"1185\"><strong data-start=\"1156\" data-end=\"1185\">St\u00f8rrelsesguide - Kvinner<\/strong><\/h3>\n<div class=\"_tableContainer_80l1q_1\">\n<div class=\"_tableWrapper_80l1q_14 group flex w-fit flex-col-reverse\" tabindex=\"-1\">\n<table class=\"w-fit min-w-(--thread-content-width)\" data-start=\"1187\" data-end=\"1590\">\n<thead data-start=\"1187\" data-end=\"1242\">\n<tr data-start=\"1187\" data-end=\"1242\">\n<th data-start=\"1187\" data-end=\"1199\" data-col-size=\"sm\">St\u00f8rrelse (cm)<\/th>\n<th data-start=\"1199\" data-end=\"1212\" data-col-size=\"sm\">Midje (cm)<\/th>\n<th data-start=\"1212\" data-end=\"1225\" data-col-size=\"sm\">Hofte (cm)<\/th>\n<th data-start=\"1225\" data-end=\"1242\" data-col-size=\"sm\">Inners\u00f8m (cm)<\/th>\n<\/tr>\n<\/thead>\n<tbody data-start=\"1301\" data-end=\"1590\">\n<tr data-start=\"1301\" data-end=\"1358\">\n<td data-start=\"1301\" data-end=\"1312\" data-col-size=\"sm\">XS<\/td>\n<td data-col-size=\"sm\" data-start=\"1312\" data-end=\"1326\">61 - 67<\/td>\n<td data-col-size=\"sm\" data-start=\"1326\" data-end=\"1340\">88 - 94<\/td>\n<td data-col-size=\"sm\" data-start=\"1340\" data-end=\"1358\">74 - 76<\/td>\n<\/tr>\n<tr data-start=\"1359\" data-end=\"1416\">\n<td data-start=\"1359\" data-end=\"1370\" data-col-size=\"sm\">S<\/td>\n<td data-col-size=\"sm\" data-start=\"1370\" data-end=\"1384\">68 - 74<\/td>\n<td data-col-size=\"sm\" data-start=\"1384\" data-end=\"1398\">95 - 101<\/td>\n<td data-col-size=\"sm\" data-start=\"1398\" data-end=\"1416\">76 - 78<\/td>\n<\/tr>\n<tr data-start=\"1417\" data-end=\"1474\">\n<td data-start=\"1417\" data-end=\"1428\" data-col-size=\"sm\">M<\/td>\n<td data-col-size=\"sm\" data-start=\"1428\" data-end=\"1442\">75 - 81<\/td>\n<td data-col-size=\"sm\" data-start=\"1442\" data-end=\"1456\">102 - 108<\/td>\n<td data-col-size=\"sm\" data-start=\"1456\" data-end=\"1474\">78 - 80<\/td>\n<\/tr>\n<tr data-start=\"1475\" data-end=\"1532\">\n<td data-start=\"1475\" data-end=\"1486\" data-col-size=\"sm\">L<\/td>\n<td data-col-size=\"sm\" data-start=\"1486\" data-end=\"1500\">82 - 88<\/td>\n<td data-col-size=\"sm\" data-start=\"1500\" data-end=\"1514\">109 - 115<\/td>\n<td data-col-size=\"sm\" data-start=\"1514\" data-end=\"1532\">80 - 82<\/td>\n<\/tr>\n<tr data-start=\"1533\" data-end=\"1590\">\n<td data-start=\"1533\" data-end=\"1544\" data-col-size=\"sm\">XL<\/td>\n<td data-col-size=\"sm\" data-start=\"1544\" data-end=\"1558\">89 - 96<\/td>\n<td data-col-size=\"sm\" data-start=\"1558\" data-end=\"1572\">116 - 124<\/td>\n<td data-col-size=\"sm\" data-start=\"1572\" data-end=\"1590\">82 - 84<\/td>\n<\/tr>\n<\/tbody>\n<\/table>\n<div class=\"sticky end-(--thread-content-margin) h-0 self-end select-none\">\n<div class=\"absolute end-0 flex items-end\"><\/div>\n<\/div>\n<\/div>\n<\/div>\n<p data-start=\"1592\" data-end=\"1716\"><em data-start=\"1595\" data-end=\"1716\">Normal benlengde med lett avsmalnende ben. Velg din vanlige st\u00f8rrelse - eller en st\u00f8rrelse st\u00f8rre for en l\u00f8sere passform. <\/em><\/p>\n<hr data-start=\"1718\" data-end=\"1721\">\n<h3 data-start=\"1723\" data-end=\"1742\"><strong data-start=\"1727\" data-end=\"1742\">Perfekt for<\/strong><\/h3>\n<p data-start=\"1743\" data-end=\"1839\">Restitusjon, oppvarming, reise og hverdagsbruk - en bukse du ikke vil ta av deg igjen.<\/p>\n","protected":false},"excerpt":{"rendered":"<p><strong>Re-Liite Long Pants for kvinner er laget for deg som vil ha en myk og fleksibel treningsbukse med et stilig utseende. Stoffet er lett, elastisk og har en b\u00f8rstet innside som f\u00f8les behagelig mot huden - ideelt til alt fra oppvarming og restitusjon til reise og hverdagsbruk. <\/strong><\/p>\n","protected":false},"featured_media":93200,"comment_status":"closed","ping_status":"closed","template":"","meta":{"_acf_changed":false},"product_brand":[],"product_cat":[1966,1965,1968],"product_tag":[1971],"class_list":{"0":"post-93230","1":"product","2":"type-product","3":"status-publish","4":"has-post-thumbnail","6":"product_cat-klaer","7":"product_cat-liiteguard-no","8":"product_cat-liiteguard-no-2","9":"product_tag-liiteguard-no","11":"first","12":"instock","13":"taxable","14":"shipping-taxable","15":"purchasable","16":"product-type-variable"},"acf":[],"_links":{"self":[{"href":"https:\/\/fysiolab.dk\/no\/wp-json\/wp\/v2\/product\/93230","targetHints":{"allow":["GET"]}}],"collection":[{"href":"https:\/\/fysiolab.dk\/no\/wp-json\/wp\/v2\/product"}],"about":[{"href":"https:\/\/fysiolab.dk\/no\/wp-json\/wp\/v2\/types\/product"}],"replies":[{"embeddable":true,"href":"https:\/\/fysiolab.dk\/no\/wp-json\/wp\/v2\/comments?post=93230"}],"wp:featuredmedia":[{"embeddable":true,"href":"https:\/\/fysiolab.dk\/no\/wp-json\/wp\/v2\/media\/93200"}],"wp:attachment":[{"href":"https:\/\/fysiolab.dk\/no\/wp-json\/wp\/v2\/media?parent=93230"}],"wp:term":[{"taxonomy":"product_brand","embeddable":true,"href":"https:\/\/fysiolab.dk\/no\/wp-json\/wp\/v2\/product_brand?post=93230"},{"taxonomy":"product_cat","embeddable":true,"href":"https:\/\/fysiolab.dk\/no\/wp-json\/wp\/v2\/product_cat?post=93230"},{"taxonomy":"product_tag","embeddable":true,"href":"https:\/\/fysiolab.dk\/no\/wp-json\/wp\/v2\/product_tag?post=93230"}],"curies":[{"name":"wp","href":"https:\/\/api.w.org\/{rel}","templated":true}]}}