{"id":93351,"date":"2025-07-06T14:39:36","date_gmt":"2025-07-06T12:39:36","guid":{"rendered":"https:\/\/fysiolab.dk\/product\/liiteguard-pro-tech-lg-sokk-flere-farger\/"},"modified":"2025-12-18T09:20:24","modified_gmt":"2025-12-18T08:20:24","slug":"liiteguard-pro-tech-lg-sokk-flere-farger","status":"publish","type":"product","link":"https:\/\/fysiolab.dk\/no\/product\/liiteguard-pro-tech-lg-sokk-flere-farger\/","title":{"rendered":"LiiteGuard Pro-Tech LG-sokker"},"content":{"rendered":"<article class=\"text-token-text-primary w-full\" dir=\"auto\" data-testid=\"conversation-turn-60\" data-scroll-anchor=\"false\">\n<div class=\"text-base my-auto mx-auto py-5 [--thread-content-margin:--spacing(4)] @[37rem]:[--thread-content-margin:--spacing(6)] @[72rem]:[--thread-content-margin:--spacing(16)] px-(--thread-content-margin)\">\n<div class=\"[--thread-content-max-width:32rem] @[34rem]:[--thread-content-max-width:40rem] @[64rem]:[--thread-content-max-width:48rem] mx-auto flex max-w-(--thread-content-max-width) flex-1 text-base gap-4 md:gap-5 lg:gap-6 group\/turn-messages focus-visible:outline-hidden\" tabindex=\"-1\">\n<div class=\"group\/conversation-turn relative flex w-full min-w-0 flex-col agent-turn\">\n<div class=\"relative flex-col gap-1 md:gap-3\">\n<div class=\"flex max-w-full flex-col grow\">\n<div class=\"min-h-8 text-message relative flex w-full flex-col items-end gap-2 text-start break-words whitespace-normal [.text-message+&amp;]:mt-5\" dir=\"auto\" data-message-author-role=\"assistant\" data-message-id=\"ab6dd1eb-2aa5-4b42-9e3b-1f0cabf3a2f0\" data-message-model-slug=\"gpt-4o\">\n<div class=\"flex w-full flex-col gap-1 empty:hidden first:pt-[3px]\">\n<h3 class=\"markdown prose dark:prose-invert w-full break-words light\"><strong data-start=\"189\" data-end=\"224\">LiiteGuard Pro-Tech LG-sokker<\/strong><\/h3>\n<\/div>\n<\/div>\n<\/div>\n<\/div>\n<\/div>\n<\/div>\n<\/div>\n<\/article>\n<article class=\"text-token-text-primary w-full\" dir=\"auto\" data-testid=\"conversation-turn-62\" data-scroll-anchor=\"true\">\n<div class=\"text-base my-auto mx-auto py-5 [--thread-content-margin:--spacing(4)] @[37rem]:[--thread-content-margin:--spacing(6)] @[72rem]:[--thread-content-margin:--spacing(16)] px-(--thread-content-margin)\">\n<div class=\"[--thread-content-max-width:32rem] @[34rem]:[--thread-content-max-width:40rem] @[64rem]:[--thread-content-max-width:48rem] mx-auto flex max-w-(--thread-content-max-width) flex-1 text-base gap-4 md:gap-5 lg:gap-6 group\/turn-messages focus-visible:outline-hidden\" tabindex=\"-1\">\n<div class=\"group\/conversation-turn relative flex w-full min-w-0 flex-col agent-turn\">\n<div class=\"relative flex-col gap-1 md:gap-3\">\n<div class=\"flex max-w-full flex-col grow\">\n<div class=\"min-h-8 text-message relative flex w-full flex-col items-end gap-2 text-start break-words whitespace-normal [.text-message+&amp;]:mt-5\" dir=\"auto\" data-message-author-role=\"assistant\" data-message-id=\"6a8ccff7-96a6-4615-a22a-1296002322bf\" data-message-model-slug=\"gpt-4o\">\n<div class=\"flex w-full flex-col gap-1 empty:hidden first:pt-[3px]\">\n<div class=\"markdown prose dark:prose-invert w-full break-words light\">\n<p data-start=\"226\" data-end=\"313\"><strong data-start=\"226\" data-end=\"313\">Avansert kompresjonssokk med ytelsesst\u00f8tte og sensorisk tilbakemelding<\/strong><\/p>\n<p data-start=\"315\" data-end=\"572\">Pro-Tech LG-sokker er laget for deg som vil ha mer ut av hver eneste bevegelse. Med gradert kompresjon, sensorisk tilbakemelding og m\u00e5lrettet st\u00f8tte rundt akillessenen gir de b\u00e5de \u00f8kt muskelkontroll og redusert tretthet - perfekt for idrett p\u00e5 h\u00f8yt niv\u00e5. <\/p>\n<p data-start=\"574\" data-end=\"814\">Sokkene er utstyrt med en avansert antisklis\u00e5le som sikrer stabilitet i skoen ved raske retningsforandringer. Den mekaniske st\u00f8tten rundt foten og ankelen \u00f8ker kroppsbevisstheten og bidrar til en sterkere og mer kontrollert bevegelse. <\/p>\n<p data-start=\"816\" data-end=\"888\">Utviklet i Danmark i tett samarbeid med toppidrettsut\u00f8vere og fysioterapeuter.<\/p>\n<hr data-start=\"890\" data-end=\"893\">\n<h3 data-start=\"895\" data-end=\"918\"><strong data-start=\"899\" data-end=\"918\">Produktdetaljer<\/strong><\/h3>\n<ul data-start=\"919\" data-end=\"1253\">\n<li data-start=\"919\" data-end=\"970\">\n<p data-start=\"921\" data-end=\"970\">Gradert kompresjon for bedre blodsirkulasjon<\/p>\n<\/li>\n<li data-start=\"971\" data-end=\"1015\">\n<p data-start=\"973\" data-end=\"1015\">Sensorisk tilbakemelding for \u00f8kt kroppskontroll<\/p>\n<\/li>\n<li data-start=\"1016\" data-end=\"1070\">\n<p data-start=\"1018\" data-end=\"1070\">Kompresjon rundt akillessenen for ekstra st\u00f8tte<\/p>\n<\/li>\n<li data-start=\"1071\" data-end=\"1111\">\n<p data-start=\"1073\" data-end=\"1111\">Mekanisk st\u00f8tte rundt ankel og fot<\/p>\n<\/li>\n<li data-start=\"1112\" data-end=\"1154\">\n<p data-start=\"1114\" data-end=\"1154\">Sklisikker s\u00e5le for optimalt grep i skoen<\/p>\n<\/li>\n<li data-start=\"1155\" data-end=\"1196\">\n<p data-start=\"1157\" data-end=\"1196\">Anatomisk passform (venstre\/h\u00f8yre sokk)<\/p>\n<\/li>\n<li data-start=\"1197\" data-end=\"1230\">\n<p data-start=\"1199\" data-end=\"1230\">Pustende og svetteavvisende<\/p>\n<\/li>\n<li data-start=\"1231\" data-end=\"1253\">\n<p data-start=\"1233\" data-end=\"1253\">Forsterket h\u00e6l og t\u00e5<\/p>\n<\/li>\n<\/ul>\n<hr data-start=\"1255\" data-end=\"1258\">\n<h3 data-start=\"1260\" data-end=\"1274\"><strong data-start=\"1264\" data-end=\"1274\">Farger<\/strong><\/h3>\n<ul data-start=\"1275\" data-end=\"1383\">\n<li data-start=\"1275\" data-end=\"1284\">\n<p data-start=\"1277\" data-end=\"1284\">Svart<\/p>\n<\/li>\n<li data-start=\"1285\" data-end=\"1294\">\n<p data-start=\"1287\" data-end=\"1294\">Hvit<\/p>\n<\/li>\n<li data-start=\"1295\" data-end=\"1307\">\n<p data-start=\"1297\" data-end=\"1307\">Bordeaux<\/p>\n<\/li>\n<li data-start=\"1308\" data-end=\"1323\">\n<p data-start=\"1310\" data-end=\"1323\">Dusty Green<\/p>\n<\/li>\n<li data-start=\"1324\" data-end=\"1342\">\n<p data-start=\"1326\" data-end=\"1342\">M\u00f8rk marinebl\u00e5<\/p>\n<\/li>\n<li data-start=\"1343\" data-end=\"1361\">\n<p data-start=\"1345\" data-end=\"1361\">Hvit\/Bordeaux<\/p>\n<\/li>\n<li data-start=\"1362\" data-end=\"1383\">\n<p data-start=\"1364\" data-end=\"1383\">Hvit\/st\u00f8vete gr\u00f8nn<\/p>\n<\/li>\n<\/ul>\n<hr data-start=\"1385\" data-end=\"1388\">\n<h3 data-start=\"1390\" data-end=\"1408\"><strong data-start=\"1394\" data-end=\"1408\">St\u00f8rrelser<\/strong><\/h3>\n<ul data-start=\"1409\" data-end=\"1438\">\n<li data-start=\"1409\" data-end=\"1418\">\n<p data-start=\"1411\" data-end=\"1418\">36-39<\/p>\n<\/li>\n<li data-start=\"1419\" data-end=\"1428\">\n<p data-start=\"1421\" data-end=\"1428\">40-43<\/p>\n<\/li>\n<li data-start=\"1429\" data-end=\"1438\">\n<p data-start=\"1431\" data-end=\"1438\">44-47<\/p>\n<\/li>\n<\/ul>\n<p data-start=\"1440\" data-end=\"1564\"><em data-start=\"1443\" data-end=\"1564\">Tettsittende passform - velg den st\u00f8rrelsen du vanligvis bruker i sportssokker. De m\u00e5 sitte stramt for \u00e5 fungere optimalt. <\/em><\/p>\n<hr data-start=\"1566\" data-end=\"1569\">\n<h3 data-start=\"1571\" data-end=\"1590\"><strong data-start=\"1575\" data-end=\"1590\">Perfekt for<\/strong><\/h3>\n<p data-start=\"1591\" data-end=\"1686\">Fotball - H\u00e5ndball - L\u00f8ping - CrossFit - Fitness - Idretter med h\u00f8y intensitet og eksplosivitet<\/p>\n<\/div>\n<\/div>\n<\/div>\n<\/div>\n<\/div>\n<\/div>\n<\/div>\n<\/div>\n<\/article>\n","protected":false},"excerpt":{"rendered":"<p><strong>Pro-Tech LG-sokker er laget for deg som vil ha mer ut av hver eneste bevegelse. Med gradert kompresjon, sensorisk tilbakemelding og m\u00e5lrettet st\u00f8tte rundt akillessenen gir de b\u00e5de \u00f8kt muskelkontroll og redusert tretthet - perfekt for idrett p\u00e5 h\u00f8yt niv\u00e5. <\/strong><\/p>\n","protected":false},"featured_media":93319,"comment_status":"closed","ping_status":"closed","template":"","meta":{"_acf_changed":false},"product_brand":[],"product_cat":[1966,1968,1965,2245],"product_tag":[1971],"class_list":{"0":"post-93351","1":"product","2":"type-product","3":"status-publish","4":"has-post-thumbnail","6":"product_cat-klaer","7":"product_cat-liiteguard-no-2","8":"product_cat-liiteguard-no","9":"product_cat-loepesokker","10":"product_tag-liiteguard-no","12":"first","13":"instock","14":"taxable","15":"shipping-taxable","16":"purchasable","17":"product-type-variable"},"acf":[],"_links":{"self":[{"href":"https:\/\/fysiolab.dk\/no\/wp-json\/wp\/v2\/product\/93351","targetHints":{"allow":["GET"]}}],"collection":[{"href":"https:\/\/fysiolab.dk\/no\/wp-json\/wp\/v2\/product"}],"about":[{"href":"https:\/\/fysiolab.dk\/no\/wp-json\/wp\/v2\/types\/product"}],"replies":[{"embeddable":true,"href":"https:\/\/fysiolab.dk\/no\/wp-json\/wp\/v2\/comments?post=93351"}],"wp:featuredmedia":[{"embeddable":true,"href":"https:\/\/fysiolab.dk\/no\/wp-json\/wp\/v2\/media\/93319"}],"wp:attachment":[{"href":"https:\/\/fysiolab.dk\/no\/wp-json\/wp\/v2\/media?parent=93351"}],"wp:term":[{"taxonomy":"product_brand","embeddable":true,"href":"https:\/\/fysiolab.dk\/no\/wp-json\/wp\/v2\/product_brand?post=93351"},{"taxonomy":"product_cat","embeddable":true,"href":"https:\/\/fysiolab.dk\/no\/wp-json\/wp\/v2\/product_cat?post=93351"},{"taxonomy":"product_tag","embeddable":true,"href":"https:\/\/fysiolab.dk\/no\/wp-json\/wp\/v2\/product_tag?post=93351"}],"curies":[{"name":"wp","href":"https:\/\/api.w.org\/{rel}","templated":true}]}}