{"id":93454,"date":"2025-07-07T22:46:46","date_gmt":"2025-07-07T20:46:46","guid":{"rendered":"https:\/\/fysiolab.dk\/product\/liiteguard-ground-tech-singlet-dame\/"},"modified":"2025-12-18T09:20:23","modified_gmt":"2025-12-18T08:20:23","slug":"liiteguard-ground-tech-singlet-dame","status":"publish","type":"product","link":"https:\/\/fysiolab.dk\/no\/product\/liiteguard-ground-tech-singlet-dame\/","title":{"rendered":"LiiteGuard Ground-Tech Singlet (dame)"},"content":{"rendered":"<h3 data-start=\"170\" data-end=\"215\"><strong data-start=\"173\" data-end=\"215\">LiiteGuard Ground-Tech Singlet - dame<\/strong><\/h3>\n<p data-start=\"217\" data-end=\"271\"><strong data-start=\"217\" data-end=\"271\">Lett, svetteavvisende og designet for bevegelse<\/strong><\/p>\n<p data-start=\"273\" data-end=\"522\">Ground-Tech Singlet for kvinner er designet for h\u00f8yintensiv trening, l\u00f8ping og varme forhold. Den er laget av et ultralett, elastisk stoff med h\u00f8y pusteevne og effektiv svettetransport, slik at du holder deg t\u00f8rr og komfortabel - selv n\u00e5r pulsen er h\u00f8y. <\/p>\n<p data-start=\"524\" data-end=\"814\">Den feminine, atletiske passformen kombinerer bevegelsesfrihet med et stilig utseende. Ryggen er designet med en teknisk nettingstruktur for ekstra ventilasjon, og s\u00f8mmene er strategisk plassert for \u00e5 unng\u00e5 irritasjon. En ideell topp for deg som stiller krav til b\u00e5de funksjon og komfort.  <\/p>\n<hr data-start=\"816\" data-end=\"819\">\n<h3 data-start=\"821\" data-end=\"844\"><strong data-start=\"825\" data-end=\"844\">Produktdetaljer<\/strong><\/h3>\n<ul data-start=\"845\" data-end=\"1085\">\n<li data-start=\"845\" data-end=\"878\">\n<p data-start=\"847\" data-end=\"878\">Ultralett og pustende materiale<\/p>\n<\/li>\n<li data-start=\"879\" data-end=\"920\">\n<p data-start=\"881\" data-end=\"920\">Svetttransporterende og hurtigt\u00f8rkende<\/p>\n<\/li>\n<li data-start=\"921\" data-end=\"957\">\n<p data-start=\"923\" data-end=\"957\">Rygg i netting for optimal ventilasjon<\/p>\n<\/li>\n<li data-start=\"958\" data-end=\"1007\">\n<p data-start=\"960\" data-end=\"1007\">Elastisk materiale for full bevegelsesfrihet<\/p>\n<\/li>\n<li data-start=\"1008\" data-end=\"1055\">\n<p data-start=\"1010\" data-end=\"1055\">Strategisk plasserte s\u00f8mmer for \u00f8kt komfort<\/p>\n<\/li>\n<li data-start=\"1056\" data-end=\"1085\">\n<p data-start=\"1058\" data-end=\"1085\">Atletisk og feminin passform<\/p>\n<\/li>\n<\/ul>\n<hr data-start=\"1087\" data-end=\"1090\">\n<h3 data-start=\"1092\" data-end=\"1106\"><strong data-start=\"1096\" data-end=\"1106\">Farger<\/strong><\/h3>\n<ul data-start=\"1107\" data-end=\"1164\">\n<li data-start=\"1107\" data-end=\"1116\">\n<p data-start=\"1109\" data-end=\"1116\">Svart<\/p>\n<\/li>\n<li data-start=\"1117\" data-end=\"1132\">\n<p data-start=\"1119\" data-end=\"1132\">Dusty Green<\/p>\n<\/li>\n<li data-start=\"1133\" data-end=\"1151\">\n<p data-start=\"1135\" data-end=\"1151\">M\u00f8rk marinebl\u00e5<\/p>\n<\/li>\n<li data-start=\"1152\" data-end=\"1164\">\n<p data-start=\"1154\" data-end=\"1164\">Bordeaux<\/p>\n<\/li>\n<\/ul>\n<hr data-start=\"1166\" data-end=\"1169\">\n<h3 data-start=\"1171\" data-end=\"1189\"><strong data-start=\"1175\" data-end=\"1189\">St\u00f8rrelser<\/strong><\/h3>\n<p data-start=\"1190\" data-end=\"1209\">XS - S - S - M - L - XL<\/p>\n<hr data-start=\"1211\" data-end=\"1214\">\n<h3 data-start=\"1216\" data-end=\"1249\"><strong data-start=\"1220\" data-end=\"1249\">St\u00f8rrelsesguide - Kvinner<\/strong><\/h3>\n<div class=\"_tableContainer_80l1q_1\">\n<div class=\"_tableWrapper_80l1q_14 group flex w-fit flex-col-reverse\" tabindex=\"-1\">\n<table class=\"w-fit min-w-(--thread-content-width)\" data-start=\"1251\" data-end=\"1639\">\n<thead data-start=\"1251\" data-end=\"1303\">\n<tr data-start=\"1251\" data-end=\"1303\">\n<th data-start=\"1251\" data-end=\"1263\" data-col-size=\"sm\">St\u00f8rrelse (cm)<\/th>\n<th data-start=\"1263\" data-end=\"1276\" data-col-size=\"sm\">Brystkasse (cm)<\/th>\n<th data-start=\"1276\" data-end=\"1289\" data-col-size=\"sm\">Midje (cm)<\/th>\n<th data-start=\"1289\" data-end=\"1303\" data-col-size=\"sm\">Hofte (cm)<\/th>\n<\/tr>\n<\/thead>\n<tbody data-start=\"1360\" data-end=\"1639\">\n<tr data-start=\"1360\" data-end=\"1415\">\n<td data-start=\"1360\" data-end=\"1372\" data-col-size=\"sm\">XS<\/td>\n<td data-col-size=\"sm\" data-start=\"1372\" data-end=\"1386\">76-82<\/td>\n<td data-col-size=\"sm\" data-start=\"1386\" data-end=\"1400\">61-67<\/td>\n<td data-col-size=\"sm\" data-start=\"1400\" data-end=\"1415\">88-94<\/td>\n<\/tr>\n<tr data-start=\"1416\" data-end=\"1471\">\n<td data-start=\"1416\" data-end=\"1428\" data-col-size=\"sm\">S<\/td>\n<td data-col-size=\"sm\" data-start=\"1428\" data-end=\"1442\">83-88<\/td>\n<td data-col-size=\"sm\" data-start=\"1442\" data-end=\"1456\">68-74<\/td>\n<td data-col-size=\"sm\" data-start=\"1456\" data-end=\"1471\">95-101<\/td>\n<\/tr>\n<tr data-start=\"1472\" data-end=\"1527\">\n<td data-start=\"1472\" data-end=\"1484\" data-col-size=\"sm\">M<\/td>\n<td data-col-size=\"sm\" data-start=\"1484\" data-end=\"1498\">89-94<\/td>\n<td data-col-size=\"sm\" data-start=\"1498\" data-end=\"1512\">75-81<\/td>\n<td data-col-size=\"sm\" data-start=\"1512\" data-end=\"1527\">102-108<\/td>\n<\/tr>\n<tr data-start=\"1528\" data-end=\"1583\">\n<td data-start=\"1528\" data-end=\"1540\" data-col-size=\"sm\">L<\/td>\n<td data-col-size=\"sm\" data-start=\"1540\" data-end=\"1554\">95-101<\/td>\n<td data-col-size=\"sm\" data-start=\"1554\" data-end=\"1568\">82-88<\/td>\n<td data-col-size=\"sm\" data-start=\"1568\" data-end=\"1583\">109-115<\/td>\n<\/tr>\n<tr data-start=\"1584\" data-end=\"1639\">\n<td data-start=\"1584\" data-end=\"1596\" data-col-size=\"sm\">XL<\/td>\n<td data-col-size=\"sm\" data-start=\"1596\" data-end=\"1610\">102-109<\/td>\n<td data-col-size=\"sm\" data-start=\"1610\" data-end=\"1624\">89-96<\/td>\n<td data-col-size=\"sm\" data-start=\"1624\" data-end=\"1639\">116-124<\/td>\n<\/tr>\n<\/tbody>\n<\/table>\n<div class=\"sticky end-(--thread-content-margin) h-0 self-end select-none\">\n<div class=\"absolute end-0 flex items-end\"><\/div>\n<\/div>\n<\/div>\n<\/div>\n<p data-start=\"1641\" data-end=\"1779\"><em data-start=\"1644\" data-end=\"1779\">Toppen er tettsittende og fleksibel - velg din normale st\u00f8rrelse for en atletisk passform, eller g\u00e5 opp en st\u00f8rrelse for et l\u00f8sere utseende.<\/em><\/p>\n<hr data-start=\"1781\" data-end=\"1784\">\n<h3 data-start=\"1786\" data-end=\"1805\"><strong data-start=\"1790\" data-end=\"1805\">Perfekt for<\/strong><\/h3>\n<p data-start=\"1806\" data-end=\"1910\">L\u00f8ping, styrketrening, crossfit og alt der du trenger full bevegelsesfrihet og maksimal ventilasjon.<\/p>\n","protected":false},"excerpt":{"rendered":"<p><strong>Ground-Tech Singlet for kvinner er designet for h\u00f8yintensiv trening, l\u00f8ping og varme forhold. Den er laget av et ultralett, elastisk stoff med h\u00f8y pusteevne og effektiv svettetransport, slik at du holder deg t\u00f8rr og komfortabel - selv n\u00e5r pulsen er h\u00f8y. <\/strong><\/p>\n","protected":false},"featured_media":93416,"comment_status":"closed","ping_status":"closed","template":"","meta":{"_acf_changed":false},"product_brand":[],"product_cat":[1966,1965,1968],"product_tag":[1971],"class_list":{"0":"post-93454","1":"product","2":"type-product","3":"status-publish","4":"has-post-thumbnail","6":"product_cat-klaer","7":"product_cat-liiteguard-no","8":"product_cat-liiteguard-no-2","9":"product_tag-liiteguard-no","11":"first","12":"instock","13":"taxable","14":"shipping-taxable","15":"purchasable","16":"product-type-variable"},"acf":[],"_links":{"self":[{"href":"https:\/\/fysiolab.dk\/no\/wp-json\/wp\/v2\/product\/93454","targetHints":{"allow":["GET"]}}],"collection":[{"href":"https:\/\/fysiolab.dk\/no\/wp-json\/wp\/v2\/product"}],"about":[{"href":"https:\/\/fysiolab.dk\/no\/wp-json\/wp\/v2\/types\/product"}],"replies":[{"embeddable":true,"href":"https:\/\/fysiolab.dk\/no\/wp-json\/wp\/v2\/comments?post=93454"}],"wp:featuredmedia":[{"embeddable":true,"href":"https:\/\/fysiolab.dk\/no\/wp-json\/wp\/v2\/media\/93416"}],"wp:attachment":[{"href":"https:\/\/fysiolab.dk\/no\/wp-json\/wp\/v2\/media?parent=93454"}],"wp:term":[{"taxonomy":"product_brand","embeddable":true,"href":"https:\/\/fysiolab.dk\/no\/wp-json\/wp\/v2\/product_brand?post=93454"},{"taxonomy":"product_cat","embeddable":true,"href":"https:\/\/fysiolab.dk\/no\/wp-json\/wp\/v2\/product_cat?post=93454"},{"taxonomy":"product_tag","embeddable":true,"href":"https:\/\/fysiolab.dk\/no\/wp-json\/wp\/v2\/product_tag?post=93454"}],"curies":[{"name":"wp","href":"https:\/\/api.w.org\/{rel}","templated":true}]}}