{"id":93529,"date":"2025-07-07T22:55:32","date_gmt":"2025-07-07T20:55:32","guid":{"rendered":"https:\/\/fysiolab.dk\/product\/liiteguard-ground-tech-singlet-menn\/"},"modified":"2025-12-18T09:20:23","modified_gmt":"2025-12-18T08:20:23","slug":"liiteguard-ground-tech-singlet-menn","status":"publish","type":"product","link":"https:\/\/fysiolab.dk\/no\/product\/liiteguard-ground-tech-singlet-menn\/","title":{"rendered":"LiiteGuard Ground-Tech Singlet (menn)"},"content":{"rendered":"<h3 data-start=\"152\" data-end=\"195\"><strong data-start=\"155\" data-end=\"195\">LiiteGuard Ground-Tech Singlet - menn<\/strong><\/h3>\n<p data-start=\"197\" data-end=\"246\"><strong data-start=\"197\" data-end=\"246\">Lett, teknisk og bygget for intens ytelse<\/strong><\/p>\n<p data-start=\"248\" data-end=\"491\">Ground-Tech Singlet for menn er designet for h\u00f8yintensiv trening og varme forhold. Den er laget av et superlett, hurtigt\u00f8rkende og sv\u00e6rt pustende stoff som effektivt transporterer bort svette og holder deg komfortabel - selv n\u00e5r tempoet er h\u00f8yt. <\/p>\n<p data-start=\"493\" data-end=\"748\">Den atletiske passformen og den fleksible 4-veis-stretch gir full bevegelsesfrihet. P\u00e5 ryggen s\u00f8rger et teknisk nettingpanel for ekstra ventilasjon, og s\u00f8mmene er strategisk plassert for \u00e5 minimere irritasjon. Ideell for l\u00f8ping, funksjonell trening og konkurranser.  <\/p>\n<hr data-start=\"750\" data-end=\"753\">\n<h3 data-start=\"755\" data-end=\"778\"><strong data-start=\"759\" data-end=\"778\">Produktdetaljer<\/strong><\/h3>\n<ul data-start=\"779\" data-end=\"985\">\n<li data-start=\"779\" data-end=\"812\">\n<p data-start=\"781\" data-end=\"812\">Ultralett og pustende materiale<\/p>\n<\/li>\n<li data-start=\"813\" data-end=\"854\">\n<p data-start=\"815\" data-end=\"854\">Hurtigt\u00f8rkende og svettetransporterende<\/p>\n<\/li>\n<li data-start=\"855\" data-end=\"893\">\n<p data-start=\"857\" data-end=\"893\">Mesh p\u00e5 ryggen for m\u00e5lrettet ventilasjon<\/p>\n<\/li>\n<li data-start=\"894\" data-end=\"921\">\n<p data-start=\"896\" data-end=\"921\">Fleksibel 4-veis stretch<\/p>\n<\/li>\n<li data-start=\"922\" data-end=\"966\">\n<p data-start=\"924\" data-end=\"966\">Strategisk plassering av spiker for \u00f8kt komfort<\/p>\n<\/li>\n<li data-start=\"967\" data-end=\"985\">\n<p data-start=\"969\" data-end=\"985\">Atletisk passform<\/p>\n<\/li>\n<\/ul>\n<hr data-start=\"987\" data-end=\"990\">\n<h3 data-start=\"992\" data-end=\"1006\"><strong data-start=\"996\" data-end=\"1006\">Farger<\/strong><\/h3>\n<ul data-start=\"1007\" data-end=\"1064\">\n<li data-start=\"1007\" data-end=\"1016\">\n<p data-start=\"1009\" data-end=\"1016\">Svart<\/p>\n<\/li>\n<li data-start=\"1017\" data-end=\"1032\">\n<p data-start=\"1019\" data-end=\"1032\">Dusty Green<\/p>\n<\/li>\n<li data-start=\"1033\" data-end=\"1051\">\n<p data-start=\"1035\" data-end=\"1051\">M\u00f8rk marinebl\u00e5<\/p>\n<\/li>\n<li data-start=\"1052\" data-end=\"1064\">\n<p data-start=\"1054\" data-end=\"1064\">Bordeaux<\/p>\n<\/li>\n<\/ul>\n<hr data-start=\"1066\" data-end=\"1069\">\n<h3 data-start=\"1071\" data-end=\"1089\"><strong data-start=\"1075\" data-end=\"1089\">St\u00f8rrelser<\/strong><\/h3>\n<p data-start=\"1090\" data-end=\"1110\">S - M - L - XL - XXL<\/p>\n<hr data-start=\"1112\" data-end=\"1115\">\n<h3 data-start=\"1117\" data-end=\"1147\"><strong data-start=\"1121\" data-end=\"1147\">St\u00f8rrelsesguide - menn<\/strong><\/h3>\n<div class=\"_tableContainer_80l1q_1\">\n<div class=\"_tableWrapper_80l1q_14 group flex w-fit flex-col-reverse\" tabindex=\"-1\">\n<table class=\"w-fit min-w-(--thread-content-width)\" data-start=\"1149\" data-end=\"1440\">\n<thead data-start=\"1149\" data-end=\"1188\">\n<tr data-start=\"1149\" data-end=\"1188\">\n<th data-start=\"1149\" data-end=\"1161\" data-col-size=\"sm\">St\u00f8rrelse (cm)<\/th>\n<th data-start=\"1161\" data-end=\"1174\" data-col-size=\"sm\">Brystkasse (cm)<\/th>\n<th data-start=\"1174\" data-end=\"1188\" data-col-size=\"sm\">Midje (cm)<\/th>\n<\/tr>\n<\/thead>\n<tbody data-start=\"1231\" data-end=\"1440\">\n<tr data-start=\"1231\" data-end=\"1272\">\n<td data-start=\"1231\" data-end=\"1243\" data-col-size=\"sm\">S<\/td>\n<td data-col-size=\"sm\" data-start=\"1243\" data-end=\"1257\">90-96<\/td>\n<td data-col-size=\"sm\" data-start=\"1257\" data-end=\"1272\">76-82<\/td>\n<\/tr>\n<tr data-start=\"1273\" data-end=\"1314\">\n<td data-start=\"1273\" data-end=\"1285\" data-col-size=\"sm\">M<\/td>\n<td data-col-size=\"sm\" data-start=\"1285\" data-end=\"1299\">97-102<\/td>\n<td data-col-size=\"sm\" data-start=\"1299\" data-end=\"1314\">83-88<\/td>\n<\/tr>\n<tr data-start=\"1315\" data-end=\"1356\">\n<td data-start=\"1315\" data-end=\"1327\" data-col-size=\"sm\">L<\/td>\n<td data-col-size=\"sm\" data-start=\"1327\" data-end=\"1341\">103-108<\/td>\n<td data-col-size=\"sm\" data-start=\"1341\" data-end=\"1356\">89-94<\/td>\n<\/tr>\n<tr data-start=\"1357\" data-end=\"1398\">\n<td data-start=\"1357\" data-end=\"1369\" data-col-size=\"sm\">XL<\/td>\n<td data-col-size=\"sm\" data-start=\"1369\" data-end=\"1383\">109-114<\/td>\n<td data-col-size=\"sm\" data-start=\"1383\" data-end=\"1398\">95-100<\/td>\n<\/tr>\n<tr data-start=\"1399\" data-end=\"1440\">\n<td data-start=\"1399\" data-end=\"1411\" data-col-size=\"sm\">XXL<\/td>\n<td data-col-size=\"sm\" data-start=\"1411\" data-end=\"1425\">115-121<\/td>\n<td data-col-size=\"sm\" data-start=\"1425\" data-end=\"1440\">101-107<\/td>\n<\/tr>\n<\/tbody>\n<\/table>\n<div class=\"sticky end-(--thread-content-margin) h-0 self-end select-none\">\n<div><\/div>\n<div class=\"absolute end-0 flex items-end\"><em data-start=\"1445\" data-end=\"1547\">Tettsittende, atletisk passform. Velg din normale st\u00f8rrelse - eller g\u00e5 opp en st\u00f8rrelse hvis du \u00f8nsker en l\u00f8sere passform. <\/em><\/div>\n<\/div>\n<\/div>\n<\/div>\n<hr data-start=\"1549\" data-end=\"1552\">\n<h3 data-start=\"1554\" data-end=\"1573\"><strong data-start=\"1558\" data-end=\"1573\">Perfekt for<\/strong><\/h3>\n<p data-start=\"1574\" data-end=\"1694\">L\u00f8ping, styrketrening, funksjonell fitness og h\u00f8yintensive idretter der svettetransport og bevegelsesfrihet er avgj\u00f8rende.<\/p>\n","protected":false},"excerpt":{"rendered":"<p><strong>Ground-Tech Singlet for menn er designet for h\u00f8yintensiv trening og varme forhold. Den er laget av et superlett, hurtigt\u00f8rkende og sv\u00e6rt pustende stoff som effektivt transporterer bort svette og holder deg komfortabel - selv n\u00e5r tempoet er h\u00f8yt. <\/strong><\/p>\n","protected":false},"featured_media":93490,"comment_status":"closed","ping_status":"closed","template":"","meta":{"_acf_changed":false},"product_brand":[],"product_cat":[1966,1965,1968],"product_tag":[1971],"class_list":{"0":"post-93529","1":"product","2":"type-product","3":"status-publish","4":"has-post-thumbnail","6":"product_cat-klaer","7":"product_cat-liiteguard-no","8":"product_cat-liiteguard-no-2","9":"product_tag-liiteguard-no","11":"first","12":"instock","13":"taxable","14":"shipping-taxable","15":"purchasable","16":"product-type-variable"},"acf":[],"_links":{"self":[{"href":"https:\/\/fysiolab.dk\/no\/wp-json\/wp\/v2\/product\/93529","targetHints":{"allow":["GET"]}}],"collection":[{"href":"https:\/\/fysiolab.dk\/no\/wp-json\/wp\/v2\/product"}],"about":[{"href":"https:\/\/fysiolab.dk\/no\/wp-json\/wp\/v2\/types\/product"}],"replies":[{"embeddable":true,"href":"https:\/\/fysiolab.dk\/no\/wp-json\/wp\/v2\/comments?post=93529"}],"wp:featuredmedia":[{"embeddable":true,"href":"https:\/\/fysiolab.dk\/no\/wp-json\/wp\/v2\/media\/93490"}],"wp:attachment":[{"href":"https:\/\/fysiolab.dk\/no\/wp-json\/wp\/v2\/media?parent=93529"}],"wp:term":[{"taxonomy":"product_brand","embeddable":true,"href":"https:\/\/fysiolab.dk\/no\/wp-json\/wp\/v2\/product_brand?post=93529"},{"taxonomy":"product_cat","embeddable":true,"href":"https:\/\/fysiolab.dk\/no\/wp-json\/wp\/v2\/product_cat?post=93529"},{"taxonomy":"product_tag","embeddable":true,"href":"https:\/\/fysiolab.dk\/no\/wp-json\/wp\/v2\/product_tag?post=93529"}],"curies":[{"name":"wp","href":"https:\/\/api.w.org\/{rel}","templated":true}]}}