{"id":93596,"date":"2025-07-07T23:11:45","date_gmt":"2025-07-07T21:11:45","guid":{"rendered":"https:\/\/fysiolab.dk\/product\/liiteguard-re-liite-t-skjorte-menn\/"},"modified":"2025-12-18T09:20:22","modified_gmt":"2025-12-18T08:20:22","slug":"liiteguard-re-liite-t-skjorte-menn","status":"publish","type":"product","link":"https:\/\/fysiolab.dk\/no\/product\/liiteguard-re-liite-t-skjorte-menn\/","title":{"rendered":"LiiteGuard Re-Liite T-skjorte (menn)"},"content":{"rendered":"<h3 data-start=\"176\" data-end=\"216\"><strong data-start=\"179\" data-end=\"216\">LiiteGuard Re-Liite T-skjorte - menn<\/strong><\/h3>\n<p data-start=\"218\" data-end=\"297\"><strong data-start=\"218\" data-end=\"297\">En teknisk t-skjorte for b\u00e5de trening og restitusjon - med komfort i tankene<\/strong><\/p>\n<p data-start=\"299\" data-end=\"541\">Re-Liite T-skjorten er laget for deg som vil ha funksjon og komfort i en stilig pakke. Den er laget av et ultramykt, fleksibelt stoff med h\u00f8y pusteevne og svettetransport - perfekt for lett trening, aktiv hverdagsbruk og restitusjon. <\/p>\n<p data-start=\"543\" data-end=\"842\">T-skjorten har en klassisk og atletisk passform med 4-veis stretch som f\u00f8lger kroppens bevegelser uten \u00e5 stramme. Den minimalistiske stilen gj\u00f8r at den passer like godt p\u00e5 treningssenteret som til hverdags. Med strategisk plasserte s\u00f8mmer og en silkemyk overflate er komforten p\u00e5 sitt beste - uansett aktivitet.  <\/p>\n<hr data-start=\"844\" data-end=\"847\">\n<h3 data-start=\"849\" data-end=\"872\"><strong data-start=\"853\" data-end=\"872\">Produktdetaljer<\/strong><\/h3>\n<ul data-start=\"873\" data-end=\"1144\">\n<li data-start=\"873\" data-end=\"920\">\n<p data-start=\"875\" data-end=\"920\">Myk og fleksibel kvalitet med 4-veis stretch<\/p>\n<\/li>\n<li data-start=\"921\" data-end=\"954\">\n<p data-start=\"923\" data-end=\"954\">Svetttransporterende og pustende<\/p>\n<\/li>\n<li data-start=\"955\" data-end=\"990\">\n<p data-start=\"957\" data-end=\"990\">Hurtigt\u00f8rkende og luktresistent<\/p>\n<\/li>\n<li data-start=\"991\" data-end=\"1037\">\n<p data-start=\"993\" data-end=\"1037\">Atletisk passform med stor bevegelsesfrihet<\/p>\n<\/li>\n<li data-start=\"1038\" data-end=\"1097\">\n<p data-start=\"1040\" data-end=\"1097\">Minimalistisk design - perfekt for b\u00e5de sport og fritid<\/p>\n<\/li>\n<li data-start=\"1098\" data-end=\"1144\">\n<p data-start=\"1100\" data-end=\"1144\">Strategisk plassering av spiker for maksimal komfort<\/p>\n<\/li>\n<\/ul>\n<hr data-start=\"1146\" data-end=\"1149\">\n<h3 data-start=\"1151\" data-end=\"1165\"><strong data-start=\"1155\" data-end=\"1165\">Farger<\/strong><\/h3>\n<ul data-start=\"1166\" data-end=\"1207\">\n<li data-start=\"1166\" data-end=\"1175\">\n<p data-start=\"1168\" data-end=\"1175\">Svart<\/p>\n<\/li>\n<li data-start=\"1176\" data-end=\"1192\">\n<p data-start=\"1178\" data-end=\"1192\">Bl\u00e5 Melange<\/p>\n<\/li>\n<li data-start=\"1193\" data-end=\"1207\">\n<p data-start=\"1195\" data-end=\"1207\">Army Green<\/p>\n<\/li>\n<\/ul>\n<hr data-start=\"1209\" data-end=\"1212\">\n<h3 data-start=\"1214\" data-end=\"1232\"><strong data-start=\"1218\" data-end=\"1232\">St\u00f8rrelser<\/strong><\/h3>\n<p data-start=\"1233\" data-end=\"1253\">S - M - L - XL - XXL<\/p>\n<hr data-start=\"1255\" data-end=\"1258\">\n<h3 data-start=\"1260\" data-end=\"1290\"><strong data-start=\"1264\" data-end=\"1290\">St\u00f8rrelsesguide - menn<\/strong><\/h3>\n<div class=\"_tableContainer_80l1q_1\">\n<div class=\"_tableWrapper_80l1q_14 group flex w-fit flex-col-reverse\" tabindex=\"-1\">\n<table class=\"w-fit min-w-(--thread-content-width)\" data-start=\"1292\" data-end=\"1583\">\n<thead data-start=\"1292\" data-end=\"1331\">\n<tr data-start=\"1292\" data-end=\"1331\">\n<th data-start=\"1292\" data-end=\"1304\" data-col-size=\"sm\">St\u00f8rrelse (cm)<\/th>\n<th data-start=\"1304\" data-end=\"1317\" data-col-size=\"sm\">Brystkasse (cm)<\/th>\n<th data-start=\"1317\" data-end=\"1331\" data-col-size=\"sm\">Midje (cm)<\/th>\n<\/tr>\n<\/thead>\n<tbody data-start=\"1374\" data-end=\"1583\">\n<tr data-start=\"1374\" data-end=\"1415\">\n<td data-start=\"1374\" data-end=\"1386\" data-col-size=\"sm\">S<\/td>\n<td data-col-size=\"sm\" data-start=\"1386\" data-end=\"1400\">90-96<\/td>\n<td data-col-size=\"sm\" data-start=\"1400\" data-end=\"1415\">76-82<\/td>\n<\/tr>\n<tr data-start=\"1416\" data-end=\"1457\">\n<td data-start=\"1416\" data-end=\"1428\" data-col-size=\"sm\">M<\/td>\n<td data-col-size=\"sm\" data-start=\"1428\" data-end=\"1442\">97-102<\/td>\n<td data-col-size=\"sm\" data-start=\"1442\" data-end=\"1457\">83-88<\/td>\n<\/tr>\n<tr data-start=\"1458\" data-end=\"1499\">\n<td data-start=\"1458\" data-end=\"1470\" data-col-size=\"sm\">L<\/td>\n<td data-col-size=\"sm\" data-start=\"1470\" data-end=\"1484\">103-108<\/td>\n<td data-col-size=\"sm\" data-start=\"1484\" data-end=\"1499\">89-94<\/td>\n<\/tr>\n<tr data-start=\"1500\" data-end=\"1541\">\n<td data-start=\"1500\" data-end=\"1512\" data-col-size=\"sm\">XL<\/td>\n<td data-col-size=\"sm\" data-start=\"1512\" data-end=\"1526\">109-114<\/td>\n<td data-col-size=\"sm\" data-start=\"1526\" data-end=\"1541\">95-100<\/td>\n<\/tr>\n<tr data-start=\"1542\" data-end=\"1583\">\n<td data-start=\"1542\" data-end=\"1554\" data-col-size=\"sm\">XXL<\/td>\n<td data-col-size=\"sm\" data-start=\"1554\" data-end=\"1568\">115-121<\/td>\n<td data-col-size=\"sm\" data-start=\"1568\" data-end=\"1583\">101-107<\/td>\n<\/tr>\n<\/tbody>\n<\/table>\n<div class=\"sticky end-(--thread-content-margin) h-0 self-end select-none\">\n<div class=\"absolute end-0 flex items-end\"><\/div>\n<\/div>\n<\/div>\n<\/div>\n<p data-start=\"1585\" data-end=\"1704\">\ud83d\udca1  <em data-start=\"1588\" data-end=\"1704\">Normal til litt tettsittende passform. Velg din vanlige st\u00f8rrelse - eller g\u00e5 opp en st\u00f8rrelse hvis du \u00f8nsker en l\u00f8sere passform. <\/em><\/p>\n<hr data-start=\"1706\" data-end=\"1709\">\n<h3 data-start=\"1711\" data-end=\"1730\"><strong data-start=\"1715\" data-end=\"1730\">Perfekt for<\/strong><\/h3>\n<p data-start=\"1731\" data-end=\"1790\">Restitusjon - Lett trening - Hverdag - Reiser - Aktiv fritid<\/p>\n","protected":false},"excerpt":{"rendered":"<p><strong>Re-Liite T-skjorten er laget for deg som vil ha funksjon og komfort i en stilig pakke. Den er laget av et ultramykt, fleksibelt stoff med h\u00f8y pusteevne og svettetransport - perfekt for lett trening, aktiv hverdagsbruk og restitusjon. <\/strong><\/p>\n","protected":false},"featured_media":93570,"comment_status":"closed","ping_status":"closed","template":"","meta":{"_acf_changed":false},"product_brand":[],"product_cat":[1966,1965,1968],"product_tag":[1971],"class_list":{"0":"post-93596","1":"product","2":"type-product","3":"status-publish","4":"has-post-thumbnail","6":"product_cat-klaer","7":"product_cat-liiteguard-no","8":"product_cat-liiteguard-no-2","9":"product_tag-liiteguard-no","11":"first","12":"instock","13":"taxable","14":"shipping-taxable","15":"purchasable","16":"product-type-variable"},"acf":[],"_links":{"self":[{"href":"https:\/\/fysiolab.dk\/no\/wp-json\/wp\/v2\/product\/93596","targetHints":{"allow":["GET"]}}],"collection":[{"href":"https:\/\/fysiolab.dk\/no\/wp-json\/wp\/v2\/product"}],"about":[{"href":"https:\/\/fysiolab.dk\/no\/wp-json\/wp\/v2\/types\/product"}],"replies":[{"embeddable":true,"href":"https:\/\/fysiolab.dk\/no\/wp-json\/wp\/v2\/comments?post=93596"}],"wp:featuredmedia":[{"embeddable":true,"href":"https:\/\/fysiolab.dk\/no\/wp-json\/wp\/v2\/media\/93570"}],"wp:attachment":[{"href":"https:\/\/fysiolab.dk\/no\/wp-json\/wp\/v2\/media?parent=93596"}],"wp:term":[{"taxonomy":"product_brand","embeddable":true,"href":"https:\/\/fysiolab.dk\/no\/wp-json\/wp\/v2\/product_brand?post=93596"},{"taxonomy":"product_cat","embeddable":true,"href":"https:\/\/fysiolab.dk\/no\/wp-json\/wp\/v2\/product_cat?post=93596"},{"taxonomy":"product_tag","embeddable":true,"href":"https:\/\/fysiolab.dk\/no\/wp-json\/wp\/v2\/product_tag?post=93596"}],"curies":[{"name":"wp","href":"https:\/\/api.w.org\/{rel}","templated":true}]}}