{"id":93660,"date":"2025-07-07T23:21:18","date_gmt":"2025-07-07T21:21:18","guid":{"rendered":"https:\/\/fysiolab.dk\/product\/liiteguard-re-liite-t-skjorte-dame\/"},"modified":"2025-12-18T09:20:22","modified_gmt":"2025-12-18T08:20:22","slug":"liiteguard-re-liite-t-skjorte-dame","status":"publish","type":"product","link":"https:\/\/fysiolab.dk\/no\/product\/liiteguard-re-liite-t-skjorte-dame\/","title":{"rendered":"LiiteGuard Re-Liite T-skjorte (dame)"},"content":{"rendered":"<h3 data-start=\"166\" data-end=\"208\"><strong data-start=\"169\" data-end=\"208\">LiiteGuard Re-Liite T-skjorte - dame<\/strong><\/h3>\n<p data-start=\"210\" data-end=\"291\"><strong data-start=\"210\" data-end=\"291\">Myk, teknisk og allsidig - en t-skjorte laget for b\u00e5de bevegelse og restitusjon<\/strong><\/p>\n<p data-start=\"293\" data-end=\"547\">Re-Liite T-skjorte for kvinner kombinerer teknisk funksjon med suveren komfort. Den er laget av et silkemykt og fleksibelt stoff med h\u00f8y pusteevne og effektiv svettetransport, noe som gj\u00f8r den ideell til lett trening, aktiv hverdagsbruk og avslapning. <\/p>\n<p data-start=\"549\" data-end=\"786\">Passformen er feminin og atletisk - tettsittende uten \u00e5 v\u00e6re trang, med 4-veis stretch for full bevegelsesfrihet. De diskrete s\u00f8mmene og den minimalistiske designen gir et stilig utseende som du kan bruke b\u00e5de p\u00e5 treningssenteret og til hverdags. <\/p>\n<hr data-start=\"788\" data-end=\"791\">\n<h3 data-start=\"793\" data-end=\"816\"><strong data-start=\"797\" data-end=\"816\">Produktdetaljer<\/strong><\/h3>\n<ul data-start=\"817\" data-end=\"1103\">\n<li data-start=\"817\" data-end=\"851\">\n<p data-start=\"819\" data-end=\"851\">Supermyk og t\u00f8yelig kvalitet<\/p>\n<\/li>\n<li data-start=\"852\" data-end=\"893\">\n<p data-start=\"854\" data-end=\"893\">Svetttransporterende og hurtigt\u00f8rkende<\/p>\n<\/li>\n<li data-start=\"894\" data-end=\"954\">\n<p data-start=\"896\" data-end=\"954\">Lett og pustende - ideell for varme dager eller lett aktivitet<\/p>\n<\/li>\n<li data-start=\"955\" data-end=\"992\">\n<p data-start=\"957\" data-end=\"992\">4-veis stretch for maksimal komfort<\/p>\n<\/li>\n<li data-start=\"993\" data-end=\"1025\">\n<p data-start=\"995\" data-end=\"1025\">Tettsittende, feminin passform<\/p>\n<\/li>\n<li data-start=\"1026\" data-end=\"1056\">\n<p data-start=\"1028\" data-end=\"1056\">Luktbestandig og holdbar<\/p>\n<\/li>\n<li data-start=\"1057\" data-end=\"1103\">\n<p data-start=\"1059\" data-end=\"1103\">Strategisk plassering av spiker for minimal friksjon<\/p>\n<\/li>\n<\/ul>\n<hr data-start=\"1105\" data-end=\"1108\">\n<h3 data-start=\"1110\" data-end=\"1124\"><strong data-start=\"1114\" data-end=\"1124\">Farger<\/strong><\/h3>\n<ul data-start=\"1125\" data-end=\"1166\">\n<li data-start=\"1125\" data-end=\"1134\">\n<p data-start=\"1127\" data-end=\"1134\">Svart<\/p>\n<\/li>\n<li data-start=\"1135\" data-end=\"1151\">\n<p data-start=\"1137\" data-end=\"1151\">Bl\u00e5 Melange<\/p>\n<\/li>\n<li data-start=\"1152\" data-end=\"1166\">\n<p data-start=\"1154\" data-end=\"1166\">Army Green<\/p>\n<\/li>\n<\/ul>\n<hr data-start=\"1168\" data-end=\"1171\">\n<h3 data-start=\"1173\" data-end=\"1191\"><strong data-start=\"1177\" data-end=\"1191\">St\u00f8rrelser<\/strong><\/h3>\n<p data-start=\"1192\" data-end=\"1211\">XS - S - S - M - L - XL<\/p>\n<hr data-start=\"1213\" data-end=\"1216\">\n<h3 data-start=\"1218\" data-end=\"1251\"><strong data-start=\"1222\" data-end=\"1251\">St\u00f8rrelsesguide - Kvinner<\/strong><\/h3>\n<div class=\"_tableContainer_80l1q_1\">\n<div class=\"_tableWrapper_80l1q_14 group flex w-fit flex-col-reverse\" tabindex=\"-1\">\n<table class=\"w-fit min-w-(--thread-content-width)\" data-start=\"1253\" data-end=\"1641\">\n<thead data-start=\"1253\" data-end=\"1305\">\n<tr data-start=\"1253\" data-end=\"1305\">\n<th data-start=\"1253\" data-end=\"1265\" data-col-size=\"sm\">St\u00f8rrelse (cm)<\/th>\n<th data-start=\"1265\" data-end=\"1278\" data-col-size=\"sm\">Brystkasse (cm)<\/th>\n<th data-start=\"1278\" data-end=\"1291\" data-col-size=\"sm\">Midje (cm)<\/th>\n<th data-start=\"1291\" data-end=\"1305\" data-col-size=\"sm\">Hofte (cm)<\/th>\n<\/tr>\n<\/thead>\n<tbody data-start=\"1362\" data-end=\"1641\">\n<tr data-start=\"1362\" data-end=\"1417\">\n<td data-start=\"1362\" data-end=\"1374\" data-col-size=\"sm\">XS<\/td>\n<td data-col-size=\"sm\" data-start=\"1374\" data-end=\"1388\">76-82<\/td>\n<td data-col-size=\"sm\" data-start=\"1388\" data-end=\"1402\">61-67<\/td>\n<td data-col-size=\"sm\" data-start=\"1402\" data-end=\"1417\">88-94<\/td>\n<\/tr>\n<tr data-start=\"1418\" data-end=\"1473\">\n<td data-start=\"1418\" data-end=\"1430\" data-col-size=\"sm\">S<\/td>\n<td data-col-size=\"sm\" data-start=\"1430\" data-end=\"1444\">83-88<\/td>\n<td data-col-size=\"sm\" data-start=\"1444\" data-end=\"1458\">68-74<\/td>\n<td data-col-size=\"sm\" data-start=\"1458\" data-end=\"1473\">95-101<\/td>\n<\/tr>\n<tr data-start=\"1474\" data-end=\"1529\">\n<td data-start=\"1474\" data-end=\"1486\" data-col-size=\"sm\">M<\/td>\n<td data-col-size=\"sm\" data-start=\"1486\" data-end=\"1500\">89-94<\/td>\n<td data-col-size=\"sm\" data-start=\"1500\" data-end=\"1514\">75-81<\/td>\n<td data-col-size=\"sm\" data-start=\"1514\" data-end=\"1529\">102-108<\/td>\n<\/tr>\n<tr data-start=\"1530\" data-end=\"1585\">\n<td data-start=\"1530\" data-end=\"1542\" data-col-size=\"sm\">L<\/td>\n<td data-col-size=\"sm\" data-start=\"1542\" data-end=\"1556\">95-101<\/td>\n<td data-col-size=\"sm\" data-start=\"1556\" data-end=\"1570\">82-88<\/td>\n<td data-col-size=\"sm\" data-start=\"1570\" data-end=\"1585\">109-115<\/td>\n<\/tr>\n<tr data-start=\"1586\" data-end=\"1641\">\n<td data-start=\"1586\" data-end=\"1598\" data-col-size=\"sm\">XL<\/td>\n<td data-col-size=\"sm\" data-start=\"1598\" data-end=\"1612\">102-109<\/td>\n<td data-col-size=\"sm\" data-start=\"1612\" data-end=\"1626\">89-96<\/td>\n<td data-col-size=\"sm\" data-start=\"1626\" data-end=\"1641\">116-124<\/td>\n<\/tr>\n<\/tbody>\n<\/table>\n<div class=\"sticky end-(--thread-content-margin) h-0 self-end select-none\">\n<div class=\"absolute end-0 flex items-end\"><\/div>\n<\/div>\n<\/div>\n<\/div>\n<p data-start=\"1643\" data-end=\"1767\"><em data-start=\"1646\" data-end=\"1767\">Normal til litt tettsittende passform. Velg din vanlige st\u00f8rrelse eller g\u00e5 opp en st\u00f8rrelse hvis du foretrekker en l\u00f8sere modell. <\/em><\/p>\n<hr data-start=\"1769\" data-end=\"1772\">\n<h3 data-start=\"1774\" data-end=\"1793\"><strong data-start=\"1778\" data-end=\"1793\">Perfekt for<\/strong><\/h3>\n<p data-start=\"1794\" data-end=\"1853\">Lett trening - Hverdag - P\u00e5 reise - Restitusjon - Aktiv fritid<\/p>\n","protected":false},"excerpt":{"rendered":"<p><strong>Re-Liite T-skjorte for kvinner kombinerer teknisk funksjon med suveren komfort. Den er laget av et silkemykt og fleksibelt stoff med h\u00f8y pusteevne og effektiv svettetransport, noe som gj\u00f8r den ideell til lett trening, aktiv hverdagsbruk og avslapning. <\/strong><\/p>\n","protected":false},"featured_media":93644,"comment_status":"closed","ping_status":"closed","template":"","meta":{"_acf_changed":false},"product_brand":[],"product_cat":[1966,1965,1968],"product_tag":[1971],"class_list":{"0":"post-93660","1":"product","2":"type-product","3":"status-publish","4":"has-post-thumbnail","6":"product_cat-klaer","7":"product_cat-liiteguard-no","8":"product_cat-liiteguard-no-2","9":"product_tag-liiteguard-no","11":"first","12":"instock","13":"taxable","14":"shipping-taxable","15":"purchasable","16":"product-type-variable"},"acf":[],"_links":{"self":[{"href":"https:\/\/fysiolab.dk\/no\/wp-json\/wp\/v2\/product\/93660","targetHints":{"allow":["GET"]}}],"collection":[{"href":"https:\/\/fysiolab.dk\/no\/wp-json\/wp\/v2\/product"}],"about":[{"href":"https:\/\/fysiolab.dk\/no\/wp-json\/wp\/v2\/types\/product"}],"replies":[{"embeddable":true,"href":"https:\/\/fysiolab.dk\/no\/wp-json\/wp\/v2\/comments?post=93660"}],"wp:featuredmedia":[{"embeddable":true,"href":"https:\/\/fysiolab.dk\/no\/wp-json\/wp\/v2\/media\/93644"}],"wp:attachment":[{"href":"https:\/\/fysiolab.dk\/no\/wp-json\/wp\/v2\/media?parent=93660"}],"wp:term":[{"taxonomy":"product_brand","embeddable":true,"href":"https:\/\/fysiolab.dk\/no\/wp-json\/wp\/v2\/product_brand?post=93660"},{"taxonomy":"product_cat","embeddable":true,"href":"https:\/\/fysiolab.dk\/no\/wp-json\/wp\/v2\/product_cat?post=93660"},{"taxonomy":"product_tag","embeddable":true,"href":"https:\/\/fysiolab.dk\/no\/wp-json\/wp\/v2\/product_tag?post=93660"}],"curies":[{"name":"wp","href":"https:\/\/api.w.org\/{rel}","templated":true}]}}