{"id":93747,"date":"2025-07-07T23:36:43","date_gmt":"2025-07-07T21:36:43","guid":{"rendered":"https:\/\/fysiolab.dk\/product\/liiteguard-running-cap-flere-farger\/"},"modified":"2025-12-18T09:20:22","modified_gmt":"2025-12-18T08:20:22","slug":"liiteguard-running-cap-flere-farger","status":"publish","type":"product","link":"https:\/\/fysiolab.dk\/no\/product\/liiteguard-running-cap-flere-farger\/","title":{"rendered":"LiiteGuard l\u00f8pehette"},"content":{"rendered":"<h3 data-start=\"135\" data-end=\"164\"><strong data-start=\"138\" data-end=\"164\">LiiteGuard l\u00f8pehette<\/strong><\/h3>\n<p data-start=\"166\" data-end=\"229\"><strong data-start=\"166\" data-end=\"229\">Ultralett, svetteavvisende og laget for l\u00f8ping i h\u00f8y hastighet<\/strong><\/p>\n<p data-start=\"231\" data-end=\"452\">LiiteGuard Running Cap er din ideelle f\u00f8lgesvenn p\u00e5 b\u00e5de varme treningsturer og konkurransedager. Den er utviklet i et lett og hurtigt\u00f8rkende materiale med nettingpaneler for maksimal ventilasjon og komfort - selv under h\u00f8y puls. <\/p>\n<p data-start=\"454\" data-end=\"645\">Med en fleksibel skjerm og justerbar borrel\u00e5sfeste f\u00e5r du en komfortabel og sikker passform. Det innvendige svetteb\u00e5ndet holder svetten borte fra \u00f8ynene, slik at du kan holde fokus hele veien. <\/p>\n<hr data-start=\"647\" data-end=\"650\">\n<h3 data-start=\"652\" data-end=\"675\"><strong data-start=\"656\" data-end=\"675\">Produktdetaljer<\/strong><\/h3>\n<ul data-start=\"676\" data-end=\"930\">\n<li data-start=\"676\" data-end=\"711\">\n<p data-start=\"678\" data-end=\"711\">Ultralett og pustende design<\/p>\n<\/li>\n<li data-start=\"712\" data-end=\"753\">\n<p data-start=\"714\" data-end=\"753\">Svetttransporterende og hurtigt\u00f8rkende<\/p>\n<\/li>\n<li data-start=\"754\" data-end=\"791\">\n<p data-start=\"756\" data-end=\"791\">Meshpaneler for ekstra pusteevne<\/p>\n<\/li>\n<li data-start=\"792\" data-end=\"824\">\n<p data-start=\"794\" data-end=\"824\">Justerbar passform med borrel\u00e5s<\/p>\n<\/li>\n<li data-start=\"825\" data-end=\"864\">\n<p data-start=\"827\" data-end=\"864\">Fleksibel skygge for solbeskyttelse<\/p>\n<\/li>\n<li data-start=\"865\" data-end=\"900\">\n<p data-start=\"867\" data-end=\"900\">Innvendig svetteb\u00e5nd for komfort<\/p>\n<\/li>\n<li data-start=\"901\" data-end=\"930\">\n<p data-start=\"903\" data-end=\"930\">Unisex - passer de fleste<\/p>\n<\/li>\n<\/ul>\n<hr data-start=\"932\" data-end=\"935\">\n<h3 data-start=\"937\" data-end=\"951\"><strong data-start=\"941\" data-end=\"951\">Farger<\/strong><\/h3>\n<ul data-start=\"952\" data-end=\"1021\">\n<li data-start=\"952\" data-end=\"966\">\n<p data-start=\"954\" data-end=\"966\">Army Green<\/p>\n<\/li>\n<li data-start=\"967\" data-end=\"975\">\n<p data-start=\"969\" data-end=\"975\">Marinen<\/p>\n<\/li>\n<li data-start=\"976\" data-end=\"985\">\n<p data-start=\"978\" data-end=\"985\">Beige farge<\/p>\n<\/li>\n<li data-start=\"986\" data-end=\"995\">\n<p data-start=\"988\" data-end=\"995\">Svart<\/p>\n<\/li>\n<li data-start=\"996\" data-end=\"1005\">\n<p data-start=\"998\" data-end=\"1005\">Hvit<\/p>\n<\/li>\n<\/ul>\n<hr data-start=\"1023\" data-end=\"1026\">\n<h3 data-start=\"1028\" data-end=\"1045\"><strong data-start=\"1032\" data-end=\"1045\">St\u00f8rrelse<\/strong><\/h3>\n<p data-start=\"1046\" data-end=\"1083\">One size - justerbar passform (borrel\u00e5s)<\/p>\n<hr data-start=\"1085\" data-end=\"1088\">\n<h3 data-start=\"1090\" data-end=\"1109\"><strong data-start=\"1094\" data-end=\"1109\">Perfekt for<\/strong><\/h3>\n<p data-start=\"1110\" data-end=\"1175\">L\u00f8ping - L\u00f8ype - Intervalltrening - Konkurranse - Solrike trenings\u00f8kter<\/p>\n","protected":false},"excerpt":{"rendered":"<p data-start=\"166\" data-end=\"229\"><strong data-start=\"166\" data-end=\"229\">Ultralett, svetteavvisende og laget for l\u00f8ping i h\u00f8y hastighet<\/strong><\/p>\n<p data-start=\"231\" data-end=\"452\"><strong>LiiteGuard Running Cap er din ideelle f\u00f8lgesvenn p\u00e5 b\u00e5de varme treningsturer og konkurransedager. Den er utviklet i et lett og hurtigt\u00f8rkende materiale med nettingpaneler for maksimal ventilasjon og komfort - selv under h\u00f8y puls. <\/strong><\/p>\n","protected":false},"featured_media":93712,"comment_status":"closed","ping_status":"closed","template":"","meta":{"_acf_changed":false},"product_brand":[],"product_cat":[1966,1965,1968],"product_tag":[1971],"class_list":{"0":"post-93747","1":"product","2":"type-product","3":"status-publish","4":"has-post-thumbnail","6":"product_cat-klaer","7":"product_cat-liiteguard-no","8":"product_cat-liiteguard-no-2","9":"product_tag-liiteguard-no","11":"first","12":"instock","13":"taxable","14":"shipping-taxable","15":"purchasable","16":"product-type-variable"},"acf":[],"_links":{"self":[{"href":"https:\/\/fysiolab.dk\/no\/wp-json\/wp\/v2\/product\/93747","targetHints":{"allow":["GET"]}}],"collection":[{"href":"https:\/\/fysiolab.dk\/no\/wp-json\/wp\/v2\/product"}],"about":[{"href":"https:\/\/fysiolab.dk\/no\/wp-json\/wp\/v2\/types\/product"}],"replies":[{"embeddable":true,"href":"https:\/\/fysiolab.dk\/no\/wp-json\/wp\/v2\/comments?post=93747"}],"wp:featuredmedia":[{"embeddable":true,"href":"https:\/\/fysiolab.dk\/no\/wp-json\/wp\/v2\/media\/93712"}],"wp:attachment":[{"href":"https:\/\/fysiolab.dk\/no\/wp-json\/wp\/v2\/media?parent=93747"}],"wp:term":[{"taxonomy":"product_brand","embeddable":true,"href":"https:\/\/fysiolab.dk\/no\/wp-json\/wp\/v2\/product_brand?post=93747"},{"taxonomy":"product_cat","embeddable":true,"href":"https:\/\/fysiolab.dk\/no\/wp-json\/wp\/v2\/product_cat?post=93747"},{"taxonomy":"product_tag","embeddable":true,"href":"https:\/\/fysiolab.dk\/no\/wp-json\/wp\/v2\/product_tag?post=93747"}],"curies":[{"name":"wp","href":"https:\/\/api.w.org\/{rel}","templated":true}]}}