{"id":93861,"date":"2025-07-13T12:59:36","date_gmt":"2025-07-13T10:59:36","guid":{"rendered":"https:\/\/fysiolab.dk\/product\/liiteguard-spine-tech-baselayer-ls-menn\/"},"modified":"2025-12-18T09:20:22","modified_gmt":"2025-12-18T08:20:22","slug":"liiteguard-spine-tech-baselayer-ls-menn","status":"publish","type":"product","link":"https:\/\/fysiolab.dk\/no\/product\/liiteguard-spine-tech-baselayer-ls-menn\/","title":{"rendered":"LiiteGuard Spine-Tech Baselayer LS (menn)"},"content":{"rendered":"<h3 data-start=\"146\" data-end=\"190\">LiiteGuard Spine-Tech Baselayer LS (menn)<\/h3>\n<p data-start=\"192\" data-end=\"239\"><strong data-start=\"192\" data-end=\"239\">Maksimer prestasjonene dine - og holdningen din.<\/strong><\/p>\n<p data-start=\"241\" data-end=\"550\">LiiteGuard Spine-Tech Baselayer LS for menn er et teknisk baselayer som er utviklet for \u00e5 st\u00f8tte ryggen og forbedre holdningen din - b\u00e5de under trening og i hverdagen. Den er utviklet i n\u00e6rt samarbeid med fysioterapeuter og toppidrettsut\u00f8vere, og kombinerer avansert kompresjonsteknologi med uovertruffen komfort. <\/p>\n<h4 data-start=\"552\" data-end=\"578\">Funksjoner og fordeler:<\/h4>\n<ul data-start=\"579\" data-end=\"1229\">\n<li data-start=\"579\" data-end=\"736\">\n<p data-start=\"581\" data-end=\"736\"><strong data-start=\"581\" data-end=\"606\">Spine-Tech-teknologi:<\/strong> Integrert ryggpanel skaper en lett aktivering av ryggmuskulaturen som hjelper deg med \u00e5 opprettholde en naturlig, oppreist holdning.<\/p>\n<\/li>\n<li data-start=\"737\" data-end=\"850\">\n<p data-start=\"739\" data-end=\"850\"><strong data-start=\"739\" data-end=\"761\">Kompresjonssoner:<\/strong> M\u00e5lrettet <strong data-start=\"739\" data-end=\"761\">kompresjon<\/strong> rundt skuldre og rygg for \u00f8kt stabilitet og redusert tretthet.<\/p>\n<\/li>\n<li data-start=\"851\" data-end=\"997\">\n<p data-start=\"853\" data-end=\"997\"><strong data-start=\"853\" data-end=\"886\">Svetttransporterende og pustende:<\/strong> Lett materiale som effektivt transporterer svetten bort fra kroppen og holder deg t\u00f8rr - selv under h\u00f8yintensiv trening.<\/p>\n<\/li>\n<li data-start=\"998\" data-end=\"1116\">\n<p data-start=\"1000\" data-end=\"1116\"><strong data-start=\"1000\" data-end=\"1019\">S\u00f8ml\u00f8s komfort:<\/strong> Det myke og elastiske materialet s\u00f8rger for en tettsittende passform uten irritasjon eller gnags\u00e5r.<\/p>\n<\/li>\n<li data-start=\"1117\" data-end=\"1229\">\n<p data-start=\"1119\" data-end=\"1229\"><strong data-start=\"1119\" data-end=\"1146\">Perfekt som underlag:<\/strong> Ideell under treningsgenseren, l\u00f8pejakken eller til innend\u00f8rstrening p\u00e5 kalde dager.<\/p>\n<\/li>\n<\/ul>\n<h4 data-start=\"1231\" data-end=\"1250\">Anbefales for:<\/h4>\n<ul data-start=\"1251\" data-end=\"1368\">\n<li data-start=\"1251\" data-end=\"1304\">\n<p data-start=\"1253\" data-end=\"1304\">L\u00f8ping, styrketrening, sykling og funksjonell fitness<\/p>\n<\/li>\n<li data-start=\"1305\" data-end=\"1368\">\n<p data-start=\"1307\" data-end=\"1368\">Kontorarbeid og hverdagsbruk for \u00e5 motvirke d\u00e5rlig holdning<\/p>\n<\/li>\n<\/ul>\n<hr data-start=\"1370\" data-end=\"1373\">\n<h3 data-start=\"1375\" data-end=\"1405\">\ud83e\uddcd\u200d\u2642\ufe0f St\u00f8rrelsesguide<\/h3>\n<p data-start=\"1407\" data-end=\"1580\">For \u00e5 oppn\u00e5 optimal effekt av kompresjon og postural st\u00f8tte er det viktig \u00e5 velge riktig st\u00f8rrelse. Skjorten skal sitte tett inntil kroppen uten \u00e5 f\u00f8les ubehagelig. <\/p>\n<div class=\"_tableContainer_80l1q_1\">\n<div class=\"_tableWrapper_80l1q_14 group flex w-fit flex-col-reverse\" tabindex=\"-1\">\n<table class=\"w-fit min-w-(--thread-content-width)\" data-start=\"1582\" data-end=\"1882\">\n<thead data-start=\"1582\" data-end=\"1624\">\n<tr data-start=\"1582\" data-end=\"1624\">\n<th data-start=\"1582\" data-end=\"1594\" data-col-size=\"sm\">Brystst\u00f8rrelse<\/th>\n<th data-start=\"1594\" data-end=\"1610\" data-col-size=\"sm\">Brystm\u00e5l (cm)<\/th>\n<th data-start=\"1610\" data-end=\"1624\" data-col-size=\"sm\">H\u00f8yde (cm)<\/th>\n<\/tr>\n<\/thead>\n<tbody data-start=\"1668\" data-end=\"1882\">\n<tr data-start=\"1668\" data-end=\"1710\">\n<td data-start=\"1668\" data-end=\"1679\" data-col-size=\"sm\">S<\/td>\n<td data-start=\"1679\" data-end=\"1696\" data-col-size=\"sm\">86-94<\/td>\n<td data-start=\"1696\" data-end=\"1710\" data-col-size=\"sm\">165-175<\/td>\n<\/tr>\n<tr data-start=\"1711\" data-end=\"1753\">\n<td data-start=\"1711\" data-end=\"1722\" data-col-size=\"sm\">M<\/td>\n<td data-start=\"1722\" data-end=\"1739\" data-col-size=\"sm\">94-102<\/td>\n<td data-start=\"1739\" data-end=\"1753\" data-col-size=\"sm\">170-180<\/td>\n<\/tr>\n<tr data-start=\"1754\" data-end=\"1796\">\n<td data-start=\"1754\" data-end=\"1765\" data-col-size=\"sm\">L<\/td>\n<td data-start=\"1765\" data-end=\"1782\" data-col-size=\"sm\">102-110<\/td>\n<td data-start=\"1782\" data-end=\"1796\" data-col-size=\"sm\">175-185<\/td>\n<\/tr>\n<tr data-start=\"1797\" data-end=\"1839\">\n<td data-start=\"1797\" data-end=\"1808\" data-col-size=\"sm\">XL<\/td>\n<td data-start=\"1808\" data-end=\"1825\" data-col-size=\"sm\">110-118<\/td>\n<td data-start=\"1825\" data-end=\"1839\" data-col-size=\"sm\">180-190<\/td>\n<\/tr>\n<tr data-start=\"1840\" data-end=\"1882\">\n<td data-start=\"1840\" data-end=\"1851\" data-col-size=\"sm\">XXL<\/td>\n<td data-start=\"1851\" data-end=\"1868\" data-col-size=\"sm\">118-126<\/td>\n<td data-start=\"1868\" data-end=\"1882\" data-col-size=\"sm\">185-195<\/td>\n<\/tr>\n<\/tbody>\n<\/table>\n<div class=\"sticky end-(--thread-content-margin) h-0 self-end select-none\">\n<div><\/div>\n<div class=\"absolute end-0 flex items-end\"><strong data-start=\"1886\" data-end=\"1894\">Merk:<\/strong> Hvis du st\u00e5r mellom to st\u00f8rrelser, anbefaler vi at du velger den minste st\u00f8rrelsen for optimal kompresjonseffekt.<\/div>\n<\/div>\n<\/div>\n<\/div>\n<hr data-start=\"1994\" data-end=\"1997\">\n<h3 data-start=\"1999\" data-end=\"2035\">  Slik setter du den riktig p\u00e5<\/h3>\n<ul data-start=\"2037\" data-end=\"2416\">\n<li data-start=\"2037\" data-end=\"2181\">\n<p data-start=\"2039\" data-end=\"2181\"><strong data-start=\"2039\" data-end=\"2059\">Ta deg god tid:<\/strong> Stoffet er tettsittende og designet for \u00e5 gi kompresjon, s\u00e5 det krever litt mer t\u00e5lmodighet enn en vanlig T-skjorte.<\/p>\n<\/li>\n<li data-start=\"2182\" data-end=\"2300\">\n<p data-start=\"2184\" data-end=\"2300\"><strong data-start=\"2184\" data-end=\"2205\">Begynn med arm<\/strong> ene: F\u00f8r armene inn \u00e9n og \u00e9n, og trekk deretter skjorten forsiktig ned over hodet og overkroppen.<\/p>\n<\/li>\n<li data-start=\"2301\" data-end=\"2416\">\n<p data-start=\"2303\" data-end=\"2416\"><strong data-start=\"2303\" data-end=\"2325\">Juster ryggpanelet:<\/strong> S\u00f8rg for at det integrerte ryggpanelet er sentrert langs ryggraden for maksimal st\u00f8tte.<\/p>\n<\/li>\n<\/ul>\n<hr data-start=\"2418\" data-end=\"2421\">\n<p data-start=\"2423\" data-end=\"2507\"><strong data-start=\"2423\" data-end=\"2507\">Optimaliser treningen og beskytt ryggen din - med Spine-Tech Baselayer fra LiiteGuard.<\/strong><\/p>\n","protected":false},"excerpt":{"rendered":"<p><strong>LiiteGuard Spine-Tech Baselayer LS for menn er et teknisk baselayer som er utviklet for \u00e5 st\u00f8tte ryggen og forbedre holdningen din - b\u00e5de under trening og i hverdagen. Den er utviklet i n\u00e6rt samarbeid med fysioterapeuter og toppidrettsut\u00f8vere, og kombinerer avansert kompresjonsteknologi med uovertruffen komfort. <\/strong><\/p>\n","protected":false},"featured_media":93843,"comment_status":"closed","ping_status":"closed","template":"","meta":{"_acf_changed":false},"product_brand":[],"product_cat":[1966,1965,1968],"product_tag":[1971],"class_list":{"0":"post-93861","1":"product","2":"type-product","3":"status-publish","4":"has-post-thumbnail","6":"product_cat-klaer","7":"product_cat-liiteguard-no","8":"product_cat-liiteguard-no-2","9":"product_tag-liiteguard-no","11":"first","12":"instock","13":"taxable","14":"shipping-taxable","15":"purchasable","16":"product-type-variable"},"acf":[],"_links":{"self":[{"href":"https:\/\/fysiolab.dk\/no\/wp-json\/wp\/v2\/product\/93861","targetHints":{"allow":["GET"]}}],"collection":[{"href":"https:\/\/fysiolab.dk\/no\/wp-json\/wp\/v2\/product"}],"about":[{"href":"https:\/\/fysiolab.dk\/no\/wp-json\/wp\/v2\/types\/product"}],"replies":[{"embeddable":true,"href":"https:\/\/fysiolab.dk\/no\/wp-json\/wp\/v2\/comments?post=93861"}],"wp:featuredmedia":[{"embeddable":true,"href":"https:\/\/fysiolab.dk\/no\/wp-json\/wp\/v2\/media\/93843"}],"wp:attachment":[{"href":"https:\/\/fysiolab.dk\/no\/wp-json\/wp\/v2\/media?parent=93861"}],"wp:term":[{"taxonomy":"product_brand","embeddable":true,"href":"https:\/\/fysiolab.dk\/no\/wp-json\/wp\/v2\/product_brand?post=93861"},{"taxonomy":"product_cat","embeddable":true,"href":"https:\/\/fysiolab.dk\/no\/wp-json\/wp\/v2\/product_cat?post=93861"},{"taxonomy":"product_tag","embeddable":true,"href":"https:\/\/fysiolab.dk\/no\/wp-json\/wp\/v2\/product_tag?post=93861"}],"curies":[{"name":"wp","href":"https:\/\/api.w.org\/{rel}","templated":true}]}}