{"id":93891,"date":"2025-07-13T13:11:50","date_gmt":"2025-07-13T11:11:50","guid":{"rendered":"https:\/\/fysiolab.dk\/product\/liiteguard-spine-tech-baselayer-ls-dame\/"},"modified":"2025-12-18T09:20:21","modified_gmt":"2025-12-18T08:20:21","slug":"liiteguard-spine-tech-baselayer-ls-dame","status":"publish","type":"product","link":"https:\/\/fysiolab.dk\/no\/product\/liiteguard-spine-tech-baselayer-ls-dame\/","title":{"rendered":"LiiteGuard Spine-Tech Baselayer LS (dame)"},"content":{"rendered":"<h3 data-start=\"232\" data-end=\"278\">LiiteGuard Spine-Tech Baselayer LS (dame)<\/h3>\n<p data-start=\"280\" data-end=\"326\"><strong data-start=\"280\" data-end=\"326\">St\u00f8tt holdningen din - \u00f8k prestasjonene dine.<\/strong><\/p>\n<p data-start=\"328\" data-end=\"674\">LiiteGuard Spine-Tech Baselayer LS for kvinner er et teknisk og funksjonelt undert\u00f8y som er utviklet for \u00e5 forbedre holdningen din, st\u00f8tte ryggen og optimalisere ytelsen din - b\u00e5de under trening og i hverdagen. Den er utviklet i samarbeid med fysioterapeuter og toppidrettsut\u00f8vere, og kombinerer m\u00e5lrettet kompresjon med en feminin og komfortabel passform. <\/p>\n<p data-start=\"676\" data-end=\"1005\">Det unike <strong data-start=\"687\" data-end=\"710\">Spine-Tech-ryggpanelet<\/strong> aktiverer kroppens holdningsmuskulatur og hjelper deg med \u00e5 opprettholde en naturlig og oppreist kroppsstilling - selv under lange perioder med stillesittende arbeid eller fysisk aktivitet. Samtidig bidrar <strong data-start=\"913\" data-end=\"934\">kompresjonssoner<\/strong> rundt ryggen og skuldrene til \u00e5 redusere tretthet og st\u00f8tte musklene. <\/p>\n<p data-start=\"1007\" data-end=\"1325\">Tr\u00f8yen er laget av et svetteavvisende, lett og pustende materiale som holder deg t\u00f8rr og komfortabel selv under intens trening. Den s\u00f8ml\u00f8se designen og den elastiske passformen gir optimal bevegelsesfrihet og komfort - perfekt som innerlag under l\u00f8petr\u00f8yen, treningsjakken eller rett og slett som en aktiv st\u00f8tte i hverdagen. <\/p>\n<h4 data-start=\"1327\" data-end=\"1353\">Funksjoner og fordeler:<\/h4>\n<ul data-start=\"1354\" data-end=\"1806\">\n<li data-start=\"1354\" data-end=\"1450\">\n<p data-start=\"1356\" data-end=\"1450\"><strong data-start=\"1356\" data-end=\"1381\">Spine-Tech-teknologi:<\/strong> Aktiverer ryggmuskulaturen og fremmer en sunn og oppreist holdning.<\/p>\n<\/li>\n<li data-start=\"1451\" data-end=\"1549\">\n<p data-start=\"1453\" data-end=\"1549\"><strong data-start=\"1453\" data-end=\"1479\">M\u00e5lrettet kompresjon:<\/strong> St\u00f8tter skuldre og \u00f8vre del av ryggen for \u00f8kt stabilitet og redusert tretthet.<\/p>\n<\/li>\n<li data-start=\"1550\" data-end=\"1642\">\n<p data-start=\"1552\" data-end=\"1642\"><strong data-start=\"1552\" data-end=\"1585\">Svetttransporterende og pustende:<\/strong> Holder deg t\u00f8rr og komfortabel - uansett aktivitetsniv\u00e5.<\/p>\n<\/li>\n<li data-start=\"1643\" data-end=\"1713\">\n<p data-start=\"1645\" data-end=\"1713\"><strong data-start=\"1645\" data-end=\"1676\">S\u00f8ml\u00f8st og mykt materiale:<\/strong> H\u00f8y komfort uten irriterende s\u00f8mmer.<\/p>\n<\/li>\n<li data-start=\"1714\" data-end=\"1806\">\n<p data-start=\"1716\" data-end=\"1806\"><strong data-start=\"1716\" data-end=\"1740\">Tettsittende passform:<\/strong> Designet for kvinnekroppen for optimal kraft og komfort.<\/p>\n<\/li>\n<\/ul>\n<h4 data-start=\"1808\" data-end=\"1827\">Anbefales for:<\/h4>\n<ul data-start=\"1828\" data-end=\"1949\">\n<li data-start=\"1828\" data-end=\"1887\">\n<p data-start=\"1830\" data-end=\"1887\">L\u00f8ping, styrketrening, sykling, yoga og funksjonell trening<\/p>\n<\/li>\n<li data-start=\"1888\" data-end=\"1949\">\n<p data-start=\"1890\" data-end=\"1949\">Kontorarbeid og hverdagsbruk for bedre holdning og komfort<\/p>\n<\/li>\n<\/ul>\n<hr data-start=\"1951\" data-end=\"1954\">\n<h3 data-start=\"1956\" data-end=\"1986\">St\u00f8rrelsesguide<\/h3>\n<p data-start=\"1988\" data-end=\"2134\">For \u00e5 f\u00e5 full effekt av Spine-Tech og kompresjon er det viktig \u00e5 velge riktig st\u00f8rrelse. Skjorten skal sitte godt uten \u00e5 f\u00f8les begrensende. <\/p>\n<div class=\"_tableContainer_80l1q_1\">\n<div class=\"_tableWrapper_80l1q_14 group flex w-fit flex-col-reverse\" tabindex=\"-1\">\n<table class=\"w-fit min-w-(--thread-content-width)\" data-start=\"2136\" data-end=\"2436\">\n<thead data-start=\"2136\" data-end=\"2178\">\n<tr data-start=\"2136\" data-end=\"2178\">\n<th data-start=\"2136\" data-end=\"2148\" data-col-size=\"sm\">Brystst\u00f8rrelse<\/th>\n<th data-start=\"2148\" data-end=\"2164\" data-col-size=\"sm\">Brystm\u00e5l (cm)<\/th>\n<th data-start=\"2164\" data-end=\"2178\" data-col-size=\"sm\">H\u00f8yde (cm)<\/th>\n<\/tr>\n<\/thead>\n<tbody data-start=\"2222\" data-end=\"2436\">\n<tr data-start=\"2222\" data-end=\"2264\">\n<td data-start=\"2222\" data-end=\"2233\" data-col-size=\"sm\">XS<\/td>\n<td data-col-size=\"sm\" data-start=\"2233\" data-end=\"2250\">76-84<\/td>\n<td data-col-size=\"sm\" data-start=\"2250\" data-end=\"2264\">155-165<\/td>\n<\/tr>\n<tr data-start=\"2265\" data-end=\"2307\">\n<td data-start=\"2265\" data-end=\"2276\" data-col-size=\"sm\">S<\/td>\n<td data-col-size=\"sm\" data-start=\"2276\" data-end=\"2293\">84-90<\/td>\n<td data-col-size=\"sm\" data-start=\"2293\" data-end=\"2307\">160-170<\/td>\n<\/tr>\n<tr data-start=\"2308\" data-end=\"2350\">\n<td data-start=\"2308\" data-end=\"2319\" data-col-size=\"sm\">M<\/td>\n<td data-col-size=\"sm\" data-start=\"2319\" data-end=\"2336\">90-96<\/td>\n<td data-col-size=\"sm\" data-start=\"2336\" data-end=\"2350\">165-175<\/td>\n<\/tr>\n<tr data-start=\"2351\" data-end=\"2393\">\n<td data-start=\"2351\" data-end=\"2362\" data-col-size=\"sm\">L<\/td>\n<td data-col-size=\"sm\" data-start=\"2362\" data-end=\"2379\">96-102<\/td>\n<td data-col-size=\"sm\" data-start=\"2379\" data-end=\"2393\">170-180<\/td>\n<\/tr>\n<tr data-start=\"2394\" data-end=\"2436\">\n<td data-start=\"2394\" data-end=\"2405\" data-col-size=\"sm\">XL<\/td>\n<td data-col-size=\"sm\" data-start=\"2405\" data-end=\"2422\">102-110<\/td>\n<td data-col-size=\"sm\" data-start=\"2422\" data-end=\"2436\">175-185<\/td>\n<\/tr>\n<\/tbody>\n<\/table>\n<div class=\"sticky end-(--thread-content-margin) h-0 self-end select-none\">\n<div class=\"absolute end-0 flex items-end\"><\/div>\n<\/div>\n<\/div>\n<\/div>\n<blockquote data-start=\"2438\" data-end=\"2549\">\n<p data-start=\"2440\" data-end=\"2549\"><strong data-start=\"2440\" data-end=\"2448\">Merk:<\/strong> Hvis du er mellom to st\u00f8rrelser, anbefaler vi at du velger den minste st\u00f8rrelsen for optimal kompresjon og st\u00f8tte.<\/p>\n<\/blockquote>\n<hr data-start=\"2551\" data-end=\"2554\">\n<h3 data-start=\"2556\" data-end=\"2593\">Slik bruker du skjorten riktig<\/h3>\n<ul data-start=\"2595\" data-end=\"2971\">\n<li data-start=\"2595\" data-end=\"2746\">\n<p data-start=\"2597\" data-end=\"2746\"><strong data-start=\"2597\" data-end=\"2617\">Ta deg god tid:<\/strong> Spine-Tech-skjorten er designet for \u00e5 gi kompresjon - det kan ta litt lenger tid \u00e5 ta den p\u00e5 enn vanlige treningskl\u00e6r.<\/p>\n<\/li>\n<li data-start=\"2747\" data-end=\"2844\">\n<p data-start=\"2749\" data-end=\"2844\"><strong data-start=\"2749\" data-end=\"2770\">Begynn med armene:<\/strong> F\u00f8r armene inn \u00e9n og \u00e9n, og trekk skjorten forsiktig over hodet og kroppen.<\/p>\n<\/li>\n<li data-start=\"2845\" data-end=\"2971\">\n<p data-start=\"2847\" data-end=\"2971\"><strong data-start=\"2847\" data-end=\"2877\">Plasser ryggpanelet riktig:<\/strong> S\u00f8rg for at det integrerte ryggpanelet sitter midt p\u00e5 ryggen for \u00e5 gi maksimal holdningsst\u00f8tte.<\/p>\n<\/li>\n<\/ul>\n<hr data-start=\"2973\" data-end=\"2976\">\n<p data-start=\"2978\" data-end=\"3088\"><strong data-start=\"2978\" data-end=\"3088\">LiiteGuard Spine-Tech Baselayer LS - din aktive st\u00f8tte for bedre holdning, komfort og treningsytelse.<\/strong><\/p>\n","protected":false},"excerpt":{"rendered":"<p><strong>LiiteGuard Spine-Tech Baselayer LS for kvinner er et teknisk og funksjonelt undert\u00f8y som er utviklet for \u00e5 forbedre holdningen din, st\u00f8tte ryggen og optimalisere ytelsen din - b\u00e5de under trening og i hverdagen. Den er utviklet i samarbeid med fysioterapeuter og toppidrettsut\u00f8vere, og kombinerer m\u00e5lrettet kompresjon med en feminin og komfortabel passform. <\/strong><\/p>\n","protected":false},"featured_media":93871,"comment_status":"closed","ping_status":"closed","template":"","meta":{"_acf_changed":false},"product_brand":[],"product_cat":[1966,1965,1968],"product_tag":[1971],"class_list":{"0":"post-93891","1":"product","2":"type-product","3":"status-publish","4":"has-post-thumbnail","6":"product_cat-klaer","7":"product_cat-liiteguard-no","8":"product_cat-liiteguard-no-2","9":"product_tag-liiteguard-no","11":"first","12":"instock","13":"taxable","14":"shipping-taxable","15":"purchasable","16":"product-type-variable"},"acf":[],"_links":{"self":[{"href":"https:\/\/fysiolab.dk\/no\/wp-json\/wp\/v2\/product\/93891","targetHints":{"allow":["GET"]}}],"collection":[{"href":"https:\/\/fysiolab.dk\/no\/wp-json\/wp\/v2\/product"}],"about":[{"href":"https:\/\/fysiolab.dk\/no\/wp-json\/wp\/v2\/types\/product"}],"replies":[{"embeddable":true,"href":"https:\/\/fysiolab.dk\/no\/wp-json\/wp\/v2\/comments?post=93891"}],"wp:featuredmedia":[{"embeddable":true,"href":"https:\/\/fysiolab.dk\/no\/wp-json\/wp\/v2\/media\/93871"}],"wp:attachment":[{"href":"https:\/\/fysiolab.dk\/no\/wp-json\/wp\/v2\/media?parent=93891"}],"wp:term":[{"taxonomy":"product_brand","embeddable":true,"href":"https:\/\/fysiolab.dk\/no\/wp-json\/wp\/v2\/product_brand?post=93891"},{"taxonomy":"product_cat","embeddable":true,"href":"https:\/\/fysiolab.dk\/no\/wp-json\/wp\/v2\/product_cat?post=93891"},{"taxonomy":"product_tag","embeddable":true,"href":"https:\/\/fysiolab.dk\/no\/wp-json\/wp\/v2\/product_tag?post=93891"}],"curies":[{"name":"wp","href":"https:\/\/api.w.org\/{rel}","templated":true}]}}