{"id":95568,"date":"2025-09-01T22:03:03","date_gmt":"2025-09-01T20:03:03","guid":{"rendered":"https:\/\/fysiolab.dk\/product\/95568\/"},"modified":"2025-12-18T09:20:20","modified_gmt":"2025-12-18T08:20:20","slug":"95568","status":"publish","type":"product","link":"https:\/\/fysiolab.dk\/no\/product\/95568\/","title":{"rendered":"Pure2Improve ryggstrekker"},"content":{"rendered":"<p>Pute for \u00e5 strekke ut korsryggen og mageomr\u00e5det<\/p>\n<p>Spesiell design som sk\u00e5nsomt lindrer trykk, \u00f8mhet og smerter<\/p>\n<p>\u00d8ker fleksibiliteten, forbedrer kroppsholdningen og gir fast og behagelig st\u00f8tte<\/p>\n<p>St\u00f8rrelse: 30 x 28 x 9,5 cm<\/p>\n","protected":false},"excerpt":{"rendered":"<p>Pute for \u00e5 strekke ut korsryggen og mageomr\u00e5det Spesiell design som sk\u00e5nsomt lindrer trykk, \u00f8mhet og smerter \u00d8ker fleksibiliteten, forbedrer kroppsholdningen og gir fast og behagelig st\u00f8tte St\u00f8rrelse: 30 x 28 x 9,5 cm<\/p>\n","protected":false},"featured_media":95567,"comment_status":"closed","ping_status":"closed","template":"","meta":{"_acf_changed":false},"product_brand":[],"product_cat":[2221,1937,2777,1945],"product_tag":[2778,1944],"class_list":{"0":"post-95568","1":"product","2":"type-product","3":"status-publish","4":"has-post-thumbnail","6":"product_cat-annet-treningsutstyr","7":"product_cat-merkevarer","8":"product_cat-pure-2-improve-no","9":"product_cat-treningsutstyr","10":"product_tag-p2i-no","11":"product_tag-rehabmedic-no","13":"first","14":"instock","15":"taxable","16":"shipping-taxable","17":"purchasable","18":"product-type-simple"},"acf":[],"_links":{"self":[{"href":"https:\/\/fysiolab.dk\/no\/wp-json\/wp\/v2\/product\/95568","targetHints":{"allow":["GET"]}}],"collection":[{"href":"https:\/\/fysiolab.dk\/no\/wp-json\/wp\/v2\/product"}],"about":[{"href":"https:\/\/fysiolab.dk\/no\/wp-json\/wp\/v2\/types\/product"}],"replies":[{"embeddable":true,"href":"https:\/\/fysiolab.dk\/no\/wp-json\/wp\/v2\/comments?post=95568"}],"wp:featuredmedia":[{"embeddable":true,"href":"https:\/\/fysiolab.dk\/no\/wp-json\/wp\/v2\/media\/95567"}],"wp:attachment":[{"href":"https:\/\/fysiolab.dk\/no\/wp-json\/wp\/v2\/media?parent=95568"}],"wp:term":[{"taxonomy":"product_brand","embeddable":true,"href":"https:\/\/fysiolab.dk\/no\/wp-json\/wp\/v2\/product_brand?post=95568"},{"taxonomy":"product_cat","embeddable":true,"href":"https:\/\/fysiolab.dk\/no\/wp-json\/wp\/v2\/product_cat?post=95568"},{"taxonomy":"product_tag","embeddable":true,"href":"https:\/\/fysiolab.dk\/no\/wp-json\/wp\/v2\/product_tag?post=95568"}],"curies":[{"name":"wp","href":"https:\/\/api.w.org\/{rel}","templated":true}]}}