{"id":95773,"date":"2025-09-06T10:39:08","date_gmt":"2025-09-06T08:39:08","guid":{"rendered":"https:\/\/fysiolab.dk\/product\/thera-band-hand-bars-roed-sett-for-vanntrening\/"},"modified":"2025-12-18T09:20:20","modified_gmt":"2025-12-18T08:20:20","slug":"thera-band-hand-bars-roed-sett-for-vanntrening","status":"publish","type":"product","link":"https:\/\/fysiolab.dk\/no\/product\/thera-band-hand-bars-roed-sett-for-vanntrening\/","title":{"rendered":"Thera-Band Hand Bars - R\u00f8d - Sett for vanntrening"},"content":{"rendered":"<h3 data-start=\"80\" data-end=\"133\">Thera-Band Hand Bars - R\u00f8d - Sett for vanntrening<\/h3>\n<p data-start=\"135\" data-end=\"418\"><strong data-start=\"135\" data-end=\"159\">Thera-Band Hand Bars<\/strong> er et effektivt verkt\u00f8y for styrke- og rehabiliteringstrening i vann. H\u00e5ndvektene er laget av skum med h\u00f8y oppdrift, noe som skaper naturlig motstand n\u00e5r de presses under vann. P\u00e5 denne m\u00e5ten trenes styrke, stabilitet og bevegelighet p\u00e5 en sk\u00e5nsom m\u00e5te.  <\/p>\n<p data-start=\"420\" data-end=\"537\">Den <strong data-start=\"424\" data-end=\"438\">r\u00f8de modellen<\/strong> har <strong data-start=\"445\" data-end=\"461\">lett motstand<\/strong>, noe som passer utmerket for nybegynnere, eldre og til rehabilitering etter skader.<\/p>\n<h3 data-start=\"539\" data-end=\"552\">Fordeler og fordeler<\/h3>\n<ul data-start=\"553\" data-end=\"841\">\n<li data-start=\"553\" data-end=\"586\">\n<p data-start=\"555\" data-end=\"586\">Selges som et <strong data-start=\"566\" data-end=\"584\">sett med 2 stk.<\/strong><\/p>\n<\/li>\n<li data-start=\"587\" data-end=\"647\">\n<p data-start=\"589\" data-end=\"647\">Lett motstand - ideell for rehabilitering og sk\u00e5nsom trening<\/p>\n<\/li>\n<li data-start=\"648\" data-end=\"694\">\n<p data-start=\"650\" data-end=\"694\">Trening av overkropp, kjerne og stabilitet i vann<\/p>\n<\/li>\n<li data-start=\"695\" data-end=\"772\">\n<p data-start=\"697\" data-end=\"772\">Sk\u00e5nsom mot leddene - perfekt for personer med smerter eller nedsatt bevegelighet<\/p>\n<\/li>\n<li data-start=\"773\" data-end=\"841\">\n<p data-start=\"775\" data-end=\"841\">Slitesterkt og komfortabelt skummateriale som ligger godt i h\u00e5nden<\/p>\n<\/li>\n<\/ul>\n<hr data-start=\"843\" data-end=\"846\">\n<p data-start=\"848\" data-end=\"951\" data-is-last-node=\"\" data-is-only-node=\"\"><strong data-start=\"848\" data-end=\"949\">Thera-Band Hand Bars Red - et trygt og effektivt valg for sk\u00e5nsom og funksjonell trening i vann.<\/strong><\/p>\n","protected":false},"excerpt":{"rendered":"<p><strong>Thera-Band Hand Bars er et effektivt verkt\u00f8y for styrke- og rehabiliteringstrening i vann. H\u00e5ndvektene er laget av skum med h\u00f8y oppdrift, noe som skaper naturlig motstand n\u00e5r de presses under vann. P\u00e5 denne m\u00e5ten trenes styrke, stabilitet og bevegelighet p\u00e5 en sk\u00e5nsom m\u00e5te.  <\/strong><\/p>\n","protected":false},"featured_media":95770,"comment_status":"closed","ping_status":"closed","template":"","meta":{"_acf_changed":false},"product_brand":[],"product_cat":[2221,1945],"product_tag":[1944,2720],"class_list":{"0":"post-95773","1":"product","2":"type-product","3":"status-publish","4":"has-post-thumbnail","6":"product_cat-annet-treningsutstyr","7":"product_cat-treningsutstyr","8":"product_tag-rehabmedic-no","9":"product_tag-thera-band-no","11":"first","12":"outofstock","13":"taxable","14":"shipping-taxable","15":"purchasable","16":"product-type-simple"},"acf":[],"_links":{"self":[{"href":"https:\/\/fysiolab.dk\/no\/wp-json\/wp\/v2\/product\/95773","targetHints":{"allow":["GET"]}}],"collection":[{"href":"https:\/\/fysiolab.dk\/no\/wp-json\/wp\/v2\/product"}],"about":[{"href":"https:\/\/fysiolab.dk\/no\/wp-json\/wp\/v2\/types\/product"}],"replies":[{"embeddable":true,"href":"https:\/\/fysiolab.dk\/no\/wp-json\/wp\/v2\/comments?post=95773"}],"wp:featuredmedia":[{"embeddable":true,"href":"https:\/\/fysiolab.dk\/no\/wp-json\/wp\/v2\/media\/95770"}],"wp:attachment":[{"href":"https:\/\/fysiolab.dk\/no\/wp-json\/wp\/v2\/media?parent=95773"}],"wp:term":[{"taxonomy":"product_brand","embeddable":true,"href":"https:\/\/fysiolab.dk\/no\/wp-json\/wp\/v2\/product_brand?post=95773"},{"taxonomy":"product_cat","embeddable":true,"href":"https:\/\/fysiolab.dk\/no\/wp-json\/wp\/v2\/product_cat?post=95773"},{"taxonomy":"product_tag","embeddable":true,"href":"https:\/\/fysiolab.dk\/no\/wp-json\/wp\/v2\/product_tag?post=95773"}],"curies":[{"name":"wp","href":"https:\/\/api.w.org\/{rel}","templated":true}]}}