{"id":95948,"date":"2025-09-12T20:43:12","date_gmt":"2025-09-12T18:43:12","guid":{"rendered":"https:\/\/fysiolab.dk\/product\/axelgaard-ultra-stim-elektroder-50x50-mm-4-stk\/"},"modified":"2026-03-05T22:18:37","modified_gmt":"2026-03-05T21:18:37","slug":"axelgaard-ultra-stim-elektroder-50x50-mm-4-stk","status":"publish","type":"product","link":"https:\/\/fysiolab.dk\/no\/product\/axelgaard-ultra-stim-elektroder-50x50-mm-4-stk\/","title":{"rendered":"Axelgaard Ultra Stim-elektroder 50&#215;50 mm (4 stk.)"},"content":{"rendered":"<h3 data-start=\"85\" data-end=\"139\">Axelgaard Ultra Stim-elektroder 50&#215;50 mm - 4 stk.<\/h3>\n<p data-start=\"141\" data-end=\"442\"><strong data-start=\"141\" data-end=\"165\">Axelgaard Ultra Stim-elektroder<\/strong> er elektroterapi av h\u00f8y kvalitet til en attraktiv pris. De er utviklet for \u00e5 gi samme p\u00e5litelige effekt som de velkjente Compex-elektrodene - men til en lavere pris. Dette gir deg et \u00f8konomisk alternativ uten at det g\u00e5r p\u00e5 bekostning av effektivitet eller komfort.  <\/p>\n<p data-start=\"444\" data-end=\"711\">Elektrodene er laget med <strong data-start=\"476\" data-end=\"505\">MultiStick\u00ae-gelteknologi<\/strong>, som sikrer jevn fordeling av pulser og h\u00f8y brukerkomfort under behandlingen. De fester seg godt til huden, er gjenbrukbare og <strong data-start=\"648\" data-end=\"708\">spesialdesignet for bruk med Compex-muskelstimulatorer<\/strong>. <\/p>\n<h3 data-start=\"713\" data-end=\"726\">Fordeler og fordeler<\/h3>\n<ul data-start=\"727\" data-end=\"989\">\n<li data-start=\"727\" data-end=\"788\">\n<p data-start=\"729\" data-end=\"788\"><strong data-start=\"729\" data-end=\"769\">Samme effekt som Compex-elektroder<\/strong> - bare billigere<\/p>\n<\/li>\n<li data-start=\"789\" data-end=\"860\">\n<p data-start=\"791\" data-end=\"860\"><strong data-start=\"791\" data-end=\"818\">Komfortabel stimulering<\/strong> med MultiStick\u00ae-gel for optimal kontakt<\/p>\n<\/li>\n<li data-start=\"861\" data-end=\"931\">\n<p data-start=\"863\" data-end=\"931\"><strong data-start=\"863\" data-end=\"881\">Gjenbrukbar<\/strong> - kan brukes flere ganger med riktig h\u00e5ndtering<\/p>\n<\/li>\n<li data-start=\"932\" data-end=\"989\">\n<p data-start=\"934\" data-end=\"989\"><strong data-start=\"934\" data-end=\"953\">Perfekt passform<\/strong> - designet for Compex EMS-enheter<\/p>\n<\/li>\n<\/ul>\n<h3 data-start=\"991\" data-end=\"1012\">Spesifikasjoner<\/h3>\n<ul data-start=\"1013\" data-end=\"1231\">\n<li data-start=\"1013\" data-end=\"1042\">\n<p data-start=\"1015\" data-end=\"1042\"><strong data-start=\"1015\" data-end=\"1029\">St\u00f8rrelse:<\/strong> 50 x 50 mm<\/p>\n<\/li>\n<li data-start=\"1043\" data-end=\"1087\">\n<p data-start=\"1045\" data-end=\"1087\"><strong data-start=\"1045\" data-end=\"1057\">Innhold:<\/strong> 4 elektroder per pakke<\/p>\n<\/li>\n<li data-start=\"1088\" data-end=\"1144\">\n<p data-start=\"1090\" data-end=\"1144\"><strong data-start=\"1090\" data-end=\"1106\">Tilkobling:<\/strong> Snap-on-system (Compex-kompatibel)<\/p>\n<\/li>\n<li data-start=\"1145\" data-end=\"1231\">\n<p data-start=\"1147\" data-end=\"1231\"><strong data-start=\"1147\" data-end=\"1166\">Kompatibilitet:<\/strong> Egnet for Compex muskelstimulatorer<\/p>\n<\/li>\n<\/ul>\n<hr data-start=\"1233\" data-end=\"1236\">\n<p data-start=\"1238\" data-end=\"1373\"><strong data-start=\"1238\" data-end=\"1371\">Axelgaard Ultra Stim 50&#215;50 mm - et kvalitetsvalg som gir samme effekt som de originale Compex-elektrodene, men til en lavere pris.<\/strong><\/p>\n","protected":false},"excerpt":{"rendered":"<p><strong>Axelgaard Ultra Stim-elektroder er elektroterapi av h\u00f8y kvalitet til en attraktiv pris. De er utviklet for \u00e5 gi samme p\u00e5litelige effekt som de velkjente Compex-elektrodene - men til en lavere pris. Dette gir deg et \u00f8konomisk alternativ uten at det g\u00e5r p\u00e5 bekostning av effektivitet eller komfort.  <\/strong><\/p>\n","protected":false},"featured_media":95940,"comment_status":"closed","ping_status":"closed","template":"","meta":{"_acf_changed":false},"product_brand":[3108],"product_cat":[3239,2877],"product_tag":[2918,1944],"class_list":{"0":"post-95948","1":"product","2":"type-product","3":"status-publish","4":"has-post-thumbnail","6":"product_brand-axelgaard","7":"product_cat-axelgaard-elektroder","8":"product_cat-uncategorized-da-no","9":"product_tag-axelgaard-no","10":"product_tag-rehabmedic-no","12":"first","13":"instock","14":"taxable","15":"shipping-taxable","16":"purchasable","17":"product-type-simple"},"acf":[],"_links":{"self":[{"href":"https:\/\/fysiolab.dk\/no\/wp-json\/wp\/v2\/product\/95948","targetHints":{"allow":["GET"]}}],"collection":[{"href":"https:\/\/fysiolab.dk\/no\/wp-json\/wp\/v2\/product"}],"about":[{"href":"https:\/\/fysiolab.dk\/no\/wp-json\/wp\/v2\/types\/product"}],"replies":[{"embeddable":true,"href":"https:\/\/fysiolab.dk\/no\/wp-json\/wp\/v2\/comments?post=95948"}],"wp:featuredmedia":[{"embeddable":true,"href":"https:\/\/fysiolab.dk\/no\/wp-json\/wp\/v2\/media\/95940"}],"wp:attachment":[{"href":"https:\/\/fysiolab.dk\/no\/wp-json\/wp\/v2\/media?parent=95948"}],"wp:term":[{"taxonomy":"product_brand","embeddable":true,"href":"https:\/\/fysiolab.dk\/no\/wp-json\/wp\/v2\/product_brand?post=95948"},{"taxonomy":"product_cat","embeddable":true,"href":"https:\/\/fysiolab.dk\/no\/wp-json\/wp\/v2\/product_cat?post=95948"},{"taxonomy":"product_tag","embeddable":true,"href":"https:\/\/fysiolab.dk\/no\/wp-json\/wp\/v2\/product_tag?post=95948"}],"curies":[{"name":"wp","href":"https:\/\/api.w.org\/{rel}","templated":true}]}}