{"id":95949,"date":"2025-09-12T20:45:25","date_gmt":"2025-09-12T18:45:25","guid":{"rendered":"https:\/\/fysiolab.dk\/product\/axelgaard-ultra-stim-elektroder-50x100-m-dobbel-trykknapp-2-stk\/"},"modified":"2025-12-18T09:20:20","modified_gmt":"2025-12-18T08:20:20","slug":"axelgaard-ultra-stim-elektroder-50x100-m-dobbel-trykknapp-2-stk","status":"publish","type":"product","link":"https:\/\/fysiolab.dk\/no\/product\/axelgaard-ultra-stim-elektroder-50x100-m-dobbel-trykknapp-2-stk\/","title":{"rendered":"Axelgaard Ultra Stim-elektroder 50&#215;100 m. Dobbel trykknapp (2 stk)"},"content":{"rendered":"<h3 data-start=\"110\" data-end=\"184\">Axelgaard Ultra Stim-elektroder 50&#215;100 mm - Dobbel trykknapp (2 stk.)<\/h3>\n<p data-start=\"186\" data-end=\"492\"><strong data-start=\"186\" data-end=\"210\">Axelgaard Ultra Stim-elektroder<\/strong> er et kvalitetsvalg for deg som bruker <strong data-start=\"262\" data-end=\"291\">Compex-muskelstimulatorer<\/strong>. Med samme h\u00f8ye funksjonalitet som de originale Compex-elektrodene - men til en lavere pris - er de et ideelt alternativ hvis du vil spare penger uten \u00e5 g\u00e5 p\u00e5 kompromiss med kvalitet og effekt. <\/p>\n<p data-start=\"494\" data-end=\"717\">Elektrodene er laget med <strong data-start=\"526\" data-end=\"555\">MultiStick\u00ae-gelteknologi<\/strong>, noe som sikrer jevn str\u00f8mfordeling og h\u00f8y komfort under behandlingen. De er enkle \u00e5 montere, fester seg godt til huden og kan brukes flere ganger med riktig pleie. <\/p>\n<p data-start=\"719\" data-end=\"906\">Denne <strong data-start=\"734\" data-end=\"747\">50&#215;100 mm-modellen<\/strong> er utstyrt med en <strong data-start=\"764\" data-end=\"784\">dobbel trykknapp<\/strong>, noe som gj\u00f8r den spesielt egnet for st\u00f8rre muskelgrupper der det er behov for to kanaler eller kraftigere stimulering.<\/p>\n<h3 data-start=\"908\" data-end=\"921\">Fordeler og fordeler<\/h3>\n<ul data-start=\"922\" data-end=\"1282\">\n<li data-start=\"922\" data-end=\"1002\">\n<p data-start=\"924\" data-end=\"1002\"><strong data-start=\"924\" data-end=\"970\">Billigere alternativ til Compex-elektroder<\/strong> - samme effekt, lavere pris<\/p>\n<\/li>\n<li data-start=\"1003\" data-end=\"1074\">\n<p data-start=\"1005\" data-end=\"1074\"><strong data-start=\"1005\" data-end=\"1024\">MultiStick\u00ae gel<\/strong> - optimal hudkontakt og jevn stimulering<\/p>\n<\/li>\n<li data-start=\"1075\" data-end=\"1131\">\n<p data-start=\"1077\" data-end=\"1131\"><strong data-start=\"1077\" data-end=\"1095\">Gjenbrukbar<\/strong> - h\u00f8y holdbarhet ved riktig bruk<\/p>\n<\/li>\n<li data-start=\"1132\" data-end=\"1214\">\n<p data-start=\"1134\" data-end=\"1214\"><strong data-start=\"1134\" data-end=\"1154\">Dobbel trykknapp<\/strong> - perfekt for st\u00f8rre muskelomr\u00e5der og mer intens trening<\/p>\n<\/li>\n<li data-start=\"1215\" data-end=\"1282\">\n<p data-start=\"1217\" data-end=\"1282\"><strong data-start=\"1217\" data-end=\"1254\">Kompatibel med Compex EMS-enheter<\/strong><\/p>\n<\/li>\n<\/ul>\n<h3 data-start=\"1284\" data-end=\"1305\">Spesifikasjoner<\/h3>\n<ul data-start=\"1306\" data-end=\"1483\">\n<li data-start=\"1306\" data-end=\"1336\">\n<p data-start=\"1308\" data-end=\"1336\"><strong data-start=\"1308\" data-end=\"1322\">St\u00f8rrelse:<\/strong> 50 x 100 mm<\/p>\n<\/li>\n<li data-start=\"1337\" data-end=\"1381\">\n<p data-start=\"1339\" data-end=\"1381\"><strong data-start=\"1339\" data-end=\"1351\">Innhold:<\/strong> 2 elektroder per pakke<\/p>\n<\/li>\n<li data-start=\"1382\" data-end=\"1429\">\n<p data-start=\"1384\" data-end=\"1429\"><strong data-start=\"1384\" data-end=\"1400\">Tilkobling:<\/strong> Dobbel trykknapp (snap-on)<\/p>\n<\/li>\n<li data-start=\"1430\" data-end=\"1483\">\n<p data-start=\"1432\" data-end=\"1483\"><strong data-start=\"1432\" data-end=\"1451\">Kompatibilitet:<\/strong> For Compex muskelstimulatorer<\/p>\n<\/li>\n<\/ul>\n<hr data-start=\"1485\" data-end=\"1488\">\n<p data-start=\"1490\" data-end=\"1628\"><strong data-start=\"1490\" data-end=\"1626\">Axelgaard Ultra Stim 50&#215;100 mm - doble trykknappelektroder som gir samme effekt som den originale Compex, men til en bedre pris.<\/strong><\/p>\n","protected":false},"excerpt":{"rendered":"<p><strong>Axelgaard Ultra Stim-elektroder er et kvalitetsvalg for deg som bruker Compex-muskelstimulatorer. Med samme h\u00f8ye funksjonalitet som de originale Compex-elektrodene - men til en lavere pris - er de et ideelt alternativ hvis du vil spare penger uten \u00e5 g\u00e5 p\u00e5 kompromiss med kvalitet og effekt. <\/strong><\/p>\n","protected":false},"featured_media":95944,"comment_status":"closed","ping_status":"closed","template":"","meta":{"_acf_changed":false},"product_brand":[],"product_cat":[2877],"product_tag":[2918,1944],"class_list":{"0":"post-95949","1":"product","2":"type-product","3":"status-publish","4":"has-post-thumbnail","6":"product_cat-uncategorized-da-no","7":"product_tag-axelgaard-no","8":"product_tag-rehabmedic-no","10":"first","11":"instock","12":"taxable","13":"shipping-taxable","14":"purchasable","15":"product-type-simple"},"acf":[],"_links":{"self":[{"href":"https:\/\/fysiolab.dk\/no\/wp-json\/wp\/v2\/product\/95949","targetHints":{"allow":["GET"]}}],"collection":[{"href":"https:\/\/fysiolab.dk\/no\/wp-json\/wp\/v2\/product"}],"about":[{"href":"https:\/\/fysiolab.dk\/no\/wp-json\/wp\/v2\/types\/product"}],"replies":[{"embeddable":true,"href":"https:\/\/fysiolab.dk\/no\/wp-json\/wp\/v2\/comments?post=95949"}],"wp:featuredmedia":[{"embeddable":true,"href":"https:\/\/fysiolab.dk\/no\/wp-json\/wp\/v2\/media\/95944"}],"wp:attachment":[{"href":"https:\/\/fysiolab.dk\/no\/wp-json\/wp\/v2\/media?parent=95949"}],"wp:term":[{"taxonomy":"product_brand","embeddable":true,"href":"https:\/\/fysiolab.dk\/no\/wp-json\/wp\/v2\/product_brand?post=95949"},{"taxonomy":"product_cat","embeddable":true,"href":"https:\/\/fysiolab.dk\/no\/wp-json\/wp\/v2\/product_cat?post=95949"},{"taxonomy":"product_tag","embeddable":true,"href":"https:\/\/fysiolab.dk\/no\/wp-json\/wp\/v2\/product_tag?post=95949"}],"curies":[{"name":"wp","href":"https:\/\/api.w.org\/{rel}","templated":true}]}}