{"id":95955,"date":"2025-09-12T21:04:20","date_gmt":"2025-09-12T19:04:20","guid":{"rendered":"https:\/\/fysiolab.dk\/product\/valutrode-elektroder-runde-oe32-cm-4-stk\/"},"modified":"2025-12-18T09:20:19","modified_gmt":"2025-12-18T08:20:19","slug":"valutrode-elektroder-runde-oe32-cm-4-stk","status":"publish","type":"product","link":"https:\/\/fysiolab.dk\/no\/product\/valutrode-elektroder-runde-oe32-cm-4-stk\/","title":{"rendered":"ValuTrode elektroder - runde \u00d83,2 cm (4 stk.)"},"content":{"rendered":"<h3 data-start=\"186\" data-end=\"236\">ValuTrode elektroder - runde \u00d83,2 cm (4 stk.)<\/h3>\n<p data-start=\"238\" data-end=\"484\"><strong data-start=\"238\" data-end=\"262\">ValuTrode-elektroder<\/strong> er et billig og p\u00e5litelig alternativ til originalelektroder for <strong data-start=\"331\" data-end=\"349\">TENS-apparater<\/strong>. De er utviklet for \u00e5 gi effektiv smertelindring og muskelstimulering med h\u00f8y komfort - uten at det g\u00e5r p\u00e5 bekostning av kvaliteten. <\/p>\n<p data-start=\"486\" data-end=\"769\">Elektrodene er <strong data-start=\"503\" data-end=\"544\">kablet (pin-tilkobling)<\/strong>, noe som gj\u00f8r dem kompatible med de fleste TENS-enheter p\u00e5 markedet. Den runde st\u00f8rrelsen p\u00e5 <strong data-start=\"636\" data-end=\"647\">\u00d83,2 cm<\/strong> gj\u00f8r det mulig \u00e5 plassere elektrodene n\u00f8yaktig p\u00e5 mindre muskelomr\u00e5der eller triggerpunkter der det er viktig med m\u00e5lrettet stimulering. <\/p>\n<p data-start=\"771\" data-end=\"949\">Den avanserte <strong data-start=\"786\" data-end=\"805\">MultiStick\u00ae-gelen<\/strong> sikrer jevn str\u00f8mfordeling, god vedheft til huden og muligheten til \u00e5 gjenbruke elektrodene flere ganger hvis de oppbevares riktig.<\/p>\n<h3 data-start=\"951\" data-end=\"964\">Fordeler og fordeler<\/h3>\n<ul data-start=\"965\" data-end=\"1284\">\n<li data-start=\"965\" data-end=\"1021\">\n<p data-start=\"967\" data-end=\"1021\"><strong data-start=\"967\" data-end=\"1019\">Rimelig alternativ til originale TENS-elektroder<\/strong><\/p>\n<\/li>\n<li data-start=\"1022\" data-end=\"1109\">\n<p data-start=\"1024\" data-end=\"1109\">Med <strong data-start=\"1028\" data-end=\"1069\">ledningstilkobling (pin-tilkobling)<\/strong> - passer til de fleste TENS-apparater<\/p>\n<\/li>\n<li data-start=\"1110\" data-end=\"1175\">\n<p data-start=\"1112\" data-end=\"1175\"><strong data-start=\"1112\" data-end=\"1134\">Presis stimulering<\/strong> p\u00e5 sm\u00e5 muskelomr\u00e5der og triggerpunkter<\/p>\n<\/li>\n<li data-start=\"1176\" data-end=\"1236\">\n<p data-start=\"1178\" data-end=\"1236\"><strong data-start=\"1178\" data-end=\"1210\">Komfortabel og hudvennlig gel<\/strong> med jevn kraftfordeling<\/p>\n<\/li>\n<li data-start=\"1237\" data-end=\"1284\">\n<p data-start=\"1239\" data-end=\"1284\"><strong data-start=\"1239\" data-end=\"1257\">Gjenbrukbar<\/strong> - kan brukes mange ganger<\/p>\n<\/li>\n<\/ul>\n<h3 data-start=\"1286\" data-end=\"1307\">Spesifikasjoner<\/h3>\n<ul data-start=\"1308\" data-end=\"1483\">\n<li data-start=\"1308\" data-end=\"1342\">\n<p data-start=\"1310\" data-end=\"1342\"><strong data-start=\"1310\" data-end=\"1324\">St\u00f8rrelse:<\/strong> \u00d83,2 cm (rund)<\/p>\n<\/li>\n<li data-start=\"1343\" data-end=\"1387\">\n<p data-start=\"1345\" data-end=\"1387\"><strong data-start=\"1345\" data-end=\"1357\">Innhold:<\/strong> 4 elektroder per pakke<\/p>\n<\/li>\n<li data-start=\"1388\" data-end=\"1434\">\n<p data-start=\"1390\" data-end=\"1434\"><strong data-start=\"1390\" data-end=\"1406\">Tilkobling:<\/strong> Ledningstilkobling (pinne)<\/p>\n<\/li>\n<li data-start=\"1435\" data-end=\"1483\">\n<p data-start=\"1437\" data-end=\"1483\"><strong data-start=\"1437\" data-end=\"1456\">Kompatibilitet:<\/strong> De fleste TENS-apparater<\/p>\n<\/li>\n<\/ul>\n<hr data-start=\"1485\" data-end=\"1488\">\n<p data-start=\"1490\" data-end=\"1585\"><strong data-start=\"1490\" data-end=\"1583\">ValuTrode elektroder \u00d83,2 cm - effektiv smertelindring av h\u00f8y kvalitet til en konkurransedyktig pris.<\/strong><\/p>\n","protected":false},"excerpt":{"rendered":"<p><strong>ValuTrode-elektroder er et billig og p\u00e5litelig alternativ til originalelektroder for TENS-apparater. De er utviklet for \u00e5 gi effektiv smertelindring og muskelstimulering med h\u00f8y komfort - uten at det g\u00e5r p\u00e5 bekostning av kvaliteten. <\/strong><\/p>\n","protected":false},"featured_media":95954,"comment_status":"closed","ping_status":"closed","template":"","meta":{"_acf_changed":false},"product_brand":[],"product_cat":[1950,1937,1951,1952],"product_tag":[1944,1953],"class_list":{"0":"post-95955","1":"product","2":"type-product","3":"status-publish","4":"has-post-thumbnail","6":"product_cat-elektroterapi","7":"product_cat-merkevarer","8":"product_cat-valutrode-no","9":"product_cat-valutrode-elektroder-no","10":"product_tag-rehabmedic-no","11":"product_tag-valutrode-no","13":"first","14":"instock","15":"taxable","16":"shipping-taxable","17":"purchasable","18":"product-type-simple"},"acf":[],"_links":{"self":[{"href":"https:\/\/fysiolab.dk\/no\/wp-json\/wp\/v2\/product\/95955","targetHints":{"allow":["GET"]}}],"collection":[{"href":"https:\/\/fysiolab.dk\/no\/wp-json\/wp\/v2\/product"}],"about":[{"href":"https:\/\/fysiolab.dk\/no\/wp-json\/wp\/v2\/types\/product"}],"replies":[{"embeddable":true,"href":"https:\/\/fysiolab.dk\/no\/wp-json\/wp\/v2\/comments?post=95955"}],"wp:featuredmedia":[{"embeddable":true,"href":"https:\/\/fysiolab.dk\/no\/wp-json\/wp\/v2\/media\/95954"}],"wp:attachment":[{"href":"https:\/\/fysiolab.dk\/no\/wp-json\/wp\/v2\/media?parent=95955"}],"wp:term":[{"taxonomy":"product_brand","embeddable":true,"href":"https:\/\/fysiolab.dk\/no\/wp-json\/wp\/v2\/product_brand?post=95955"},{"taxonomy":"product_cat","embeddable":true,"href":"https:\/\/fysiolab.dk\/no\/wp-json\/wp\/v2\/product_cat?post=95955"},{"taxonomy":"product_tag","embeddable":true,"href":"https:\/\/fysiolab.dk\/no\/wp-json\/wp\/v2\/product_tag?post=95955"}],"curies":[{"name":"wp","href":"https:\/\/api.w.org\/{rel}","templated":true}]}}