{"id":95967,"date":"2025-09-12T22:30:06","date_gmt":"2025-09-12T20:30:06","guid":{"rendered":"https:\/\/fysiolab.dk\/product\/kinesio-cross-tape-k-active-44-x-52-mm-40-stk\/"},"modified":"2025-12-18T09:20:19","modified_gmt":"2025-12-18T08:20:19","slug":"kinesio-cross-tape-k-active-44-x-52-mm-40-stk","status":"publish","type":"product","link":"https:\/\/fysiolab.dk\/no\/product\/kinesio-cross-tape-k-active-44-x-52-mm-40-stk\/","title":{"rendered":"Kinesio Cross Tape K-ACTIVE - 44 x 52 mm (40 stk.)"},"content":{"rendered":"<h3 data-start=\"89\" data-end=\"144\">Kinesio Cross Tape K-ACTIVE - 44 x 52 mm (40 stk.)<\/h3>\n<p data-start=\"146\" data-end=\"443\"><strong data-start=\"146\" data-end=\"177\">Kinesio Cross Tape K-ACTIVE<\/strong> er en profesjonell kinesiologitape med <strong data-start=\"217\" data-end=\"243\">kryssm\u00f8nsterstruktur<\/strong> som er utviklet for effektiv smertelindring og st\u00f8tte for muskler og ledd. Den st\u00f8rre st\u00f8rrelsen p\u00e5 <strong data-start=\"336\" data-end=\"350\">44 x 52 mm<\/strong> gj\u00f8r tapen ideell for <strong data-start=\"371\" data-end=\"395\">st\u00f8rre muskelomr\u00e5der<\/strong>og omr\u00e5der der det er behov for ekstra dekning. <\/p>\n<p data-start=\"445\" data-end=\"662\">Denne pakken inneholder <strong data-start=\"468\" data-end=\"491\">40 stykker tape som<\/strong> er klar til bruk, noe som gj\u00f8r den perfekt for klinikker, fysioterapeuter og idrettsut\u00f8vere som trenger en p\u00e5litelig og fleksibel l\u00f8sning for behandling og forebygging.<\/p>\n<h3 data-start=\"664\" data-end=\"677\">Fordeler og fordeler<\/h3>\n<ul data-start=\"678\" data-end=\"985\">\n<li data-start=\"678\" data-end=\"754\">\n<p data-start=\"680\" data-end=\"754\"><strong data-start=\"680\" data-end=\"706\">Struktur p\u00e5 tvers av m\u00f8nstre<\/strong> - gir m\u00e5lrettet st\u00f8tte og \u00f8kt effektivitet<\/p>\n<\/li>\n<li data-start=\"755\" data-end=\"800\">\n<p data-start=\"757\" data-end=\"800\"><strong data-start=\"757\" data-end=\"798\">Reduserer smerte og muskelspenninger<\/strong><\/p>\n<\/li>\n<li data-start=\"801\" data-end=\"867\">\n<p data-start=\"803\" data-end=\"867\"><strong data-start=\"803\" data-end=\"833\">Perfekt for st\u00f8rre omr\u00e5der<\/strong> - rygg, skuldre, l\u00e5r og mye mer<\/p>\n<\/li>\n<li data-start=\"868\" data-end=\"938\">\n<p data-start=\"870\" data-end=\"938\"><strong data-start=\"870\" data-end=\"895\">Profesjonell kvalitet<\/strong> - brukes av fysioterapeuter og idrettsut\u00f8vere<\/p>\n<\/li>\n<li data-start=\"939\" data-end=\"985\">\n<p data-start=\"941\" data-end=\"985\"><strong data-start=\"941\" data-end=\"958\">Enkel \u00e5 p\u00e5f\u00f8re<\/strong> - fleksibel og hudvennlig<\/p>\n<\/li>\n<\/ul>\n<h3 data-start=\"987\" data-end=\"1003\">Hvordan bruke<\/h3>\n<ul data-start=\"1004\" data-end=\"1186\">\n<li data-start=\"1004\" data-end=\"1055\">\n<p data-start=\"1006\" data-end=\"1055\">Lindrer smerter og hevelser i muskler og ledd<\/p>\n<\/li>\n<li data-start=\"1056\" data-end=\"1106\">\n<p data-start=\"1058\" data-end=\"1106\">St\u00f8tte og avlastning under idrett eller trening<\/p>\n<\/li>\n<li data-start=\"1107\" data-end=\"1151\">\n<p data-start=\"1109\" data-end=\"1151\">Forebygging av overbelastning og skader<\/p>\n<\/li>\n<li data-start=\"1152\" data-end=\"1186\">\n<p data-start=\"1154\" data-end=\"1186\">Ideell for st\u00f8rre muskelgrupper<\/p>\n<\/li>\n<\/ul>\n<h3 data-start=\"1188\" data-end=\"1209\">Spesifikasjoner<\/h3>\n<ul data-start=\"1210\" data-end=\"1377\">\n<li data-start=\"1210\" data-end=\"1250\">\n<p data-start=\"1212\" data-end=\"1250\"><strong data-start=\"1212\" data-end=\"1226\">St\u00f8rrelse:<\/strong> 44 x 52 mm per stykk<\/p>\n<\/li>\n<li data-start=\"1251\" data-end=\"1275\">\n<p data-start=\"1253\" data-end=\"1275\"><strong data-start=\"1253\" data-end=\"1265\">Innhold:<\/strong> 40 stk.<\/p>\n<\/li>\n<li data-start=\"1276\" data-end=\"1328\">\n<p data-start=\"1278\" data-end=\"1328\"><strong data-start=\"1278\" data-end=\"1292\">Materiale:<\/strong> Hudvennlig, pustende kinesiologitape<\/p>\n<\/li>\n<li data-start=\"1329\" data-end=\"1377\">\n<p data-start=\"1331\" data-end=\"1377\"><strong data-start=\"1331\" data-end=\"1342\">Design:<\/strong> Kryssm\u00f8nster for optimal st\u00f8tte<\/p>\n<\/li>\n<\/ul>\n<p><strong>Du finner f\u00f8lgende st\u00f8rrelser nedenfor:<\/strong><\/p>\n<p><a href=\"https:\/\/fysiolab.dk\/no\/product\/kinesio-cross-tape-k-active-20x30mm-180stk\/\"><strong>Kinesio Cross Tape K-ACTIVE 20x30mm 180 stk.<\/strong><\/a><\/p>\n<p><a href=\"https:\/\/fysiolab.dk\/no\/product\/kinesio-cross-tape-k-active-28-x-36-mm-120-stk\/\"><strong>Kinesio Cross Tape K-ACTIVE 28x36mm 120 stk.<\/strong><\/a><\/p>\n<hr data-start=\"1379\" data-end=\"1382\">\n<p data-start=\"1384\" data-end=\"1500\" data-is-last-node=\"\" data-is-only-node=\"\"><strong data-start=\"1384\" data-end=\"1500\" data-is-last-node=\"\">Kinesio Cross Tape K-ACTIVE 44 x 52 mm - st\u00f8rre overflate, m\u00e5lrettet st\u00f8tte og effektiv avlastning for muskler og ledd.<\/strong><\/p>\n","protected":false},"excerpt":{"rendered":"<p><strong>Kinesio Cross Tape K-ACTIVE er en profesjonell kinesiologitape med kryssm\u00f8nsterstruktur som er utviklet for effektiv smertelindring og st\u00f8tte for muskler og ledd. Den store st\u00f8rrelsen p\u00e5 44 x 52 mm gj\u00f8r tapen ideell for st\u00f8rre muskelomr\u00e5der og omr\u00e5der der det er behov for ekstra dekning. <\/strong><\/p>\n","protected":false},"featured_media":95961,"comment_status":"closed","ping_status":"closed","template":"","meta":{"_acf_changed":false},"product_brand":[],"product_cat":[2435,2088,1948,1937],"product_tag":[2769,1944],"class_list":{"0":"post-95967","1":"product","2":"type-product","3":"status-publish","4":"has-post-thumbnail","6":"product_cat-kinesio-no","7":"product_cat-kinesiologisk-tape","8":"product_cat-klinikk","9":"product_cat-merkevarer","10":"product_tag-k-aktiv","11":"product_tag-rehabmedic-no","13":"first","14":"instock","15":"taxable","16":"shipping-taxable","17":"purchasable","18":"product-type-simple"},"acf":[],"_links":{"self":[{"href":"https:\/\/fysiolab.dk\/no\/wp-json\/wp\/v2\/product\/95967","targetHints":{"allow":["GET"]}}],"collection":[{"href":"https:\/\/fysiolab.dk\/no\/wp-json\/wp\/v2\/product"}],"about":[{"href":"https:\/\/fysiolab.dk\/no\/wp-json\/wp\/v2\/types\/product"}],"replies":[{"embeddable":true,"href":"https:\/\/fysiolab.dk\/no\/wp-json\/wp\/v2\/comments?post=95967"}],"wp:featuredmedia":[{"embeddable":true,"href":"https:\/\/fysiolab.dk\/no\/wp-json\/wp\/v2\/media\/95961"}],"wp:attachment":[{"href":"https:\/\/fysiolab.dk\/no\/wp-json\/wp\/v2\/media?parent=95967"}],"wp:term":[{"taxonomy":"product_brand","embeddable":true,"href":"https:\/\/fysiolab.dk\/no\/wp-json\/wp\/v2\/product_brand?post=95967"},{"taxonomy":"product_cat","embeddable":true,"href":"https:\/\/fysiolab.dk\/no\/wp-json\/wp\/v2\/product_cat?post=95967"},{"taxonomy":"product_tag","embeddable":true,"href":"https:\/\/fysiolab.dk\/no\/wp-json\/wp\/v2\/product_tag?post=95967"}],"curies":[{"name":"wp","href":"https:\/\/api.w.org\/{rel}","templated":true}]}}