{"id":95999,"date":"2025-09-12T23:09:54","date_gmt":"2025-09-12T21:09:54","guid":{"rendered":"https:\/\/fysiolab.dk\/product\/all-bomullstape-5-cm-og-7-cm\/"},"modified":"2025-12-18T09:20:19","modified_gmt":"2025-12-18T08:20:19","slug":"all-bomullstape-5-cm-og-7-cm","status":"publish","type":"product","link":"https:\/\/fysiolab.dk\/no\/product\/all-bomullstape-5-cm-og-7-cm\/","title":{"rendered":"All bomullstape 5 cm og 7 cm"},"content":{"rendered":"<h3 data-start=\"73\" data-end=\"109\">All Cotton Tape (RehabMedic) - 5 cm og 7,5 cm - 4,5 m<\/h3>\n<p data-start=\"111\" data-end=\"411\"><strong data-start=\"111\" data-end=\"130\">All Cotton Tape<\/strong> er en <strong data-start=\"137\" data-end=\"164\">lateksfri bomullsbandasje<\/strong> i <strong data-start=\"167\" data-end=\"176\">beige<\/strong> som kombinerer <strong data-start=\"193\" data-end=\"221\">fiksering og kompresjon<\/strong> p\u00e5 en enkel og effektiv m\u00e5te. Teipen er <strong data-start=\"261\" data-end=\"291\">t\u00f8yelig i lengderetningen<\/strong>, noe som gir fleksibilitet og komfort under bevegelse, samtidig som den gir stabil st\u00f8tte til ledd og muskler. <\/p>\n<p data-start=\"413\" data-end=\"614\">Den r\u00f8de vevde linjen i midten gj\u00f8r det enkelt \u00e5 p\u00e5f\u00f8re teipen riktig, slik at du alltid f\u00e5r en <strong data-start=\"501\" data-end=\"527\">presis og jevn dekning<\/strong>. All Cotton Tape er ideell for sport, fysioterapi og kliniske behandlinger. <\/p>\n<h3 data-start=\"616\" data-end=\"629\">Fordeler og fordeler<\/h3>\n<ul data-start=\"630\" data-end=\"948\">\n<li data-start=\"630\" data-end=\"700\">\n<p data-start=\"632\" data-end=\"700\"><strong data-start=\"632\" data-end=\"657\">Lateksfri og hudvennlig<\/strong> - egnet for personer med lateksallergi<\/p>\n<\/li>\n<li data-start=\"701\" data-end=\"753\">\n<p data-start=\"703\" data-end=\"753\"><strong data-start=\"703\" data-end=\"721\">Bomullsbandasje<\/strong> - myk, pustende og komfortabel<\/p>\n<\/li>\n<li data-start=\"754\" data-end=\"826\">\n<p data-start=\"756\" data-end=\"826\"><strong data-start=\"756\" data-end=\"784\">Fiksering og kompresjon<\/strong> - stabiliserer ledd og muskler effektivt<\/p>\n<\/li>\n<li data-start=\"827\" data-end=\"897\">\n<p data-start=\"829\" data-end=\"897\"><strong data-start=\"829\" data-end=\"859\">T\u00f8yelig i lengderetningen<\/strong> - tilpasser seg kroppens bevegelser<\/p>\n<\/li>\n<li data-start=\"898\" data-end=\"948\">\n<p data-start=\"900\" data-end=\"948\"><strong data-start=\"900\" data-end=\"913\">R\u00f8d linje<\/strong> - for optimal og presis p\u00e5f\u00f8ring<\/p>\n<\/li>\n<\/ul>\n<h3 data-start=\"950\" data-end=\"971\">Spesifikasjoner<\/h3>\n<ul data-start=\"972\" data-end=\"1062\">\n<li data-start=\"972\" data-end=\"1005\">\n<p data-start=\"974\" data-end=\"1005\"><strong data-start=\"974\" data-end=\"985\">Bredde:<\/strong> 5 cm eller 7,5 cm<\/p>\n<\/li>\n<li data-start=\"1006\" data-end=\"1027\">\n<p data-start=\"1008\" data-end=\"1027\"><strong data-start=\"1008\" data-end=\"1019\">Lengde:<\/strong> 4,5 m<\/p>\n<\/li>\n<li data-start=\"1028\" data-end=\"1062\">\n<p data-start=\"1030\" data-end=\"1062\"><strong data-start=\"1030\" data-end=\"1040\">Farge:<\/strong> Beige med r\u00f8d linje<\/p>\n<\/li>\n<\/ul>\n<hr data-start=\"1064\" data-end=\"1067\">\n<p data-start=\"1069\" data-end=\"1172\" data-is-last-node=\"\" data-is-only-node=\"\"><strong data-start=\"1069\" data-end=\"1172\" data-is-last-node=\"\">All Cotton Tape - fleksibel, hudvennlig og presis st\u00f8tte i beige for sport, trening og klinisk bruk.<\/strong><\/p>\n","protected":false},"excerpt":{"rendered":"<p><strong>All Cotton Tape (RehabMedic) er en lateksfri bomullsbandasje i beige som kombinerer fiksering og kompresjon p\u00e5 en enkel og effektiv m\u00e5te. Teipen er t\u00f8yelig i lengderetningen, noe som gir fleksibilitet og komfort under bevegelse, samtidig som den gir stabil st\u00f8tte til ledd og muskler. <\/strong><\/p>\n","protected":false},"featured_media":95991,"comment_status":"closed","ping_status":"closed","template":"","meta":{"_acf_changed":false},"product_brand":[],"product_cat":[2413,1942,1948,2415,1937,1943,1941],"product_tag":[1944],"class_list":{"0":"post-95999","1":"product","2":"type-product","3":"status-publish","4":"has-post-thumbnail","6":"product_cat-dressinger-og-wraps","7":"product_cat-foerstehjelp","8":"product_cat-klinikk","9":"product_cat-komprimering","10":"product_cat-merkevarer","11":"product_cat-rehabmedic-no","12":"product_cat-rekonvalesens-og-sportspleie","13":"product_tag-rehabmedic-no","15":"first","16":"instock","17":"taxable","18":"shipping-taxable","19":"purchasable","20":"product-type-variable"},"acf":[],"_links":{"self":[{"href":"https:\/\/fysiolab.dk\/no\/wp-json\/wp\/v2\/product\/95999","targetHints":{"allow":["GET"]}}],"collection":[{"href":"https:\/\/fysiolab.dk\/no\/wp-json\/wp\/v2\/product"}],"about":[{"href":"https:\/\/fysiolab.dk\/no\/wp-json\/wp\/v2\/types\/product"}],"replies":[{"embeddable":true,"href":"https:\/\/fysiolab.dk\/no\/wp-json\/wp\/v2\/comments?post=95999"}],"wp:featuredmedia":[{"embeddable":true,"href":"https:\/\/fysiolab.dk\/no\/wp-json\/wp\/v2\/media\/95991"}],"wp:attachment":[{"href":"https:\/\/fysiolab.dk\/no\/wp-json\/wp\/v2\/media?parent=95999"}],"wp:term":[{"taxonomy":"product_brand","embeddable":true,"href":"https:\/\/fysiolab.dk\/no\/wp-json\/wp\/v2\/product_brand?post=95999"},{"taxonomy":"product_cat","embeddable":true,"href":"https:\/\/fysiolab.dk\/no\/wp-json\/wp\/v2\/product_cat?post=95999"},{"taxonomy":"product_tag","embeddable":true,"href":"https:\/\/fysiolab.dk\/no\/wp-json\/wp\/v2\/product_tag?post=95999"}],"curies":[{"name":"wp","href":"https:\/\/api.w.org\/{rel}","templated":true}]}}