{"id":96093,"date":"2025-09-15T20:27:00","date_gmt":"2025-09-15T18:27:00","guid":{"rendered":"https:\/\/fysiolab.dk\/product\/airex-balance-pad-elite\/"},"modified":"2025-12-18T09:20:18","modified_gmt":"2025-12-18T08:20:18","slug":"airex-balance-pad-elite","status":"publish","type":"product","link":"https:\/\/fysiolab.dk\/no\/product\/airex-balance-pad-elite\/","title":{"rendered":"Airex Balance Pad Elite"},"content":{"rendered":"<h3>Airex Balance Pad Elite - Profesjonelt treningsverkt\u00f8y for balanse og stabilitet<\/h3>\n<p data-start=\"216\" data-end=\"551\"><strong data-start=\"216\" data-end=\"243\">Airex Balance Pad Elite<\/strong> er et av de mest anerkjente verkt\u00f8yene innen balansetrening, rehabilitering og funksjonell trening. Den er utviklet i Sveits og kjennetegnes av <strong data-start=\"389\" data-end=\"404\">topp kvalitet<\/strong>, holdbarhet og brukervennlighet, og er det foretrukne valget for fysioterapeuter, personlige trenere og idrettsut\u00f8vere over hele verden. <\/p>\n<p data-start=\"553\" data-end=\"919\">Den unike, <strong data-start=\"564\" data-end=\"589\">sklisikre overflaten<\/strong> sikrer optimalt grep under \u00f8velsene, mens den myke, men stabile skumkonstruksjonen utfordrer kroppens balanse- og stabilitetssystem p\u00e5 en effektiv m\u00e5te. Overflaten er enkel \u00e5 rengj\u00f8re og motstandsdyktig mot fuktighet, noe som gj\u00f8r den b\u00e5de hygienisk og egnet for daglig bruk p\u00e5 klinikken, i treningsstudioet eller hjemme. <\/p>\n<p data-start=\"921\" data-end=\"1143\">Med <strong data-start=\"925\" data-end=\"952\">Airex Balance Pad Elite<\/strong> kan du trene koordinasjon, styrke og propriosepsjon - enten m\u00e5let ditt er rehabilitering etter skade, bedre idrettsprestasjoner eller \u00e5 styrke kroppsstabiliteten i hverdagen.<\/p>\n<h4 data-start=\"1145\" data-end=\"1168\">Spesifikasjoner:<\/h4>\n<ul data-start=\"1169\" data-end=\"1436\">\n<li data-start=\"1169\" data-end=\"1223\">\n<p data-start=\"1171\" data-end=\"1223\"><strong data-start=\"1171\" data-end=\"1186\">Topp kvalitet<\/strong> - utviklet og produsert i Sveits<\/p>\n<\/li>\n<li data-start=\"1224\" data-end=\"1281\">\n<p data-start=\"1226\" data-end=\"1281\"><strong data-start=\"1226\" data-end=\"1251\">Sklisikker overflate<\/strong> for et sikkert og stabilt grep<\/p>\n<\/li>\n<li data-start=\"1282\" data-end=\"1355\">\n<p data-start=\"1284\" data-end=\"1355\"><strong data-start=\"1284\" data-end=\"1297\">Materiale<\/strong>: Skum med lukkede celler som er slitesterkt og lett \u00e5 rengj\u00f8re<\/p>\n<\/li>\n<li data-start=\"1356\" data-end=\"1383\">\n<p data-start=\"1358\" data-end=\"1383\"><strong data-start=\"1358\" data-end=\"1368\">Farger<\/strong>: Svart og bl\u00e5<\/p>\n<\/li>\n<li data-start=\"1384\" data-end=\"1411\">\n<p data-start=\"1386\" data-end=\"1411\"><strong data-start=\"1386\" data-end=\"1393\">M\u00e5l<\/strong>: 50 x 41 x 6 cm<\/p>\n<\/li>\n<li data-start=\"1412\" data-end=\"1436\">\n<p data-start=\"1414\" data-end=\"1436\"><strong data-start=\"1414\" data-end=\"1422\">Vekt<\/strong>: ca. 0,7 kg<\/p>\n<\/li>\n<\/ul>\n<p data-start=\"1438\" data-end=\"1562\">Airex Balance Pad Elite er et profesjonelt valg for alle som \u00f8nsker et effektivt og slitesterkt verkt\u00f8y for balansetrening.<\/p>\n","protected":false},"excerpt":{"rendered":"<p><strong>Airex Balance Pad Elite er et av de mest anerkjente verkt\u00f8yene innen balansetrening, rehabilitering og funksjonell trening. Den er utviklet i Sveits og kjennetegnes av topp kvalitet, holdbarhet og brukervennlighet, og er det foretrukne valget for fysioterapeuter, personlige trenere og idrettsut\u00f8vere over hele verden. <\/strong><\/p>\n","protected":false},"featured_media":96084,"comment_status":"closed","ping_status":"closed","template":"","meta":{"_acf_changed":false},"product_brand":[],"product_cat":[1947,1946,1949,1948,1937,2520,1945],"product_tag":[1058,1944],"class_list":{"0":"post-96093","1":"product","2":"type-product","3":"status-publish","4":"has-post-thumbnail","6":"product_cat-airex-no","7":"product_cat-balanse","8":"product_cat-balansetrening","9":"product_cat-klinikk","10":"product_cat-merkevarer","11":"product_cat-puter-og-ergonomi","12":"product_cat-treningsutstyr","13":"product_tag-airex-no","14":"product_tag-rehabmedic-no","16":"first","17":"instock","18":"taxable","19":"shipping-taxable","20":"purchasable","21":"product-type-variable"},"acf":[],"_links":{"self":[{"href":"https:\/\/fysiolab.dk\/no\/wp-json\/wp\/v2\/product\/96093","targetHints":{"allow":["GET"]}}],"collection":[{"href":"https:\/\/fysiolab.dk\/no\/wp-json\/wp\/v2\/product"}],"about":[{"href":"https:\/\/fysiolab.dk\/no\/wp-json\/wp\/v2\/types\/product"}],"replies":[{"embeddable":true,"href":"https:\/\/fysiolab.dk\/no\/wp-json\/wp\/v2\/comments?post=96093"}],"wp:featuredmedia":[{"embeddable":true,"href":"https:\/\/fysiolab.dk\/no\/wp-json\/wp\/v2\/media\/96084"}],"wp:attachment":[{"href":"https:\/\/fysiolab.dk\/no\/wp-json\/wp\/v2\/media?parent=96093"}],"wp:term":[{"taxonomy":"product_brand","embeddable":true,"href":"https:\/\/fysiolab.dk\/no\/wp-json\/wp\/v2\/product_brand?post=96093"},{"taxonomy":"product_cat","embeddable":true,"href":"https:\/\/fysiolab.dk\/no\/wp-json\/wp\/v2\/product_cat?post=96093"},{"taxonomy":"product_tag","embeddable":true,"href":"https:\/\/fysiolab.dk\/no\/wp-json\/wp\/v2\/product_tag?post=96093"}],"curies":[{"name":"wp","href":"https:\/\/api.w.org\/{rel}","templated":true}]}}