{"id":96124,"date":"2025-09-15T21:01:53","date_gmt":"2025-09-15T19:01:53","guid":{"rendered":"https:\/\/fysiolab.dk\/product\/chattanooga-vaginalelektrode\/"},"modified":"2025-12-18T09:20:18","modified_gmt":"2025-12-18T08:20:18","slug":"chattanooga-vaginalelektrode","status":"publish","type":"product","link":"https:\/\/fysiolab.dk\/no\/product\/chattanooga-vaginalelektrode\/","title":{"rendered":"Chattanooga vaginalelektrode"},"content":{"rendered":"<h3 data-start=\"138\" data-end=\"209\">Chattanooga vaginalelektrode - kompatibel med Cefar Peristim Pro<\/h3>\n<p data-start=\"211\" data-end=\"475\"><strong data-start=\"211\" data-end=\"244\">Chattanooga Vaginal Electrode<\/strong> er et profesjonelt tilbeh\u00f8r som er utviklet for bruk med <strong data-start=\"296\" data-end=\"318\">Cefar Peristim Pro<\/strong>, og som er ideelt for behandling av bekkenbunnsmuskulatur og urininkontinens. Elektrodens utforming sikrer presis og effektiv stimulering av de relevante muskelgruppene. <\/p>\n<p data-start=\"477\" data-end=\"814\">Elektroden er <strong data-start=\"491\" data-end=\"507\">12,8 cm lang<\/strong> og har en <strong data-start=\"515\" data-end=\"537\">diameter p\u00e5 2,4 cm<\/strong>, noe som gir optimal kontakt med bekkenbunnsmuskulaturen og komfortabel bruk for pasienten. Den er laget av h\u00f8ykvalitetsmaterialer som er enkle \u00e5 rengj\u00f8re og sk\u00e5nsomme mot vevet, noe som gj\u00f8r den egnet for klinisk bruk eller i rehabiliteringsprogrammer. <\/p>\n<h4 data-start=\"816\" data-end=\"835\">Tilkobling:<\/h4>\n<p data-start=\"836\" data-end=\"1093\">Elektroden kobles enkelt til <strong data-start=\"866\" data-end=\"888\">Cefar Peristim Pro<\/strong> via standard <strong data-start=\"902\" data-end=\"926\">2 mm pinnekontakter<\/strong>. Dette sikrer en sikker og stabil tilkobling der str\u00f8mmen ledes effektivt til elektroden for presis og m\u00e5lrettet stimulering av bekkenbunnsmuskulaturen. <\/p>\n<p data-start=\"836\" data-end=\"1093\"><a href=\"https:\/\/fysiolab.dk\/no\/product\/cefar-peristim-pro\/\"><strong>Du finner Cefar Peristim Pro-enheten her!<\/strong><\/a><\/p>\n<h4 data-start=\"1095\" data-end=\"1110\">Fordeler:<\/h4>\n<ul data-start=\"1111\" data-end=\"1344\">\n<li data-start=\"1111\" data-end=\"1152\">\n<p data-start=\"1113\" data-end=\"1152\"><strong data-start=\"1113\" data-end=\"1150\">Kompatibel med Cefar Peristim Pro<\/strong><\/p>\n<\/li>\n<li data-start=\"1153\" data-end=\"1216\">\n<p data-start=\"1155\" data-end=\"1216\"><strong data-start=\"1155\" data-end=\"1189\">Presis og effektiv stimulering<\/strong> av bekkenbunnsmuskulaturen<\/p>\n<\/li>\n<li data-start=\"1217\" data-end=\"1273\">\n<p data-start=\"1219\" data-end=\"1273\"><strong data-start=\"1219\" data-end=\"1240\">Ergonomisk design<\/strong> for sikker og komfortabel bruk<\/p>\n<\/li>\n<li data-start=\"1274\" data-end=\"1344\">\n<p data-start=\"1276\" data-end=\"1344\"><strong data-start=\"1276\" data-end=\"1306\">Materialer av h\u00f8y kvalitet<\/strong> - enkle \u00e5 rengj\u00f8re og sk\u00e5nsomme mot tekstiler<\/p>\n<\/li>\n<\/ul>\n<p data-start=\"1346\" data-end=\"1517\"><strong data-start=\"1346\" data-end=\"1379\">Chattanooga Vaginal Electrode<\/strong> er et profesjonelt valg for m\u00e5lrettet og trygg bekkenbunnstrening som st\u00f8tter b\u00e5de rehabilitering og forebygging av inkontinens.<\/p>\n","protected":false},"excerpt":{"rendered":"<p><strong data-start=\"211\" data-end=\"244\">Chattanooga Vaginal Electrode<\/strong> er et profesjonelt tilbeh\u00f8r som er utviklet for bruk med <strong data-start=\"296\" data-end=\"318\">Cefar Peristim Pro<\/strong>, og som er ideelt for behandling av bekkenbunnsmuskulatur og urininkontinens. Elektrodens utforming sikrer presis og effektiv stimulering av de relevante muskelgruppene. <\/p>\n","protected":false},"featured_media":96119,"comment_status":"closed","ping_status":"closed","template":"","meta":{"_acf_changed":false},"product_brand":[],"product_cat":[2715,1950,1937,2507],"product_tag":[2612,1944],"class_list":{"0":"post-96124","1":"product","2":"type-product","3":"status-publish","4":"has-post-thumbnail","6":"product_cat-chattanooga-no","7":"product_cat-elektroterapi","8":"product_cat-merkevarer","9":"product_cat-tilbehoer-no","10":"product_tag-chattanooga-no","11":"product_tag-rehabmedic-no","13":"first","14":"instock","15":"taxable","16":"shipping-taxable","17":"purchasable","18":"product-type-simple"},"acf":[],"_links":{"self":[{"href":"https:\/\/fysiolab.dk\/no\/wp-json\/wp\/v2\/product\/96124","targetHints":{"allow":["GET"]}}],"collection":[{"href":"https:\/\/fysiolab.dk\/no\/wp-json\/wp\/v2\/product"}],"about":[{"href":"https:\/\/fysiolab.dk\/no\/wp-json\/wp\/v2\/types\/product"}],"replies":[{"embeddable":true,"href":"https:\/\/fysiolab.dk\/no\/wp-json\/wp\/v2\/comments?post=96124"}],"wp:featuredmedia":[{"embeddable":true,"href":"https:\/\/fysiolab.dk\/no\/wp-json\/wp\/v2\/media\/96119"}],"wp:attachment":[{"href":"https:\/\/fysiolab.dk\/no\/wp-json\/wp\/v2\/media?parent=96124"}],"wp:term":[{"taxonomy":"product_brand","embeddable":true,"href":"https:\/\/fysiolab.dk\/no\/wp-json\/wp\/v2\/product_brand?post=96124"},{"taxonomy":"product_cat","embeddable":true,"href":"https:\/\/fysiolab.dk\/no\/wp-json\/wp\/v2\/product_cat?post=96124"},{"taxonomy":"product_tag","embeddable":true,"href":"https:\/\/fysiolab.dk\/no\/wp-json\/wp\/v2\/product_tag?post=96124"}],"curies":[{"name":"wp","href":"https:\/\/api.w.org\/{rel}","templated":true}]}}