{"id":96193,"date":"2025-09-19T08:49:30","date_gmt":"2025-09-19T06:49:30","guid":{"rendered":"https:\/\/fysiolab.dk\/product\/chattanooga-rektal-elektrode\/"},"modified":"2025-12-18T09:20:18","modified_gmt":"2025-12-18T08:20:18","slug":"chattanooga-rektal-elektrode","status":"publish","type":"product","link":"https:\/\/fysiolab.dk\/no\/product\/chattanooga-rektal-elektrode\/","title":{"rendered":"Chattanooga rektal elektrode"},"content":{"rendered":"<p data-start=\"278\" data-end=\"506\"><strong data-start=\"278\" data-end=\"294\">Beskrivelse:<\/strong><br data-start=\"294\" data-end=\"297\">Chattanooga rektalelektrode\/probe er utviklet for effektiv elektrisk stimulering av bekkenbunnsmuskulaturen og brukes prim\u00e6rt til behandling av analinkontinens, muskelsvakhet og smertetilstander i bekkenet.<\/p>\n<p data-start=\"508\" data-end=\"771\">Elektroden kobles enkelt til <strong data-start=\"539\" data-end=\"561\">Cefar Peristim Pro<\/strong> eller andre stimulatorer med en 2 mm banankontakt. Den er utstyrt med en <strong data-start=\"630\" data-end=\"652\">sikkerhetsfunksjon<\/strong> som kun tillater stimulering n\u00e5r elektroden er riktig plassert. Dette \u00f8ker b\u00e5de sikkerheten og behandlingskvaliteten.  <\/p>\n<p data-start=\"773\" data-end=\"795\"><strong data-start=\"773\" data-end=\"793\">Spesifikasjoner:<\/strong><\/p>\n<ul data-start=\"796\" data-end=\"1009\">\n<li data-start=\"796\" data-end=\"813\">\n<p data-start=\"798\" data-end=\"813\">Lengde: 11 cm<\/p>\n<\/li>\n<li data-start=\"814\" data-end=\"834\">\n<p data-start=\"816\" data-end=\"834\">Diameter: 1,3 cm<\/p>\n<\/li>\n<li data-start=\"835\" data-end=\"911\">\n<p data-start=\"837\" data-end=\"911\">Tilkobling: Standard 2 mm bananplugg (kompatibel med Cefar Peristim Pro)<\/p>\n<\/li>\n<li data-start=\"912\" data-end=\"960\">\n<p data-start=\"914\" data-end=\"960\">Materiale: Medisinsk godkjent plast og metall<\/p>\n<\/li>\n<li data-start=\"961\" data-end=\"1009\">\n<p data-start=\"963\" data-end=\"1009\">Gjenbrukbar - kan rengj\u00f8res og desinfiseres<\/p>\n<\/li>\n<\/ul>\n<p data-start=\"1011\" data-end=\"1025\"><strong data-start=\"1011\" data-end=\"1023\">Fordeler:<\/strong><\/p>\n<ul data-start=\"1026\" data-end=\"1314\">\n<li data-start=\"1026\" data-end=\"1094\">\n<p data-start=\"1028\" data-end=\"1094\">Kompatibel med Cefar Peristim Pro og andre kompatible enheter<\/p>\n<\/li>\n<li data-start=\"1095\" data-end=\"1164\">\n<p data-start=\"1097\" data-end=\"1164\">Sikkerhetssystemet sikrer korrekt posisjonering f\u00f8r stimuleringen starter<\/p>\n<\/li>\n<li data-start=\"1165\" data-end=\"1202\">\n<p data-start=\"1167\" data-end=\"1202\">Ergonomisk design for h\u00f8y komfort<\/p>\n<\/li>\n<li data-start=\"1203\" data-end=\"1247\">\n<p data-start=\"1205\" data-end=\"1247\">Mulighet for presis og lokalisert stimulering<\/p>\n<\/li>\n<li data-start=\"1248\" data-end=\"1314\">\n<p data-start=\"1250\" data-end=\"1314\">Utviklet for profesjonell bruk innen fysioterapi og rehabilitering<\/p>\n<\/li>\n<\/ul>\n<p data-start=\"1316\" data-end=\"1341\"><strong data-start=\"1316\" data-end=\"1339\">Bruksomr\u00e5der:<\/strong><\/p>\n<ul data-start=\"1342\" data-end=\"1525\">\n<li data-start=\"1342\" data-end=\"1376\">\n<p data-start=\"1344\" data-end=\"1376\">Behandling av analinkontinens<\/p>\n<\/li>\n<li data-start=\"1377\" data-end=\"1416\">\n<p data-start=\"1379\" data-end=\"1416\">Nevromuskul\u00e6r bekkenbunnstrening<\/p>\n<\/li>\n<li data-start=\"1417\" data-end=\"1490\">\n<p data-start=\"1419\" data-end=\"1490\">Rehabilitering etter operasjon eller f\u00f8dsel (under profesjonell veiledning)<\/p>\n<\/li>\n<li data-start=\"1491\" data-end=\"1525\">\n<p data-start=\"1493\" data-end=\"1525\">Smertelindring i bekkenomr\u00e5det<\/p>\n<\/li>\n<\/ul>\n","protected":false},"excerpt":{"rendered":"<p><strong>Chattanooga Rectal Electrode\/Probe er utviklet for effektiv elektrisk stimulering av bekkenbunnsmuskulaturen og brukes prim\u00e6rt til behandling av analinkontinens, muskelsvakhet og smertetilstander i bekkenet.<\/strong><\/p>\n","protected":false},"featured_media":96192,"comment_status":"closed","ping_status":"closed","template":"","meta":{"_acf_changed":false},"product_brand":[],"product_cat":[2715,1950,1937,2507],"product_tag":[2612,1944],"class_list":{"0":"post-96193","1":"product","2":"type-product","3":"status-publish","4":"has-post-thumbnail","6":"product_cat-chattanooga-no","7":"product_cat-elektroterapi","8":"product_cat-merkevarer","9":"product_cat-tilbehoer-no","10":"product_tag-chattanooga-no","11":"product_tag-rehabmedic-no","13":"first","14":"instock","15":"taxable","16":"shipping-taxable","17":"purchasable","18":"product-type-simple"},"acf":[],"_links":{"self":[{"href":"https:\/\/fysiolab.dk\/no\/wp-json\/wp\/v2\/product\/96193","targetHints":{"allow":["GET"]}}],"collection":[{"href":"https:\/\/fysiolab.dk\/no\/wp-json\/wp\/v2\/product"}],"about":[{"href":"https:\/\/fysiolab.dk\/no\/wp-json\/wp\/v2\/types\/product"}],"replies":[{"embeddable":true,"href":"https:\/\/fysiolab.dk\/no\/wp-json\/wp\/v2\/comments?post=96193"}],"wp:featuredmedia":[{"embeddable":true,"href":"https:\/\/fysiolab.dk\/no\/wp-json\/wp\/v2\/media\/96192"}],"wp:attachment":[{"href":"https:\/\/fysiolab.dk\/no\/wp-json\/wp\/v2\/media?parent=96193"}],"wp:term":[{"taxonomy":"product_brand","embeddable":true,"href":"https:\/\/fysiolab.dk\/no\/wp-json\/wp\/v2\/product_brand?post=96193"},{"taxonomy":"product_cat","embeddable":true,"href":"https:\/\/fysiolab.dk\/no\/wp-json\/wp\/v2\/product_cat?post=96193"},{"taxonomy":"product_tag","embeddable":true,"href":"https:\/\/fysiolab.dk\/no\/wp-json\/wp\/v2\/product_tag?post=96193"}],"curies":[{"name":"wp","href":"https:\/\/api.w.org\/{rel}","templated":true}]}}