{"id":96267,"date":"2025-09-21T16:30:20","date_gmt":"2025-09-21T14:30:20","guid":{"rendered":"https:\/\/fysiolab.dk\/product\/rehabmedic-trolley-behandlingsbag-pro\/"},"modified":"2025-12-18T09:20:18","modified_gmt":"2025-12-18T08:20:18","slug":"rehabmedic-trolley-behandlingsbag-pro","status":"publish","type":"product","link":"https:\/\/fysiolab.dk\/no\/product\/rehabmedic-trolley-behandlingsbag-pro\/","title":{"rendered":"RehabMedic Trolley Behandlingsbag Pro"},"content":{"rendered":"<h3 data-start=\"191\" data-end=\"259\"><strong data-start=\"195\" data-end=\"257\">RehabMedic Trolley Pro - profesjonell medisinsk bag p\u00e5 hjul<\/strong><\/h3>\n<p data-start=\"261\" data-end=\"509\">RehabMedic Trolley Pro er utviklet for helsepersonell som har behov for \u00e5 transportere mye utstyr p\u00e5 en enkel og sikker m\u00e5te. Den kombinerer h\u00f8y kapasitet med gjennomtenkt organisering, slik at du alltid har oversikt - selv i travle situasjoner. <\/p>\n<p data-start=\"511\" data-end=\"762\">De kraftige, forsterkede hjulene med kulelager gj\u00f8r transporten enkel og uanstrengt, mens de sammenleggbare h\u00e5ndtakene med myk polstring gir optimal komfort under bruk. Bagen er halvstiv, noe som betyr at utstyret ditt er ekstra godt beskyttet under transport. <\/p>\n<h4 data-start=\"764\" data-end=\"793\"><strong data-start=\"769\" data-end=\"793\">Utvendige funksjoner<\/strong><\/h4>\n<ul data-start=\"794\" data-end=\"1124\">\n<li data-start=\"794\" data-end=\"897\">\n<p data-start=\"796\" data-end=\"897\"><strong data-start=\"796\" data-end=\"809\">Topplomme:<\/strong> Ideell for personlig verneutstyr og diagnostisk utstyr (f.eks. hansker, stetoskop osv.).<\/p>\n<\/li>\n<li data-start=\"898\" data-end=\"1016\">\n<p data-start=\"900\" data-end=\"1016\"><strong data-start=\"900\" data-end=\"917\">Nedre rom:<\/strong> Tilpasset for en defibrillator med direkte tilgang og to flate, elastiske lommer for elektroder.<\/p>\n<\/li>\n<li data-start=\"1017\" data-end=\"1124\">\n<p data-start=\"1019\" data-end=\"1124\"><strong data-start=\"1019\" data-end=\"1034\">Sidelommer:<\/strong> Stor kapasitet med elastiske klaffer og fire separate rom for forskjellig utstyr.<\/p>\n<\/li>\n<\/ul>\n<h4 data-start=\"1126\" data-end=\"1156\"><strong data-start=\"1131\" data-end=\"1156\">Innvendige funksjoner<\/strong><\/h4>\n<ul data-start=\"1157\" data-end=\"1391\">\n<li data-start=\"1157\" data-end=\"1286\">\n<p data-start=\"1159\" data-end=\"1286\"><strong data-start=\"1159\" data-end=\"1172\">Hovedrom:<\/strong> Fleksibel inndeling med fire store horisontale og \u00e5tte mindre vertikale skillevegger - opptil 12 flyttbare rom totalt.<\/p>\n<\/li>\n<li data-start=\"1287\" data-end=\"1391\">\n<p data-start=\"1289\" data-end=\"1391\"><strong data-start=\"1289\" data-end=\"1302\">Innerlokk:<\/strong> Tre gjennomsiktige lommer <strong data-start=\"1289\" data-end=\"1302\">med glidel\u00e5s<\/strong> (26 x 20 x 5 cm) gir rask oversikt over innholdet.<\/p>\n<\/li>\n<\/ul>\n<h4 data-start=\"1393\" data-end=\"1426\"><strong data-start=\"1398\" data-end=\"1426\">Tekniske spesifikasjoner<\/strong><\/h4>\n<ul data-start=\"1427\" data-end=\"1623\">\n<li data-start=\"1427\" data-end=\"1460\">\n<p data-start=\"1429\" data-end=\"1460\">M\u00e5l med hjul: 67 \u00d7 40 \u00d7 35 cm<\/p>\n<\/li>\n<li data-start=\"1461\" data-end=\"1495\">\n<p data-start=\"1463\" data-end=\"1495\">M\u00e5l uten hjul: 65 \u00d7 40 \u00d7 35 cm<\/p>\n<\/li>\n<li data-start=\"1496\" data-end=\"1512\">\n<p data-start=\"1498\" data-end=\"1512\">Vekt: 6,6 kg<\/p>\n<\/li>\n<li data-start=\"1513\" data-end=\"1552\">\n<p data-start=\"1515\" data-end=\"1552\">Semi-stivt lokk for ekstra beskyttelse<\/p>\n<\/li>\n<li data-start=\"1553\" data-end=\"1588\">\n<p data-start=\"1555\" data-end=\"1588\">Forsterkede hjul med kulelager<\/p>\n<\/li>\n<li data-start=\"1589\" data-end=\"1623\">\n<p data-start=\"1591\" data-end=\"1623\">Ergonomiske, polstrede h\u00e5ndtak<\/p>\n<\/li>\n<\/ul>\n<h4 data-start=\"1625\" data-end=\"1641\"><strong data-start=\"1630\" data-end=\"1641\">Fordeler og fordeler<\/strong><\/h4>\n<ul data-start=\"1642\" data-end=\"2013\">\n<li data-start=\"1642\" data-end=\"1724\">\n<p data-start=\"1644\" data-end=\"1724\"><strong data-start=\"1644\" data-end=\"1661\">Enkel transport<\/strong> - ruller lett takket v\u00e6re sterke hjul og ergonomiske h\u00e5ndtak.<\/p>\n<\/li>\n<li data-start=\"1725\" data-end=\"1822\">\n<p data-start=\"1727\" data-end=\"1822\"><strong data-start=\"1727\" data-end=\"1751\">Perfekt organisering<\/strong> - fleksibel inndeling og gjennomsiktige lommer for rask oversikt.<\/p>\n<\/li>\n<li data-start=\"1823\" data-end=\"1914\">\n<p data-start=\"1825\" data-end=\"1914\"><strong data-start=\"1825\" data-end=\"1842\">H\u00f8y kapasitet<\/strong> - plass til alt n\u00f8dvendig utstyr, inkludert defibrillator og diagnostikk.<\/p>\n<\/li>\n<li data-start=\"1915\" data-end=\"2013\">\n<p data-start=\"1917\" data-end=\"2013\"><strong data-start=\"1917\" data-end=\"1942\">Profesjonell kvalitet<\/strong> - robust design for daglig bruk p\u00e5 klinikker, i beredskapssituasjoner og innen idrett.<\/p>\n<\/li>\n<\/ul>\n<hr data-start=\"2015\" data-end=\"2018\">\n<p data-start=\"2020\" data-end=\"2174\">RehabMedic Trolley Pro er den ideelle l\u00f8sningen for deg som \u00f8nsker \u00e5 kombinere <strong data-start=\"2096\" data-end=\"2140\">mobilitet, oversikt og sikker oppbevaring<\/strong> i \u00e9n profesjonell medisinsk veske.<\/p>\n","protected":false},"excerpt":{"rendered":"<p><strong>RehabMedic Trolley Pro er utviklet for helsepersonell som har behov for \u00e5 transportere mye utstyr p\u00e5 en enkel og sikker m\u00e5te. Den kombinerer h\u00f8y kapasitet med gjennomtenkt organisering, slik at du alltid har oversikt - selv i travle situasjoner. <\/strong><\/p>\n","protected":false},"featured_media":96266,"comment_status":"closed","ping_status":"closed","template":"","meta":{"_acf_changed":false},"product_brand":[],"product_cat":[1942,2775,1937,1943,1941],"product_tag":[1944],"class_list":{"0":"post-96267","1":"product","2":"type-product","3":"status-publish","4":"has-post-thumbnail","6":"product_cat-foerstehjelp","7":"product_cat-haandteringsvesker","8":"product_cat-merkevarer","9":"product_cat-rehabmedic-no","10":"product_cat-rekonvalesens-og-sportspleie","11":"product_tag-rehabmedic-no","13":"first","14":"instock","15":"taxable","16":"shipping-taxable","17":"purchasable","18":"product-type-simple"},"acf":[],"_links":{"self":[{"href":"https:\/\/fysiolab.dk\/no\/wp-json\/wp\/v2\/product\/96267","targetHints":{"allow":["GET"]}}],"collection":[{"href":"https:\/\/fysiolab.dk\/no\/wp-json\/wp\/v2\/product"}],"about":[{"href":"https:\/\/fysiolab.dk\/no\/wp-json\/wp\/v2\/types\/product"}],"replies":[{"embeddable":true,"href":"https:\/\/fysiolab.dk\/no\/wp-json\/wp\/v2\/comments?post=96267"}],"wp:featuredmedia":[{"embeddable":true,"href":"https:\/\/fysiolab.dk\/no\/wp-json\/wp\/v2\/media\/96266"}],"wp:attachment":[{"href":"https:\/\/fysiolab.dk\/no\/wp-json\/wp\/v2\/media?parent=96267"}],"wp:term":[{"taxonomy":"product_brand","embeddable":true,"href":"https:\/\/fysiolab.dk\/no\/wp-json\/wp\/v2\/product_brand?post=96267"},{"taxonomy":"product_cat","embeddable":true,"href":"https:\/\/fysiolab.dk\/no\/wp-json\/wp\/v2\/product_cat?post=96267"},{"taxonomy":"product_tag","embeddable":true,"href":"https:\/\/fysiolab.dk\/no\/wp-json\/wp\/v2\/product_tag?post=96267"}],"curies":[{"name":"wp","href":"https:\/\/api.w.org\/{rel}","templated":true}]}}