{"id":96315,"date":"2025-09-23T22:45:32","date_gmt":"2025-09-23T20:45:32","guid":{"rendered":"https:\/\/fysiolab.dk\/product\/hydro-tabs-sitron-lime-smak-5x20-tabs\/"},"modified":"2025-12-18T09:20:17","modified_gmt":"2025-12-18T08:20:17","slug":"hydro-tabs-sitron-lime-smak-5x20-tabs","status":"publish","type":"product","link":"https:\/\/fysiolab.dk\/no\/product\/hydro-tabs-sitron-lime-smak-5x20-tabs\/","title":{"rendered":"Hydro tabs - Sitron\/lime-smak - 5\u00d720 tabs"},"content":{"rendered":"<p>Gi trenings\u00f8kten et friskt pust med smaken av sitron og lime!<br \/>\nHydro Tabs fra PurePower s\u00f8rger for at du alltid er optimalt hydrert og f\u00e5r i deg de n\u00f8dvendige elektrolyttene kroppen din trenger. Den syrlige og forfriskende kombinasjonen av sitron og lime gj\u00f8r det enkelt og deilig \u00e5 holde seg p\u00e5 topp - uansett om du sykler, l\u00f8per eller jobber hardt p\u00e5 treningssenteret. <\/p>\n<p>Disse lettl\u00f8selige tablettene bidrar til \u00e5 fylle p\u00e5 elektrolytter som natrium, magnesium og kalium, som er avgj\u00f8rende for \u00e5 forebygge dehydrering og muskelkramper. Ideell b\u00e5de for intense trenings\u00f8kter og som en forfriskende drink etter anstrengelsene. <\/p>\n<p>Med Hydro Tabs Lemon\/Lime f\u00e5r du:<br \/>\n\u2705 En frisk og forfriskende smak<br \/>\n\u2705 Optimal hydrering og elektrolyttbalansering<br \/>\n\u2705 En praktisk og enkel l\u00f8sning for din aktive livsstil<\/p>\n","protected":false},"excerpt":{"rendered":"<p>Hydro tabs fra PurePower holder deg hydrert under og etter hard trening!<\/p>\n","protected":false},"featured_media":96308,"comment_status":"closed","ping_status":"closed","template":"","meta":{"_acf_changed":false},"product_brand":[],"product_cat":[2233,2472,2232,1937,2471],"product_tag":[2469],"class_list":{"0":"post-96315","1":"product","2":"type-product","3":"status-publish","4":"has-post-thumbnail","6":"product_cat-hydro-tabs-no","7":"product_cat-hydro-tabs-no-2","8":"product_cat-kosttilskudd","9":"product_cat-merkevarer","10":"product_cat-ren-kraft","11":"product_tag-ren-kraft","13":"first","14":"instock","15":"sale","16":"taxable","17":"shipping-taxable","18":"purchasable","19":"product-type-simple"},"acf":[],"_links":{"self":[{"href":"https:\/\/fysiolab.dk\/no\/wp-json\/wp\/v2\/product\/96315","targetHints":{"allow":["GET"]}}],"collection":[{"href":"https:\/\/fysiolab.dk\/no\/wp-json\/wp\/v2\/product"}],"about":[{"href":"https:\/\/fysiolab.dk\/no\/wp-json\/wp\/v2\/types\/product"}],"replies":[{"embeddable":true,"href":"https:\/\/fysiolab.dk\/no\/wp-json\/wp\/v2\/comments?post=96315"}],"wp:featuredmedia":[{"embeddable":true,"href":"https:\/\/fysiolab.dk\/no\/wp-json\/wp\/v2\/media\/96308"}],"wp:attachment":[{"href":"https:\/\/fysiolab.dk\/no\/wp-json\/wp\/v2\/media?parent=96315"}],"wp:term":[{"taxonomy":"product_brand","embeddable":true,"href":"https:\/\/fysiolab.dk\/no\/wp-json\/wp\/v2\/product_brand?post=96315"},{"taxonomy":"product_cat","embeddable":true,"href":"https:\/\/fysiolab.dk\/no\/wp-json\/wp\/v2\/product_cat?post=96315"},{"taxonomy":"product_tag","embeddable":true,"href":"https:\/\/fysiolab.dk\/no\/wp-json\/wp\/v2\/product_tag?post=96315"}],"curies":[{"name":"wp","href":"https:\/\/api.w.org\/{rel}","templated":true}]}}