{"id":96319,"date":"2025-09-23T22:54:48","date_gmt":"2025-09-23T20:54:48","guid":{"rendered":"https:\/\/fysiolab.dk\/product\/hydro-tabs-soet-druesmak-5x20-tabs\/"},"modified":"2025-12-18T09:20:17","modified_gmt":"2025-12-18T08:20:17","slug":"hydro-tabs-soet-druesmak-5x20-tabs","status":"publish","type":"product","link":"https:\/\/fysiolab.dk\/no\/product\/hydro-tabs-soet-druesmak-5x20-tabs\/","title":{"rendered":"Hydro tabs - S\u00f8t druesmak - 5&#215;20 tabs"},"content":{"rendered":"<p>PurePower HYDRO brusetabletter med deilig, s\u00f8t grapefruktsmak inneholder vitaminer og mineraler.<\/p>\n<p>Elektrolytter er en blanding av salter og mineraler som du kan g\u00e5 tom for n\u00e5r du trener hardt og seri\u00f8st, rett og slett fordi du svetter dem ut av kroppen.<\/p>\n<p>Hydro inneholder natrium (salt) og magnesium. Magnesium spiller en rolle i elektrolyttbalansen og bidrar til \u00e5 redusere tretthet og utmattelse. <\/p>\n<p>HYDRO inneholder ogs\u00e5 vitaminer, inkludert. Vitamin E, som st\u00f8tter beskyttelsen av celler mot oksidativt stress. De to vitaminene B6 og B3 (Niacin) bidrar til normal energiomsetning og nervesystemets normale funksjon. Vitamin B6 bidrar ogs\u00e5 til normal dannelse av r\u00f8de blodlegemer.    <\/p>\n<p>Til slutt inneholder PurePower HYDRO brusetabletter ikke sukker (dvs. komplekse karbohydrater), s\u00e5 n\u00e5r du drikker vann med en brusetablett, f\u00e5r du ikke i deg kalorier fra sukker.<\/p>\n<p>S\u00e5 hvis du \u00f8nsker \u00e5 forbrenne s\u00e5 mange kalorier som mulig under treningen uten \u00e5 g\u00e5 glipp av den gode smaken av drikkevannet ditt, er en PurePower HYDRO-brusetablett med s\u00f8t grapefruktsmak l\u00f8sningen.<\/p>\n<p>&nbsp;<\/p>\n<p>Selskapets styringssystem er ISO22000-sertifisert, noe som gir deg visshet om v\u00e5rt sterke fokus p\u00e5 mattrygghet og lovgivning i alle ledd fra innkj\u00f8p, produksjon og levering av produktene v\u00e5re.<\/p>\n","protected":false},"excerpt":{"rendered":"<p>PurePower Hydro tabs gir deg optimale forhold under hard trening!<\/p>\n","protected":false},"featured_media":96318,"comment_status":"closed","ping_status":"closed","template":"","meta":{"_acf_changed":false},"product_brand":[],"product_cat":[2233,2472,2232,1937,2471],"product_tag":[2469],"class_list":{"0":"post-96319","1":"product","2":"type-product","3":"status-publish","4":"has-post-thumbnail","6":"product_cat-hydro-tabs-no","7":"product_cat-hydro-tabs-no-2","8":"product_cat-kosttilskudd","9":"product_cat-merkevarer","10":"product_cat-ren-kraft","11":"product_tag-ren-kraft","13":"first","14":"instock","15":"sale","16":"taxable","17":"shipping-taxable","18":"purchasable","19":"product-type-simple"},"acf":[],"_links":{"self":[{"href":"https:\/\/fysiolab.dk\/no\/wp-json\/wp\/v2\/product\/96319","targetHints":{"allow":["GET"]}}],"collection":[{"href":"https:\/\/fysiolab.dk\/no\/wp-json\/wp\/v2\/product"}],"about":[{"href":"https:\/\/fysiolab.dk\/no\/wp-json\/wp\/v2\/types\/product"}],"replies":[{"embeddable":true,"href":"https:\/\/fysiolab.dk\/no\/wp-json\/wp\/v2\/comments?post=96319"}],"wp:featuredmedia":[{"embeddable":true,"href":"https:\/\/fysiolab.dk\/no\/wp-json\/wp\/v2\/media\/96318"}],"wp:attachment":[{"href":"https:\/\/fysiolab.dk\/no\/wp-json\/wp\/v2\/media?parent=96319"}],"wp:term":[{"taxonomy":"product_brand","embeddable":true,"href":"https:\/\/fysiolab.dk\/no\/wp-json\/wp\/v2\/product_brand?post=96319"},{"taxonomy":"product_cat","embeddable":true,"href":"https:\/\/fysiolab.dk\/no\/wp-json\/wp\/v2\/product_cat?post=96319"},{"taxonomy":"product_tag","embeddable":true,"href":"https:\/\/fysiolab.dk\/no\/wp-json\/wp\/v2\/product_tag?post=96319"}],"curies":[{"name":"wp","href":"https:\/\/api.w.org\/{rel}","templated":true}]}}