{"id":96360,"date":"2025-09-25T12:52:08","date_gmt":"2025-09-25T10:52:08","guid":{"rendered":"https:\/\/fysiolab.dk\/product\/anodyne-bh-svart\/"},"modified":"2025-12-18T09:20:17","modified_gmt":"2025-12-18T08:20:17","slug":"anodyne-bh-svart","status":"publish","type":"product","link":"https:\/\/fysiolab.dk\/no\/product\/anodyne-bh-svart\/","title":{"rendered":"Anodyne BH - svart"},"content":{"rendered":"<h3>F\u00e5 en bedre holdning med Anodyne BH<\/h3>\n<ul>\n<li>\u00d8ker holdningsbevisstheten din<\/li>\n<li>Kan brukes til hverdagsbruk, p\u00e5 jobb eller n\u00e5r du er aktiv<\/li>\n<li>Gir lett og behagelig st\u00f8tte - hele dagen!<\/li>\n<li>Sikrer individuell tilpasning<\/li>\n<\/ul>\n<div class=\"flex flex-grow flex-col max-w-full\">\n<div class=\"min-h-[20px] text-message flex flex-col items-start gap-3 whitespace-pre-wrap break-words [.text-message+&amp;]:mt-5 overflow-x-auto\" data-message-author-role=\"assistant\" data-message-id=\"c9a5615c-3a9b-4a3b-824e-682e4eeebd68\">\n<div class=\"markdown prose w-full break-words dark:prose-invert dark\">\n<p>Denne Anodyne-bh-en er designet med tanke p\u00e5 komfort, noe som gj\u00f8r den ideell for bruk hele dagen. Enten du er p\u00e5 kontoret, driver med sportsaktiviteter eller andre steder der du trenger ekstra st\u00f8tte og stabilisering, tilbyr denne BH-en en l\u00f8sning. <\/p>\n<p>Denne holdningskorrigerende BH-en er et verdifullt supplement for deg som opplever tilbakevendende ubehag i nakke, skuldre eller rygg, og gir merkbar lindring. Den er spesielt nyttig ved skrivebordsarbeid, st\u00e5ende arbeid eller under fysisk trening, der den bidrar til \u00e5 forbedre holdningen og redusere belastningen p\u00e5 kritiske omr\u00e5der. <\/p>\n<\/div>\n<\/div>\n<\/div>\n<h3>Gir st\u00f8tte gjennom hele dagen<\/h3>\n<div class=\"flex flex-grow flex-col max-w-full\">\n<div class=\"min-h-[20px] text-message flex flex-col items-start gap-3 whitespace-pre-wrap break-words [.text-message+&amp;]:mt-5 overflow-x-auto\" data-message-id=\"b67a7c03-3141-4c5d-af15-aebf19eef558\" data-message-author-role=\"assistant\">\n<div class=\"markdown prose w-full break-words dark:prose-invert dark\">\n<p>Sammenlignet med v\u00e5re skulderst\u00f8tter er Anodyne-bh-en overlegen i komfort, noe som gj\u00f8r den til den foretrukne l\u00f8sningen for de fleste n\u00e5r det gjelder st\u00f8tte og avlastning. Denne holdningskorrigerende BH-en er ideell for deg som er p\u00e5 utkikk etter en l\u00f8sning som kan brukes komfortabelt hele dagen. For de som trenger den ultimate st\u00f8tten for \u00e5 forbedre holdningen, lindre smerter eller redusere spenninger, anbefaler vi v\u00e5r unike og patenterte Posture Shirt, som er spesialdesignet for \u00e5 gi maksimal st\u00f8tte.  <\/p>\n<p>Materiale: Nylon, polyester og elastan.<\/p>\n<\/div>\n<p><img fetchpriority=\"high\" decoding=\"async\" class=\"alignnone size-medium wp-image-96378\" src=\"https:\/\/fysiolab.dk\/wp-content\/uploads\/2025\/09\/BH-opmaaling-243x300.jpg\" alt=\"\" width=\"243\" height=\"300\" title=\"\" srcset=\"https:\/\/fysiolab.dk\/wp-content\/uploads\/2025\/09\/BH-opmaaling-243x300.jpg 243w, https:\/\/fysiolab.dk\/wp-content\/uploads\/2025\/09\/BH-opmaaling.jpg 443w\" sizes=\"(max-width: 243px) 100vw, 243px\" \/><\/p>\n<\/div>\n<\/div>\n","protected":false},"excerpt":{"rendered":"<p>Ny holdningskorrigerende BH i pullover-versjon. Den perfekte BH-en for hverdagsbruk og trening, som gir lett st\u00f8tte og avlastning i nakke, rygg og skuldre. <\/p>\n","protected":false},"featured_media":96371,"comment_status":"closed","ping_status":"closed","template":"","meta":{"_acf_changed":false},"product_brand":[],"product_cat":[2461,2462,2463,1966,1937],"product_tag":[2464],"class_list":{"0":"post-96360","1":"product","2":"type-product","3":"status-publish","4":"has-post-thumbnail","6":"product_cat-anodyne-no","7":"product_cat-anodyne-no-2","8":"product_cat-holdningskorrigerende-klaer","9":"product_cat-klaer","10":"product_cat-merkevarer","11":"product_tag-anodyne-no","13":"first","14":"instock","15":"taxable","16":"shipping-taxable","17":"purchasable","18":"product-type-variable"},"acf":[],"_links":{"self":[{"href":"https:\/\/fysiolab.dk\/no\/wp-json\/wp\/v2\/product\/96360","targetHints":{"allow":["GET"]}}],"collection":[{"href":"https:\/\/fysiolab.dk\/no\/wp-json\/wp\/v2\/product"}],"about":[{"href":"https:\/\/fysiolab.dk\/no\/wp-json\/wp\/v2\/types\/product"}],"replies":[{"embeddable":true,"href":"https:\/\/fysiolab.dk\/no\/wp-json\/wp\/v2\/comments?post=96360"}],"wp:featuredmedia":[{"embeddable":true,"href":"https:\/\/fysiolab.dk\/no\/wp-json\/wp\/v2\/media\/96371"}],"wp:attachment":[{"href":"https:\/\/fysiolab.dk\/no\/wp-json\/wp\/v2\/media?parent=96360"}],"wp:term":[{"taxonomy":"product_brand","embeddable":true,"href":"https:\/\/fysiolab.dk\/no\/wp-json\/wp\/v2\/product_brand?post=96360"},{"taxonomy":"product_cat","embeddable":true,"href":"https:\/\/fysiolab.dk\/no\/wp-json\/wp\/v2\/product_cat?post=96360"},{"taxonomy":"product_tag","embeddable":true,"href":"https:\/\/fysiolab.dk\/no\/wp-json\/wp\/v2\/product_tag?post=96360"}],"curies":[{"name":"wp","href":"https:\/\/api.w.org\/{rel}","templated":true}]}}